{"id":3676,"date":"2017-12-04T22:35:44","date_gmt":"2017-12-05T00:35:44","guid":{"rendered":"http:\/\/mol.icb.usp.br\/?page_id=3676"},"modified":"2018-03-11T20:29:09","modified_gmt":"2018-03-11T23:29:09","slug":"8-14-tecido-muscular","status":"publish","type":"page","link":"https:\/\/mol.icb.usp.br\/index.php\/8-14-tecido-muscular\/","title":{"rendered":"8-14 Tecido muscular"},"content":{"rendered":"<div class=\"su-row\">\n  <div class=\"su-column su-column-size-1-1\"><div class=\"su-column-inner su-u-clearfix su-u-trim\"> <strong>TECIDO MUSCULAR LISO \u2013 5<\/strong> <\/div><\/div>\n<\/div>\n<div class=\"su-row\">\n  <div class=\"su-column su-column-size-1-2\"><div class=\"su-column-inner su-u-clearfix su-u-trim\"> <strong>Distin\u00e7\u00e3o entre tecido conjuntivo e tecido muscular liso<\/strong><\/p>\n<p>Imagens de feixes de tecido muscular liso seccionados longitudinalmente podem ser confundidas com imagens de tecido conjuntivo denso modelado ou de tecido conjuntivo denso n\u00e3o modelado em cortes corados por hematoxilina e eosina.<br \/>\nEsta p\u00e1gina tem como objetivo mostrar novamente o tecido conjuntivo (imagem inferior) e auxiliar no seu diagn\u00f3stico diferencial com m\u00fasculo liso (imagem superior).<\/p>\n<p>Os n\u00facleos vistos em ambas imagens s\u00e3o aparentemente semelhantes. A principal diferen\u00e7a reside na posi\u00e7\u00e3o dos n\u00facleos das c\u00e9lulas nos dois tecidos.<br \/>\nNa imagem inferior observe fibras tortuosas, algumas paralelas entre si, outras n\u00e3o. S\u00e3o fibras col\u00e1genas do tecido conjuntivo.<br \/>\nNenhuma possui n\u00facleo, pois n\u00e3o s\u00e3o c\u00e9lulas, s\u00e3o fibras constitu\u00eddas de mol\u00e9culas. Os n\u00facleos que se observam (ressaltados em verde) est\u00e3o ao lado das fibras. S\u00e3o n\u00facleos de fibroblastos cujo citoplasma \u00e9 muito delgado e frequentemente n\u00e3o pode ser observado. <\/p>\n<p>Os n\u00facleos das fibras musculares t\u00eam cromatina frouxa, s\u00e3o menos corados e t\u00eam forma de charutos. Est\u00e3o sempre no interior das fibras.<br \/>\nOs n\u00facleos dos fibroblastos t\u00eam cromatina densa ou frouxa (mais escuros ou mais claros) e suas extremidades s\u00e3o geralmente afiladas. <\/p>\n<\/div><\/div>\n  <div class=\"su-column su-column-size-1-2\"><div class=\"su-column-inner su-u-clearfix su-u-trim\">\n<img decoding=\"async\" src=\"http:\/\/mol.icb.usp.br\/wp-content\/uploads\/8-14-A.jpg\"\/><\/a><\/p>\n<p>M\u00fasculo liso. Colora\u00e7\u00e3o: HE. Aumento: pequeno.<\/p>\n<div onclick>\n<div class=\"image-container\">\n<div class=\"extra\">\n<a href=\"javascript:void(0)\"><img decoding=\"async\" src=\" http:\/\/mol.icb.usp.br\/wp-content\/uploads\/8-14-B.jpg \" onmouseover=\"this.src=' http:\/\/mol.icb.usp.br\/wp-content\/uploads\/8-14-B-MO.jpg'\" onmouseout=\"this.src=' http:\/\/mol.icb.usp.br\/wp-content\/uploads\/8-14-B.jpg'\" \/><\/a><\/div>\n<p>Tecido conjuntivo denso n\u00e3o modelado. Colora\u00e7\u00e3o: HE. Aumento: m\u00e9dio.<\/p>\n<p><img decoding=\"async\" src=\"http:\/\/mol.icb.usp.br\/wp-content\/uploads\/mouse-1.gif\"\/><\/a><\/p>\n<p style=\"font-size:20px\"><strong>FIM DO M\u00d3DULO <em>8 TECIDO MUSCULAR<\/em><\/strong> <\/p>\n<p><strong>NAVEGA\u00c7\u00c3O NO MOL:<\/strong><\/p>\n<p><a href=\"http:\/\/mol.icb.usp.br\/index.php\/8-13-tecido-muscular\/\">ACESSAR P\u00c1GINA ANTERIOR<\/a><\/p>\n<\/div>\n<\/div>\n<\/div>\n<p><\/body><br \/>\n<\/html> <\/div><\/div>\n<\/div>\n","protected":false},"excerpt":{"rendered":"","protected":false},"author":2,"featured_media":0,"parent":0,"menu_order":0,"comment_status":"closed","ping_status":"closed","template":"","meta":{"_monsterinsights_skip_tracking":false,"_monsterinsights_sitenote_active":false,"_monsterinsights_sitenote_note":"","_monsterinsights_sitenote_category":0,"footnotes":""},"class_list":["post-3676","page","type-page","status-publish","hentry"],"_links":{"self":[{"href":"https:\/\/mol.icb.usp.br\/index.php\/wp-json\/wp\/v2\/pages\/3676"}],"collection":[{"href":"https:\/\/mol.icb.usp.br\/index.php\/wp-json\/wp\/v2\/pages"}],"about":[{"href":"https:\/\/mol.icb.usp.br\/index.php\/wp-json\/wp\/v2\/types\/page"}],"author":[{"embeddable":true,"href":"https:\/\/mol.icb.usp.br\/index.php\/wp-json\/wp\/v2\/users\/2"}],"replies":[{"embeddable":true,"href":"https:\/\/mol.icb.usp.br\/index.php\/wp-json\/wp\/v2\/comments?post=3676"}],"version-history":[{"count":5,"href":"https:\/\/mol.icb.usp.br\/index.php\/wp-json\/wp\/v2\/pages\/3676\/revisions"}],"predecessor-version":[{"id":5943,"href":"https:\/\/mol.icb.usp.br\/index.php\/wp-json\/wp\/v2\/pages\/3676\/revisions\/5943"}],"wp:attachment":[{"href":"https:\/\/mol.icb.usp.br\/index.php\/wp-json\/wp\/v2\/media?parent=3676"}],"curies":[{"name":"wp","href":"https:\/\/api.w.org\/{rel}","templated":true}]}}