{"id":366,"date":"2017-05-15T16:38:14","date_gmt":"2017-05-15T19:38:14","guid":{"rendered":"http:\/\/mol.icb.usp.br\/?page_id=366"},"modified":"2025-07-18T17:10:01","modified_gmt":"2025-07-18T20:10:01","slug":"1-16-conceitos-basicos","status":"publish","type":"page","link":"https:\/\/mol.icb.usp.br\/index.php\/1-16-conceitos-basicos\/","title":{"rendered":"1-16 Conceitos b\u00e1sicos"},"content":{"rendered":"<div class=\"su-row\">\n<div class=\"su-column su-column-size-1-1\"><div class=\"su-column-inner su-u-clearfix su-u-trim\"> RACIOCINANDO EM 3-DIMENS\u00d5ES &#8211; 4 <\/div><\/div>\n<\/div>\n<div class=\"su-row\">\n<div class=\"su-column su-column-size-1-2\"><div class=\"su-column-inner su-u-clearfix su-u-trim\">\nQuando s\u00e3o feitos os cortes histol\u00f3gicos, na maioria dos casos as estruturas s\u00e3o seccionadas ao acaso. \u00c9 enorme o n\u00famero poss\u00edvel de incid\u00eancias de cortes e, consequentemente, as fatias e imagens que se poderiam obter de um objeto.<br \/>\nUm tubo oco de trajeto irregular pode ser cortado de muitas maneiras. Veja na imagem ao lado algumas destas maneiras e tente imaginar outras.<\/p>\n<\/div><\/div>\n<div class=\"su-column su-column-size-1-2\"><div class=\"su-column-inner su-u-clearfix su-u-trim\">\n<p><img decoding=\"async\" src=\" http:\/\/mol.icb.usp.br\/wp-content\/uploads\/1-16.gif \" \/><\/p>\n<p><strong>NAVEGA\u00c7\u00c3O NO MOL:<\/strong><\/p>\n<p><a href=\"http:\/\/mol.icb.usp.br\/index.php\/1-15-conceitos-basicos\/\">ACESSAR P\u00c1GINA ANTERIOR<\/a><\/p>\n<p><a href=\"http:\/\/mol.icb.usp.br\/index.php\/1-17-conceitos-basicos\/\">ACESSAR P\u00c1GINA SEGUINTE<\/a><br \/>\n<\/div><\/div>\n<\/div>\n","protected":false},"excerpt":{"rendered":"","protected":false},"author":2,"featured_media":0,"parent":0,"menu_order":0,"comment_status":"closed","ping_status":"closed","template":"","meta":{"_monsterinsights_skip_tracking":false,"_monsterinsights_sitenote_active":false,"_monsterinsights_sitenote_note":"","_monsterinsights_sitenote_category":0,"footnotes":""},"class_list":["post-366","page","type-page","status-publish","hentry"],"_links":{"self":[{"href":"https:\/\/mol.icb.usp.br\/index.php\/wp-json\/wp\/v2\/pages\/366"}],"collection":[{"href":"https:\/\/mol.icb.usp.br\/index.php\/wp-json\/wp\/v2\/pages"}],"about":[{"href":"https:\/\/mol.icb.usp.br\/index.php\/wp-json\/wp\/v2\/types\/page"}],"author":[{"embeddable":true,"href":"https:\/\/mol.icb.usp.br\/index.php\/wp-json\/wp\/v2\/users\/2"}],"replies":[{"embeddable":true,"href":"https:\/\/mol.icb.usp.br\/index.php\/wp-json\/wp\/v2\/comments?post=366"}],"version-history":[{"count":6,"href":"https:\/\/mol.icb.usp.br\/index.php\/wp-json\/wp\/v2\/pages\/366\/revisions"}],"predecessor-version":[{"id":10449,"href":"https:\/\/mol.icb.usp.br\/index.php\/wp-json\/wp\/v2\/pages\/366\/revisions\/10449"}],"wp:attachment":[{"href":"https:\/\/mol.icb.usp.br\/index.php\/wp-json\/wp\/v2\/media?parent=366"}],"curies":[{"name":"wp","href":"https:\/\/api.w.org\/{rel}","templated":true}]}}