{"id":3657,"date":"2017-12-04T22:17:49","date_gmt":"2017-12-05T00:17:49","guid":{"rendered":"http:\/\/mol.icb.usp.br\/?page_id=3657"},"modified":"2017-12-04T22:28:16","modified_gmt":"2017-12-05T00:28:16","slug":"8-11-tecido-muscular","status":"publish","type":"page","link":"https:\/\/mol.icb.usp.br\/index.php\/8-11-tecido-muscular\/","title":{"rendered":"8-11 Tecido muscular"},"content":{"rendered":"<div class=\"su-row\">\n  <div class=\"su-column su-column-size-1-1\"><div class=\"su-column-inner su-u-clearfix su-u-trim\"> <strong>TECIDO MUSCULAR LISO \u2013 2<\/strong> <\/div><\/div>\n<\/div>\n<div class=\"su-row\">\n  <div class=\"su-column su-column-size-1-2\"><div class=\"su-column-inner su-u-clearfix su-u-trim\"> As imagens s\u00e3o de feixes de fibras musculares lisas. A imagem superior em corte longitudinal e a inferior em corte transversal das fibras.<br \/>\nObserve a posi\u00e7\u00e3o central das fibras na imagem inferior. Lembre-se que, devido ao corte, muitas fibras s\u00e3o vistas sem n\u00facleo.<\/p>\n<\/div><\/div>\n  <div class=\"su-column su-column-size-1-2\"><div class=\"su-column-inner su-u-clearfix su-u-trim\"> <\/p>\n<p><img decoding=\"async\" src=\"http:\/\/mol.icb.usp.br\/wp-content\/uploads\/8-11-A.jpg\"\/><\/a><\/p>\n<p>M\u00fasculo liso. Colora\u00e7\u00e3o: HE. Aumento: m\u00e9dio.<\/p>\n<p><img decoding=\"async\" src=\"http:\/\/mol.icb.usp.br\/wp-content\/uploads\/8-11-B.jpg\"\/><\/a><\/p>\n<p>M\u00fasculo liso. Colora\u00e7\u00e3o: HE. Aumento: m\u00e9dio.<\/p>\n<p><strong>NAVEGA\u00c7\u00c3O NO MOL:<\/strong><\/p>\n<p><a href=\"http:\/\/mol.icb.usp.br\/index.php\/8-10-tecido-muscular\/\">ACESSAR P\u00c1GINA ANTERIOR<\/a><\/p>\n<p><a href=\"http:\/\/mol.icb.usp.br\/index.php\/8-12-tecido-muscular\/\">ACESSAR P\u00c1GINA SEGUINTE<\/a>\n<\/div>\n<\/div>\n<\/div>\n<p><\/body><br \/>\n<\/html> <\/div><\/div>\n<\/div>\n","protected":false},"excerpt":{"rendered":"","protected":false},"author":2,"featured_media":0,"parent":0,"menu_order":0,"comment_status":"closed","ping_status":"closed","template":"","meta":{"_monsterinsights_skip_tracking":false,"_monsterinsights_sitenote_active":false,"_monsterinsights_sitenote_note":"","_monsterinsights_sitenote_category":0,"footnotes":""},"class_list":["post-3657","page","type-page","status-publish","hentry"],"_links":{"self":[{"href":"https:\/\/mol.icb.usp.br\/index.php\/wp-json\/wp\/v2\/pages\/3657"}],"collection":[{"href":"https:\/\/mol.icb.usp.br\/index.php\/wp-json\/wp\/v2\/pages"}],"about":[{"href":"https:\/\/mol.icb.usp.br\/index.php\/wp-json\/wp\/v2\/types\/page"}],"author":[{"embeddable":true,"href":"https:\/\/mol.icb.usp.br\/index.php\/wp-json\/wp\/v2\/users\/2"}],"replies":[{"embeddable":true,"href":"https:\/\/mol.icb.usp.br\/index.php\/wp-json\/wp\/v2\/comments?post=3657"}],"version-history":[{"count":6,"href":"https:\/\/mol.icb.usp.br\/index.php\/wp-json\/wp\/v2\/pages\/3657\/revisions"}],"predecessor-version":[{"id":10502,"href":"https:\/\/mol.icb.usp.br\/index.php\/wp-json\/wp\/v2\/pages\/3657\/revisions\/10502"}],"wp:attachment":[{"href":"https:\/\/mol.icb.usp.br\/index.php\/wp-json\/wp\/v2\/media?parent=3657"}],"curies":[{"name":"wp","href":"https:\/\/api.w.org\/{rel}","templated":true}]}}