{"id":3653,"date":"2017-12-04T22:13:03","date_gmt":"2017-12-05T00:13:03","guid":{"rendered":"http:\/\/mol.icb.usp.br\/?page_id=3653"},"modified":"2025-07-16T18:06:32","modified_gmt":"2025-07-16T21:06:32","slug":"8-10-tecido-muscular","status":"publish","type":"page","link":"https:\/\/mol.icb.usp.br\/index.php\/8-10-tecido-muscular\/","title":{"rendered":"8-10 Tecido muscular"},"content":{"rendered":"<div class=\"su-row\">\n  <div class=\"su-column su-column-size-1-1\"><div class=\"su-column-inner su-u-clearfix su-u-trim\"> <strong>TECIDO MUSCULAR LISO \u2013 1<\/strong> <\/div><\/div>\n<\/div>\n<div class=\"su-row\">\n  <div class=\"su-column su-column-size-1-2\"><div class=\"su-column-inner su-u-clearfix su-u-trim\"> As fibras musculares lisas, diferentemente dos outros tipos de c\u00e9lulas musculares s\u00e3o <strong>fusiformes<\/strong>; suas extremidades s\u00e3o mais delgadas que o seu centro.<br \/>\nA forma das c\u00e9lulas pode ser bem observada na imagem do corte histol\u00f3gico, que \u00e9 de fibras musculares lisas seccionadas longitudinalmente. Trata-se de um delgado feixe de m\u00fasculo liso, cujas fibras est\u00e3o separadas entre si, o que facilita a sua observa\u00e7\u00e3o.<br \/>\nAlgumas fibras ficam ressaltadas ap\u00f3s colocar o cursor ou clicar sobre a imagem. O citoplasma destas fibras fica ressaltado em vermelho e seus n\u00facleos em azul.<br \/>\nNote no esquema que os n\u00facleos ocupam uma posi\u00e7\u00e3o central na c\u00e9lula, na regi\u00e3o em que o citoplasma \u00e9 mais espesso. Por esta raz\u00e3o, muitas fibras seccionadas transversalmente parecem n\u00e3o possuir n\u00facleo. Isto se deve ao fato de os cortes serem feitos aleatoriamente e frequentemente n\u00e3o passam pela regi\u00e3o nuclear das c\u00e9lulas.<\/p>\n<\/div><\/div>\n  <div class=\"su-column su-column-size-1-2\"><div class=\"su-column-inner su-u-clearfix su-u-trim\">\n<img decoding=\"async\" src=\"http:\/\/mol.icb.usp.br\/wp-content\/uploads\/8-10-A.jpg\"\/><\/a><br \/>\nCorte longitudinal<\/p>\n<p><img decoding=\"async\" src=\"http:\/\/mol.icb.usp.br\/wp-content\/uploads\/8-10-B.jpg\"\/><\/a><br \/>\nCorte transversal<\/p>\n<div onclick>\n<div class=\"image-container\">\n<div class=\"extra\">\n<a href=\"javascript:void(0)\"><img decoding=\"async\" src=\" http:\/\/mol.icb.usp.br\/wp-content\/uploads\/8-10-C.jpg \" onmouseover=\"this.src=' http:\/\/mol.icb.usp.br\/wp-content\/uploads\/8-10-C-MO.jpg'\" onmouseout=\"this.src=' http:\/\/mol.icb.usp.br\/wp-content\/uploads\/8-10-C.jpg'\" \/><\/a><\/div>\n<p>Esta imagem mostra fibras de tecido muscular liso em sec\u00e7\u00e3o longitudinal. Colora\u00e7\u00e3o: HE. Aumento: pequeno.<\/p>\n<p><img decoding=\"async\" src=\"http:\/\/mol.icb.usp.br\/wp-content\/uploads\/mouse-1.gif\"\/><\/a><\/p>\n<p><strong>NAVEGA\u00c7\u00c3O NO MOL:<\/strong><\/p>\n<p><a href=\"http:\/\/mol.icb.usp.br\/index.php\/8-9-tecido-muscular\/\">ACESSAR P\u00c1GINA ANTERIOR<\/a><\/p>\n<p><a href=\"http:\/\/mol.icb.usp.br\/index.php\/8-11-tecido-muscular\/\">ACESSAR P\u00c1GINA SEGUINTE<\/a>\n<\/div>\n<\/div>\n<\/div>\n<p><\/body><br \/>\n<\/html> <\/div><\/div>\n<\/div>\n","protected":false},"excerpt":{"rendered":"","protected":false},"author":2,"featured_media":0,"parent":0,"menu_order":0,"comment_status":"closed","ping_status":"closed","template":"","meta":{"_monsterinsights_skip_tracking":false,"_monsterinsights_sitenote_active":false,"_monsterinsights_sitenote_note":"","_monsterinsights_sitenote_category":0,"footnotes":""},"class_list":["post-3653","page","type-page","status-publish","hentry"],"_links":{"self":[{"href":"https:\/\/mol.icb.usp.br\/index.php\/wp-json\/wp\/v2\/pages\/3653"}],"collection":[{"href":"https:\/\/mol.icb.usp.br\/index.php\/wp-json\/wp\/v2\/pages"}],"about":[{"href":"https:\/\/mol.icb.usp.br\/index.php\/wp-json\/wp\/v2\/types\/page"}],"author":[{"embeddable":true,"href":"https:\/\/mol.icb.usp.br\/index.php\/wp-json\/wp\/v2\/users\/2"}],"replies":[{"embeddable":true,"href":"https:\/\/mol.icb.usp.br\/index.php\/wp-json\/wp\/v2\/comments?post=3653"}],"version-history":[{"count":6,"href":"https:\/\/mol.icb.usp.br\/index.php\/wp-json\/wp\/v2\/pages\/3653\/revisions"}],"predecessor-version":[{"id":10357,"href":"https:\/\/mol.icb.usp.br\/index.php\/wp-json\/wp\/v2\/pages\/3653\/revisions\/10357"}],"wp:attachment":[{"href":"https:\/\/mol.icb.usp.br\/index.php\/wp-json\/wp\/v2\/media?parent=3653"}],"curies":[{"name":"wp","href":"https:\/\/api.w.org\/{rel}","templated":true}]}}