{"id":3649,"date":"2017-12-04T22:05:53","date_gmt":"2017-12-05T00:05:53","guid":{"rendered":"http:\/\/mol.icb.usp.br\/?page_id=3649"},"modified":"2018-03-11T19:09:49","modified_gmt":"2018-03-11T22:09:49","slug":"8-9-tecido-muscular","status":"publish","type":"page","link":"https:\/\/mol.icb.usp.br\/index.php\/8-9-tecido-muscular\/","title":{"rendered":"8-9 Tecido muscular"},"content":{"rendered":"<div class=\"su-row\">\n  <div class=\"su-column su-column-size-1-1\"><div class=\"su-column-inner su-u-clearfix su-u-trim\"> <strong>TECIDO MUSCULAR ESTRIADO CARD\u00cdACO \u2013 3<\/strong> <\/div><\/div>\n<\/div>\n<div class=\"su-row\">\n  <div class=\"su-column su-column-size-1-2\"><div class=\"su-column-inner su-u-clearfix su-u-trim\"> <strong>Discos intercalares <\/strong><\/p>\n<p>Os discos intercalares s\u00e3o vistos como barras que atravessam transversalmente as fibras musculares card\u00edacas. S\u00e3o formadas por longos complexos juncionais e delimitam as extremidades de cada fibra muscular card\u00edaca.<br \/>\nEstas estruturas ficam melhor evidenciadas com v\u00e1rias colora\u00e7\u00f5es, por exemplo hematoxilina f\u00e9rrica e hematoxilina fosfot\u00fangstica (que foi usada para preparar o corte cuja imagem \u00e9 vista nesta p\u00e1gina).<br \/>\nA imagem mostra fibras musculares card\u00edacas seccionadas longitudinalmente.<br \/>\nNa imagem se observa a <strong>estria\u00e7\u00e3o transversal (bandas) <\/strong>das fibras card\u00edacas, semelhante \u00e0 das fibras musculares esquel\u00e9ticas.<br \/>\nAl\u00e9m disso, h\u00e1 tra\u00e7os escuros, mais espessos e de tamanhos variados, dispostos transversalmente \u00e0s fibras. S\u00e3o os <strong>discos intercalares<\/strong> e aparecem ressaltados em branco.<br \/>\nOs discos intercalares n\u00e3o podem ser vistos em cortes transversais das fibras.<\/p>\n<\/div><\/div>\n  <div class=\"su-column su-column-size-1-2\"><div class=\"su-column-inner su-u-clearfix su-u-trim\"> <\/p>\n<div onclick>\n<div class=\"image-container\">\n<div class=\"extra\">\n<a href=\"javascript:void(0)\"><img decoding=\"async\" src=\" http:\/\/mol.icb.usp.br\/wp-content\/uploads\/8-9.jpg \" onmouseover=\"this.src=' http:\/\/mol.icb.usp.br\/wp-content\/uploads\/8-9-MO.jpg'\" onmouseout=\"this.src=' http:\/\/mol.icb.usp.br\/wp-content\/uploads\/8-9.jpg'\" \/><\/a><\/div>\n<p>M\u00fasculo card\u00edaco. Colora\u00e7\u00e3o: hematoxilina fosfot\u00fangstica. Aumento: m\u00e9dio.<\/p>\n<p><img decoding=\"async\" src=\"http:\/\/mol.icb.usp.br\/wp-content\/uploads\/mouse-1.gif\"\/><\/a><\/p>\n<p><strong>NAVEGA\u00c7\u00c3O NO MOL:<\/strong><\/p>\n<p><a href=\"http:\/\/mol.icb.usp.br\/index.php\/8-8-tecido-muscular\/\">ACESSAR P\u00c1GINA ANTERIOR<\/a><\/p>\n<p><a href=\"http:\/\/mol.icb.usp.br\/index.php\/8-10-tecido-muscular\/\">ACESSAR P\u00c1GINA SEGUINTE<\/a>\n<\/div>\n<\/div>\n<\/div>\n<p><\/body><br \/>\n<\/html> <\/div><\/div>\n<\/div>\n","protected":false},"excerpt":{"rendered":"","protected":false},"author":2,"featured_media":0,"parent":0,"menu_order":0,"comment_status":"closed","ping_status":"closed","template":"","meta":{"_monsterinsights_skip_tracking":false,"_monsterinsights_sitenote_active":false,"_monsterinsights_sitenote_note":"","_monsterinsights_sitenote_category":0,"footnotes":""},"class_list":["post-3649","page","type-page","status-publish","hentry"],"_links":{"self":[{"href":"https:\/\/mol.icb.usp.br\/index.php\/wp-json\/wp\/v2\/pages\/3649"}],"collection":[{"href":"https:\/\/mol.icb.usp.br\/index.php\/wp-json\/wp\/v2\/pages"}],"about":[{"href":"https:\/\/mol.icb.usp.br\/index.php\/wp-json\/wp\/v2\/types\/page"}],"author":[{"embeddable":true,"href":"https:\/\/mol.icb.usp.br\/index.php\/wp-json\/wp\/v2\/users\/2"}],"replies":[{"embeddable":true,"href":"https:\/\/mol.icb.usp.br\/index.php\/wp-json\/wp\/v2\/comments?post=3649"}],"version-history":[{"count":5,"href":"https:\/\/mol.icb.usp.br\/index.php\/wp-json\/wp\/v2\/pages\/3649\/revisions"}],"predecessor-version":[{"id":5940,"href":"https:\/\/mol.icb.usp.br\/index.php\/wp-json\/wp\/v2\/pages\/3649\/revisions\/5940"}],"wp:attachment":[{"href":"https:\/\/mol.icb.usp.br\/index.php\/wp-json\/wp\/v2\/media?parent=3649"}],"curies":[{"name":"wp","href":"https:\/\/api.w.org\/{rel}","templated":true}]}}