{"id":3644,"date":"2017-12-04T22:00:45","date_gmt":"2017-12-05T00:00:45","guid":{"rendered":"http:\/\/mol.icb.usp.br\/?page_id=3644"},"modified":"2018-03-11T19:07:58","modified_gmt":"2018-03-11T22:07:58","slug":"8-8-tecido-muscular","status":"publish","type":"page","link":"https:\/\/mol.icb.usp.br\/index.php\/8-8-tecido-muscular\/","title":{"rendered":"8-8 Tecido muscular"},"content":{"rendered":"<div class=\"su-row\">\n  <div class=\"su-column su-column-size-1-1\"><div class=\"su-column-inner su-u-clearfix su-u-trim\"> <strong>TECIDO MUSCULAR ESTRIADO CARD\u00cdACO &#8211; 2<\/strong> <\/div><\/div>\n<\/div>\n<div class=\"su-row\">\n  <div class=\"su-column su-column-size-1-2\"><div class=\"su-column-inner su-u-clearfix su-u-trim\"> A figura superior \u00e9 de fibras musculares card\u00edacas seccionadas longitudinalmente e a figura inferior de fibras seccionadas transversalmente.<br \/>\nAs principais caracter\u00edsticas histol\u00f3gicas das fibras musculares card\u00edacas podem ser observadas nestas duas figuras:<br \/>\n&#8211; Fibras organizadas em feixes<br \/>\n&#8211; N\u00facleos em posi\u00e7\u00e3o central nas c\u00e9lulas \u2013 ressaltados em verde ap\u00f3s usar clicar ou usar o mouse. A posi\u00e7\u00e3o dos n\u00facleos pode ser melhor observada nos cortes transversais das fibras.<br \/>\n&#8211; Discos intercalares, transversais \u00e0s fibras, mas pouco corados ap\u00f3s colora\u00e7\u00e3o por hematoxilina e eosina. Alguns se tornam destacados em verde claro.<\/p>\n<\/div><\/div>\n  <div class=\"su-column su-column-size-1-2\"><div class=\"su-column-inner su-u-clearfix su-u-trim\"> <\/p>\n<div onclick>\n<div class=\"image-container\">\n<div class=\"extra\">\n<a href=\"javascript:void(0)\"><img decoding=\"async\" src=\" http:\/\/mol.icb.usp.br\/wp-content\/uploads\/8-8-A.jpg \" onmouseover=\"this.src=' http:\/\/mol.icb.usp.br\/wp-content\/uploads\/8-8-A-MO.jpg'\" onmouseout=\"this.src=' http:\/\/mol.icb.usp.br\/wp-content\/uploads\/8-8-A.jpg'\" \/><\/a><\/div>\n<p>M\u00fasculo card\u00edaco. Colora\u00e7\u00e3o: hematoxilina e eosina. Aumento: m\u00e9dio.<\/p>\n<p><img decoding=\"async\" src=\"http:\/\/mol.icb.usp.br\/wp-content\/uploads\/mouse-1.gif\"\/><\/a><\/p>\n<div class=\"extra\">\n<a href=\"javascript:void(0)\"><img decoding=\"async\" src=\" http:\/\/mol.icb.usp.br\/wp-content\/uploads\/8-8-B.jpg \" onmouseover=\"this.src=' http:\/\/mol.icb.usp.br\/wp-content\/uploads\/8-8-B-MO.jpg'\" onmouseout=\"this.src=' http:\/\/mol.icb.usp.br\/wp-content\/uploads\/8-8-B.jpg'\" \/><\/a><\/div>\n<p>M\u00fasculo card\u00edaco. Colora\u00e7\u00e3o: hematoxilina e eosina. Aumento: m\u00e9dio.<\/p>\n<p><img decoding=\"async\" src=\"http:\/\/mol.icb.usp.br\/wp-content\/uploads\/mouse-1.gif\"\/><\/a><\/p>\n<div onclick=\"\"><strong>Tablets e telefones celulares:<\/strong><br \/>\nClique sobre a figura para acessar outra imagem. Clique fora da figura para voltar \u00e0 primeira imagem.<\/p>\n<p>Para navegar no MOL, use os links ACESSAR P\u00c1GINA ANTERIOR e ACESSAR P\u00c1GINA SEGUINTE situados abaixo da figura.<\/p>\n<p><strong>NAVEGA\u00c7\u00c3O NO MOL:<\/strong><\/p>\n<p><a href=\"http:\/\/mol.icb.usp.br\/index.php\/8-7-tecido-muscular\/\">ACESSAR P\u00c1GINA ANTERIOR<\/a><\/p>\n<p><a href=\"http:\/\/mol.icb.usp.br\/index.php\/8-9-tecido-muscular\/\">ACESSAR P\u00c1GINA SEGUINTE<\/a>\n<\/div>\n<\/div>\n<\/div>\n<p><\/body><br \/>\n<\/html> <\/div><\/div>\n<\/div>\n","protected":false},"excerpt":{"rendered":"","protected":false},"author":2,"featured_media":0,"parent":0,"menu_order":0,"comment_status":"closed","ping_status":"closed","template":"","meta":{"_monsterinsights_skip_tracking":false,"_monsterinsights_sitenote_active":false,"_monsterinsights_sitenote_note":"","_monsterinsights_sitenote_category":0,"footnotes":""},"class_list":["post-3644","page","type-page","status-publish","hentry"],"_links":{"self":[{"href":"https:\/\/mol.icb.usp.br\/index.php\/wp-json\/wp\/v2\/pages\/3644"}],"collection":[{"href":"https:\/\/mol.icb.usp.br\/index.php\/wp-json\/wp\/v2\/pages"}],"about":[{"href":"https:\/\/mol.icb.usp.br\/index.php\/wp-json\/wp\/v2\/types\/page"}],"author":[{"embeddable":true,"href":"https:\/\/mol.icb.usp.br\/index.php\/wp-json\/wp\/v2\/users\/2"}],"replies":[{"embeddable":true,"href":"https:\/\/mol.icb.usp.br\/index.php\/wp-json\/wp\/v2\/comments?post=3644"}],"version-history":[{"count":5,"href":"https:\/\/mol.icb.usp.br\/index.php\/wp-json\/wp\/v2\/pages\/3644\/revisions"}],"predecessor-version":[{"id":5936,"href":"https:\/\/mol.icb.usp.br\/index.php\/wp-json\/wp\/v2\/pages\/3644\/revisions\/5936"}],"wp:attachment":[{"href":"https:\/\/mol.icb.usp.br\/index.php\/wp-json\/wp\/v2\/media?parent=3644"}],"curies":[{"name":"wp","href":"https:\/\/api.w.org\/{rel}","templated":true}]}}