{"id":3627,"date":"2017-12-04T21:39:09","date_gmt":"2017-12-04T23:39:09","guid":{"rendered":"http:\/\/mol.icb.usp.br\/?page_id=3627"},"modified":"2018-03-11T18:57:49","modified_gmt":"2018-03-11T21:57:49","slug":"8-6-tecido-muscular","status":"publish","type":"page","link":"https:\/\/mol.icb.usp.br\/index.php\/8-6-tecido-muscular\/","title":{"rendered":"8-6 Tecido muscular"},"content":{"rendered":"<div class=\"su-row\">\n  <div class=\"su-column su-column-size-1-1\"><div class=\"su-column-inner su-u-clearfix su-u-trim\"> <strong>TECIDO MUSCULAR ESTRIADO ESQUEL\u00c9TICO \u2013 4<\/strong> <\/div><\/div>\n<\/div>\n<div class=\"su-row\">\n  <div class=\"su-column su-column-size-1-2\"><div class=\"su-column-inner su-u-clearfix su-u-trim\"> <strong>Organiza\u00e7\u00e3o histol\u00f3gica dos m\u00fasculos esquel\u00e9ticos<\/strong><\/p>\n<p>As fibras musculares esquel\u00e9ticas quase sempre se organizam em feixes de complexidade crescente, conforme as dimens\u00f5es do m\u00fasculo.<\/p>\n<p>H\u00e1 uma pequena quantidade de tecido conjuntivo frouxo entre as fibras musculares. Este tecido conjuntivo \u00e9 importante pois cont\u00e9m os vasos sangu\u00edneos, vasos linf\u00e1ticos e os nervos destinados nutrir e inervar as fibras. Este tecido se denomina <strong>endom\u00edsio<\/strong> (em vermelho no desenho e ressaltado na mesma cor na imagem do corte histol\u00f3gico).<br \/>\nH\u00e1 tecido conjuntivo denso em quantidade maior que a do tipo anterior, que re\u00fane fibras musculares esquel\u00e9ticas em grupos denominados fasc\u00edculos. Sua denomina\u00e7\u00e3o \u00e9 <strong>perim\u00edsio<\/strong> (em verde no desenho e ressaltado no corte).<br \/>\nO m\u00fasculo como um todo \u00e9 envolvido por uma capa de tecido conjuntivo denso modelado denominada <strong>epim\u00edsio<\/strong>. Esta capa envolve todos os fasc\u00edculos do m\u00fasculo (em rosa no desenho).<\/p>\n<p>A imagem inferior \u00e9 de um corte transversal de m\u00fasculo esquel\u00e9tico corado por um corante tricr\u00f4mico, o qual \u00e9 muito \u00fatil para diferenciar e evidenciar o tecido conjuntivo (perim\u00edsio em verde, endom\u00edsio em vermelho).<\/p>\n<\/div><\/div>\n  <div class=\"su-column su-column-size-1-2\"><div class=\"su-column-inner su-u-clearfix su-u-trim\">\n<img decoding=\"async\" src=\"http:\/\/mol.icb.usp.br\/wp-content\/uploads\/8-6-A.jpg\"\/><\/a><\/p>\n<div onclick>\n<div class=\"image-container\">\n<div class=\"extra\">\n<a href=\"javascript:void(0)\"><img decoding=\"async\" src=\" http:\/\/mol.icb.usp.br\/wp-content\/uploads\/8-6-B.jpg \" onmouseover=\"this.src=' http:\/\/mol.icb.usp.br\/wp-content\/uploads\/8-6-B-MO.jpg'\" onmouseout=\"this.src=' http:\/\/mol.icb.usp.br\/wp-content\/uploads\/8-6-B.jpg'\" \/><\/a><\/div>\n<p>M\u00fasculo esquel\u00e9tico. Colora\u00e7\u00e3o: tricr\u00f4mico de Masson. Aumento: pequeno.<\/p>\n<p><img decoding=\"async\" src=\"http:\/\/mol.icb.usp.br\/wp-content\/uploads\/mouse-1.gif\"\/><\/a><\/p>\n<p><strong>NAVEGA\u00c7\u00c3O NO MOL:<\/strong><\/p>\n<p><a href=\"http:\/\/mol.icb.usp.br\/index.php\/8-5-tecido-muscular\/\">ACESSAR P\u00c1GINA ANTERIOR<\/a><\/p>\n<p><a href=\"http:\/\/mol.icb.usp.br\/index.php\/8-7-tecido-muscular\/\">ACESSAR P\u00c1GINA SEGUINTE<\/a>\n<\/div>\n<\/div>\n<\/div>\n<p><\/body><br \/>\n<\/html> <\/div><\/div>\n<\/div>\n","protected":false},"excerpt":{"rendered":"","protected":false},"author":2,"featured_media":0,"parent":0,"menu_order":0,"comment_status":"closed","ping_status":"closed","template":"","meta":{"_monsterinsights_skip_tracking":false,"_monsterinsights_sitenote_active":false,"_monsterinsights_sitenote_note":"","_monsterinsights_sitenote_category":0,"footnotes":""},"class_list":["post-3627","page","type-page","status-publish","hentry"],"_links":{"self":[{"href":"https:\/\/mol.icb.usp.br\/index.php\/wp-json\/wp\/v2\/pages\/3627"}],"collection":[{"href":"https:\/\/mol.icb.usp.br\/index.php\/wp-json\/wp\/v2\/pages"}],"about":[{"href":"https:\/\/mol.icb.usp.br\/index.php\/wp-json\/wp\/v2\/types\/page"}],"author":[{"embeddable":true,"href":"https:\/\/mol.icb.usp.br\/index.php\/wp-json\/wp\/v2\/users\/2"}],"replies":[{"embeddable":true,"href":"https:\/\/mol.icb.usp.br\/index.php\/wp-json\/wp\/v2\/comments?post=3627"}],"version-history":[{"count":5,"href":"https:\/\/mol.icb.usp.br\/index.php\/wp-json\/wp\/v2\/pages\/3627\/revisions"}],"predecessor-version":[{"id":5928,"href":"https:\/\/mol.icb.usp.br\/index.php\/wp-json\/wp\/v2\/pages\/3627\/revisions\/5928"}],"wp:attachment":[{"href":"https:\/\/mol.icb.usp.br\/index.php\/wp-json\/wp\/v2\/media?parent=3627"}],"curies":[{"name":"wp","href":"https:\/\/api.w.org\/{rel}","templated":true}]}}