{"id":3592,"date":"2017-12-04T20:03:19","date_gmt":"2017-12-04T22:03:19","guid":{"rendered":"http:\/\/mol.icb.usp.br\/?page_id=3592"},"modified":"2018-03-11T18:50:36","modified_gmt":"2018-03-11T21:50:36","slug":"8-2-tecido-muscular","status":"publish","type":"page","link":"https:\/\/mol.icb.usp.br\/index.php\/8-2-tecido-muscular\/","title":{"rendered":"8-2 Tecido muscular"},"content":{"rendered":"<div class=\"su-row\">\n  <div class=\"su-column su-column-size-1-1\"><div class=\"su-column-inner su-u-clearfix su-u-trim\"> <strong>PRINCIPAIS CARACTER\u00cdSTICAS HISTOL\u00d3GICAS DAS FIBRAS MUSCULARES<\/strong><\/div><\/div>\n<\/div>\n<div class=\"su-row\">\n  <div class=\"su-column su-column-size-1-2\"><div class=\"su-column-inner su-u-clearfix su-u-trim\">\n<strong>Fibras musculares estriadas esquel\u00e9ticas<\/strong><br \/>\nT\u00eam a forma de <strong>longos cilindros<\/strong>, que podem chegar a ter o comprimento do m\u00fasculo a que pertencem. S\u00e3o <strong>multinucleadas<\/strong> e os <strong>n\u00facleos se situam na periferia da fibra<\/strong>, junto \u00e0 membrana plasm\u00e1tica. Possuem no citoplasma <strong>bandas transversais <\/strong>caracter\u00edsticas, e por esta raz\u00e3o \u00e9 um m\u00fasculo estriado.<\/p>\n<p><img decoding=\"async\" src=\" http:\/\/mol.icb.usp.br\/wp-content\/uploads\/8-2-A.jpg \" \/><\/a><\/p>\n<p><strong>Fibras musculares estriadas card\u00edacas<\/strong><br \/>\nT\u00eam a forma de curtos <strong>cilindros que t\u00eam um ou dois n\u00facleos no centro da c\u00e9lula<\/strong>. Seu citoplasma possui <strong>estria\u00e7\u00e3o transversal<\/strong>, como a do m\u00fasculo esquel\u00e9tico. As fibras aderem umas \u00e0s outras pelas suas extremidades, atrav\u00e9s de conjuntos de jun\u00e7\u00f5es intercelulares. Cada conjunto de jun\u00e7\u00f5es (mostrado no esquema ao lado por tra\u00e7os escuros) \u00e9 denominado <strong>disco intercalar<\/strong>. \u00c9 tamb\u00e9m denominado disco escalariforme porque \u00e0s vezes os tra\u00e7os lembram os degraus de uma escada.<\/p>\n<p><img decoding=\"async\" src=\" http:\/\/mol.icb.usp.br\/wp-content\/uploads\/8-2-B.jpg \" \/><\/a><\/p>\n<p><strong>Fibras musculares lisas <\/strong><br \/>\nS\u00e3o <strong>fusiformes<\/strong> e seu <strong>n\u00facleo \u00e9 central<\/strong>. Seu citoplasma n\u00e3o tem estria\u00e7\u00e3o transversal.<\/p>\n<p><img decoding=\"async\" src=\" http:\/\/mol.icb.usp.br\/wp-content\/uploads\/8-2-C.jpg \" \/><\/a><\/p>\n<p>Para navegar no MOL, use os links ACESSAR P\u00c1GINA ANTERIOR e ACESSAR P\u00c1GINA SEGUINTE situados abaixo da figura.<\/p>\n<p><strong>NAVEGA\u00c7\u00c3O NO MOL:<\/strong><\/p>\n<p><a href=\"http:\/\/mol.icb.usp.br\/index.php\/8-1-tecido-muscular\/\">ACESSAR P\u00c1GINA ANTERIOR<\/a><\/p>\n<p><a href=\"http:\/\/mol.icb.usp.br\/index.php\/8-3-tecido-muscular\/\">ACESSAR P\u00c1GINA SEGUINTE<\/a><\/p>\n<\/div><\/div>\n  <div class=\"su-column su-column-size-1-2\"><div class=\"su-column-inner su-u-clearfix su-u-trim\"> <\/p>\n<\/div><\/div>\n<\/div>\n","protected":false},"excerpt":{"rendered":"","protected":false},"author":2,"featured_media":0,"parent":0,"menu_order":0,"comment_status":"closed","ping_status":"closed","template":"","meta":{"_monsterinsights_skip_tracking":false,"_monsterinsights_sitenote_active":false,"_monsterinsights_sitenote_note":"","_monsterinsights_sitenote_category":0,"footnotes":""},"class_list":["post-3592","page","type-page","status-publish","hentry"],"_links":{"self":[{"href":"https:\/\/mol.icb.usp.br\/index.php\/wp-json\/wp\/v2\/pages\/3592"}],"collection":[{"href":"https:\/\/mol.icb.usp.br\/index.php\/wp-json\/wp\/v2\/pages"}],"about":[{"href":"https:\/\/mol.icb.usp.br\/index.php\/wp-json\/wp\/v2\/types\/page"}],"author":[{"embeddable":true,"href":"https:\/\/mol.icb.usp.br\/index.php\/wp-json\/wp\/v2\/users\/2"}],"replies":[{"embeddable":true,"href":"https:\/\/mol.icb.usp.br\/index.php\/wp-json\/wp\/v2\/comments?post=3592"}],"version-history":[{"count":14,"href":"https:\/\/mol.icb.usp.br\/index.php\/wp-json\/wp\/v2\/pages\/3592\/revisions"}],"predecessor-version":[{"id":5916,"href":"https:\/\/mol.icb.usp.br\/index.php\/wp-json\/wp\/v2\/pages\/3592\/revisions\/5916"}],"wp:attachment":[{"href":"https:\/\/mol.icb.usp.br\/index.php\/wp-json\/wp\/v2\/media?parent=3592"}],"curies":[{"name":"wp","href":"https:\/\/api.w.org\/{rel}","templated":true}]}}