{"id":3533,"date":"2017-11-24T22:16:44","date_gmt":"2017-11-25T00:16:44","guid":{"rendered":"http:\/\/mol.icb.usp.br\/?page_id=3533"},"modified":"2017-11-25T21:52:36","modified_gmt":"2017-11-25T23:52:36","slug":"7-0-tecido-osseo","status":"publish","type":"page","link":"https:\/\/mol.icb.usp.br\/index.php\/7-0-tecido-osseo\/","title":{"rendered":"7-0 Tecido \u00f3sseo"},"content":{"rendered":"<p>OBJETIVOS DESTE M\u00d3DULO:<\/p>\n<p>Conhecer as principais caracter\u00edsticas do tecido \u00f3sseo<br \/>\nConhecer as c\u00e9lulas do tecido \u00f3sseo<br \/>\nDiagnosticar o tecido \u00f3sseo em cortes histol\u00f3gicos e distinguir suas diferentes c\u00e9lulas<br \/>\nConhecer os tipos de tecido \u00f3sseo<br \/>\nConhecer a estrutura\u00e7\u00e3o do osso do tipo lamelar<br \/>\nConhecer os mecanismos de crescimento longitudinal de ossos longos<br \/>\nSaber como se d\u00e1 a ossifica\u00e7\u00e3o do tipo intramembranoso<br \/>\nSaber como se d\u00e1 a ossifica\u00e7\u00e3o do tipo endocondral<\/p>\n<p>Este m\u00f3dulo \u00e9 composto de 41 p\u00e1ginas.<\/p>\n<p><a href=\"http:\/\/mol.icb.usp.br\/index.php\/7-1-tecido-osseo\/\">ENTRE NO IN\u00cdCIO DO M\u00d3DULO 7<\/a><br \/>\nou<br \/>\nCLIQUE NOS LINKS PARA ABRIR OS T\u00d3PICOS PRINCIPAIS:<\/p>\n<p><a href=\"http:\/\/mol.icb.usp.br\/index.php\/7-1-tecido-osseo\/\">Caracter\u00edsticas do tecido \u00f3sseo<\/a><br \/>\n<a href=\"http:\/\/mol.icb.usp.br\/index.php\/7-3-tecido-osseo\/\">Organiza\u00e7\u00e3o microsc\u00f3pica do tecido \u00f3sseo<\/a><br \/>\n<a href=\"http:\/\/mol.icb.usp.br\/index.php\/7-4-tecido-osseo\/\">C\u00e9lulas do tecido \u00f3sseo<\/a><br \/>\n<a href=\"http:\/\/mol.icb.usp.br\/index.php\/7-8-tecido-osseo\/\">Tipos de tecido \u00f3sseo: lamelar e n\u00e3o lamelar <\/a><br \/>\n<a href=\"http:\/\/mol.icb.usp.br\/index.php\/7-13-tecido-osseo\/\">Modos de organiza\u00e7\u00e3o do osso lamelar<\/a><br \/>\n<a href=\"http:\/\/mol.icb.usp.br\/index.php\/7-14-tecido-osseo\/\">Sistemas de Havers<\/a><br \/>\n<a href=\"http:\/\/mol.icb.usp.br\/index.php\/7-16-tecido-osseo\/\">Organiza\u00e7\u00e3o do tecido \u00f3sseo nas di\u00e1fises<\/a><br \/>\n<a href=\"http:\/\/mol.icb.usp.br\/index.php\/7-22-tecido-osseo\/\">Peri\u00f3steo e end\u00f3steo<\/a><br \/>\n<a href=\"http:\/\/mol.icb.usp.br\/index.php\/7-24-tecido-osseo\/\">Disco epifis\u00e1rio e crescimento longitudinal das di\u00e1fises<\/a><br \/>\n<a href=\"http:\/\/mol.icb.usp.br\/index.php\/7-32-tecido-osseo\/\">Tipos de Ossifica\u00e7\u00e3o ou Histog\u00eanese \u00f3ssea<\/a><br \/>\n<a href=\"http:\/\/mol.icb.usp.br\/index.php\/7-23-tecido-osseo\/\">Ossifica\u00e7\u00e3o intramembranosa<\/a><br \/>\n<a href=\"http:\/\/mol.icb.usp.br\/index.php\/7-37-tecido-osseo\/\">Ossifica\u00e7\u00e3o endocondral<\/a><\/p>\n","protected":false},"excerpt":{"rendered":"<p>OBJETIVOS DESTE M\u00d3DULO: Conhecer as principais caracter\u00edsticas do tecido \u00f3sseo Conhecer as c\u00e9lulas do tecido \u00f3sseo Diagnosticar o tecido \u00f3sseo em cortes histol\u00f3gicos e distinguir suas diferentes c\u00e9lulas Conhecer os tipos de tecido \u00f3sseo Conhecer a estrutura\u00e7\u00e3o do osso do tipo lamelar Conhecer os mecanismos de crescimento longitudinal de ossos longos Saber como se d\u00e1 [&hellip;]<\/p>\n","protected":false},"author":2,"featured_media":0,"parent":0,"menu_order":0,"comment_status":"closed","ping_status":"closed","template":"","meta":{"_monsterinsights_skip_tracking":false,"_monsterinsights_sitenote_active":false,"_monsterinsights_sitenote_note":"","_monsterinsights_sitenote_category":0,"footnotes":""},"class_list":["post-3533","page","type-page","status-publish","hentry"],"_links":{"self":[{"href":"https:\/\/mol.icb.usp.br\/index.php\/wp-json\/wp\/v2\/pages\/3533"}],"collection":[{"href":"https:\/\/mol.icb.usp.br\/index.php\/wp-json\/wp\/v2\/pages"}],"about":[{"href":"https:\/\/mol.icb.usp.br\/index.php\/wp-json\/wp\/v2\/types\/page"}],"author":[{"embeddable":true,"href":"https:\/\/mol.icb.usp.br\/index.php\/wp-json\/wp\/v2\/users\/2"}],"replies":[{"embeddable":true,"href":"https:\/\/mol.icb.usp.br\/index.php\/wp-json\/wp\/v2\/comments?post=3533"}],"version-history":[{"count":3,"href":"https:\/\/mol.icb.usp.br\/index.php\/wp-json\/wp\/v2\/pages\/3533\/revisions"}],"predecessor-version":[{"id":3541,"href":"https:\/\/mol.icb.usp.br\/index.php\/wp-json\/wp\/v2\/pages\/3533\/revisions\/3541"}],"wp:attachment":[{"href":"https:\/\/mol.icb.usp.br\/index.php\/wp-json\/wp\/v2\/media?parent=3533"}],"curies":[{"name":"wp","href":"https:\/\/api.w.org\/{rel}","templated":true}]}}