{"id":3501,"date":"2017-11-24T22:02:57","date_gmt":"2017-11-25T00:02:57","guid":{"rendered":"http:\/\/mol.icb.usp.br\/?page_id=3501"},"modified":"2018-03-11T18:26:07","modified_gmt":"2018-03-11T21:26:07","slug":"7-39-tecido-osseo","status":"publish","type":"page","link":"https:\/\/mol.icb.usp.br\/index.php\/7-39-tecido-osseo\/","title":{"rendered":"7-39 Tecido \u00f3sseo"},"content":{"rendered":"<div class=\"su-row\">\n  <div class=\"su-column su-column-size-1-1\"><div class=\"su-column-inner su-u-clearfix su-u-trim\"> <strong>OSSIFICA\u00c7\u00c3O ENDOCONDRAL &#8211; 3<\/strong> <\/div><\/div>\n<\/div>\n<div class=\"su-row\">\n  <div class=\"su-column su-column-size-1-2\"><div class=\"su-column-inner su-u-clearfix su-u-trim\"> Coloque o cursor ou clique sobre a imagem para observar alguns detalhes da v\u00e9rtebra e do processo de ossifica\u00e7\u00e3o:<br \/>\nCartilagem hialina das ep\u00edfises da v\u00e9rtebra.<br \/>\nDiscos epifis\u00e1rios da v\u00e9rtebra.<br \/>\nCanal medular na di\u00e1fise.<br \/>\nH\u00e1 duas regi\u00f5es que ficam ressaltadas em vermelho. S\u00e3o regi\u00f5es em que j\u00e1 existe osso:<br \/>\n&#8211; A linhas horizontais indicam as zonas de ossifica\u00e7\u00e3o do disco epifis\u00e1rio.<br \/>\n&#8211; Duas regi\u00f5es em torno da di\u00e1fise. Na verdade \u00e9 a <strong>cintura \u00f3ssea<\/strong> que circunda toda regi\u00e3o mediana da di\u00e1fise. Esta cintura se desenvolve por ossifica\u00e7\u00e3o intramembranosa que ocorre no peri\u00f3steo da di\u00e1fise &#8211; este peri\u00f3steo \u00e9 uma membrana mesenquimal.<\/p>\n<\/div><\/div>\n  <div class=\"su-column su-column-size-1-2\"><div class=\"su-column-inner su-u-clearfix su-u-trim\"> <\/p>\n<div onclick>\n<div class=\"image-container\">\n<div class=\"extra\">\n<a href=\"javascript:void(0)\"><img decoding=\"async\" src=\" http:\/\/mol.icb.usp.br\/wp-content\/uploads\/7-38.jpg \" onmouseover=\"this.src=' http:\/\/mol.icb.usp.br\/wp-content\/uploads\/7-39-MO.jpg'\" onmouseout=\"this.src=' http:\/\/mol.icb.usp.br\/wp-content\/uploads\/7-38.jpg'\" \/><\/a><\/div>\n<p>V\u00e9rtebra da cauda de feto de camundongo. Colora\u00e7\u00e3o: azul de Alcyan + eosina. Aumento: vista panor\u00e2mica.<\/p>\n<p><img decoding=\"async\" src=\"http:\/\/mol.icb.usp.br\/wp-content\/uploads\/mouse-1.gif\"\/><\/a><\/p>\n<p><strong>NAVEGA\u00c7\u00c3O NO MOL:<\/strong><\/p>\n<p><a href=\"http:\/\/mol.icb.usp.br\/index.php\/7-38-tecido-osseo\/\">ACESSAR P\u00c1GINA ANTERIOR<\/a><\/p>\n<p><a href=\"http:\/\/mol.icb.usp.br\/index.php\/2017\/11\/24\/7-40-tecido-osseo\/\">ACESSAR P\u00c1GINA SEGUINTE<\/a>\n<\/div>\n<\/div>\n<\/div>\n<p><\/body><br \/>\n<\/html> <\/div><\/div>\n<\/div>\n","protected":false},"excerpt":{"rendered":"","protected":false},"author":2,"featured_media":0,"parent":0,"menu_order":0,"comment_status":"closed","ping_status":"closed","template":"","meta":{"_monsterinsights_skip_tracking":false,"_monsterinsights_sitenote_active":false,"_monsterinsights_sitenote_note":"","_monsterinsights_sitenote_category":0,"footnotes":""},"class_list":["post-3501","page","type-page","status-publish","hentry"],"_links":{"self":[{"href":"https:\/\/mol.icb.usp.br\/index.php\/wp-json\/wp\/v2\/pages\/3501"}],"collection":[{"href":"https:\/\/mol.icb.usp.br\/index.php\/wp-json\/wp\/v2\/pages"}],"about":[{"href":"https:\/\/mol.icb.usp.br\/index.php\/wp-json\/wp\/v2\/types\/page"}],"author":[{"embeddable":true,"href":"https:\/\/mol.icb.usp.br\/index.php\/wp-json\/wp\/v2\/users\/2"}],"replies":[{"embeddable":true,"href":"https:\/\/mol.icb.usp.br\/index.php\/wp-json\/wp\/v2\/comments?post=3501"}],"version-history":[{"count":5,"href":"https:\/\/mol.icb.usp.br\/index.php\/wp-json\/wp\/v2\/pages\/3501\/revisions"}],"predecessor-version":[{"id":5905,"href":"https:\/\/mol.icb.usp.br\/index.php\/wp-json\/wp\/v2\/pages\/3501\/revisions\/5905"}],"wp:attachment":[{"href":"https:\/\/mol.icb.usp.br\/index.php\/wp-json\/wp\/v2\/media?parent=3501"}],"curies":[{"name":"wp","href":"https:\/\/api.w.org\/{rel}","templated":true}]}}