{"id":3470,"date":"2017-11-24T14:48:12","date_gmt":"2017-11-24T16:48:12","guid":{"rendered":"http:\/\/mol.icb.usp.br\/?page_id=3470"},"modified":"2018-03-11T18:16:29","modified_gmt":"2018-03-11T21:16:29","slug":"7-37-tecido-osseo","status":"publish","type":"page","link":"https:\/\/mol.icb.usp.br\/index.php\/7-37-tecido-osseo\/","title":{"rendered":"7-37 Tecido \u00f3sseo"},"content":{"rendered":"<p>OSSIFICA\u00c7\u00c3O ENDOCONDRAL &#8211; 1<\/p>\n<p>A ossifica\u00e7\u00e3o endocondral ocorre sobre um molde de tecido cartilaginoso. A matriz extracelular desta cartilagem \u00e9 usada como suporte para deposi\u00e7\u00e3o de tecido \u00f3sseo.<br \/>\nO tecido cartilaginoso sofre v\u00e1rias modifica\u00e7\u00f5es que j\u00e1 foram vistas sumariamente quando foi analisado o crescimento dos ossos longos. Este processo de crescimento visto anteriormente ocorre por ossifica\u00e7\u00e3o endocondral na cartilagem do  disco epifis\u00e1rio. <\/p>\n<p>Durante a vida fetal, os ossos que ser\u00e3o formados por ossifica\u00e7\u00e3o endocondral existem inicialmente sob forma de pe\u00e7as cartilaginosas (os moldes de cartilagem), cuja apar\u00eancia \u00e9 semelhante \u00e0 dos futuros ossos.<\/p>\n<p>Para acompanhar as pr\u00f3ximas p\u00e1ginas \u00e9 necess\u00e1rio conhecer o processo de ossifica\u00e7\u00e3o endocondral pelo estudo em livro de texto de Histologia.<\/p>\n<p><strong>NAVEGA\u00c7\u00c3O NO MOL:<\/strong><\/p>\n<p><a href=\"http:\/\/mol.icb.usp.br\/index.php\/7-36-tecido-osseo\/\">ACESSAR P\u00c1GINA ANTERIOR<\/a><\/p>\n<p><a href=\"http:\/\/mol.icb.usp.br\/index.php\/7-38-tecido-osseo\/\">ACESSAR P\u00c1GINA SEGUINTE<\/a><\/p>\n","protected":false},"excerpt":{"rendered":"<p>OSSIFICA\u00c7\u00c3O ENDOCONDRAL &#8211; 1 A ossifica\u00e7\u00e3o endocondral ocorre sobre um molde de tecido cartilaginoso. A matriz extracelular desta cartilagem \u00e9 usada como suporte para deposi\u00e7\u00e3o de tecido \u00f3sseo. O tecido cartilaginoso sofre v\u00e1rias modifica\u00e7\u00f5es que j\u00e1 foram vistas sumariamente quando foi analisado o crescimento dos ossos longos. Este processo de crescimento visto anteriormente ocorre por [&hellip;]<\/p>\n","protected":false},"author":2,"featured_media":0,"parent":0,"menu_order":0,"comment_status":"closed","ping_status":"closed","template":"","meta":{"_monsterinsights_skip_tracking":false,"_monsterinsights_sitenote_active":false,"_monsterinsights_sitenote_note":"","_monsterinsights_sitenote_category":0,"footnotes":""},"class_list":["post-3470","page","type-page","status-publish","hentry"],"_links":{"self":[{"href":"https:\/\/mol.icb.usp.br\/index.php\/wp-json\/wp\/v2\/pages\/3470"}],"collection":[{"href":"https:\/\/mol.icb.usp.br\/index.php\/wp-json\/wp\/v2\/pages"}],"about":[{"href":"https:\/\/mol.icb.usp.br\/index.php\/wp-json\/wp\/v2\/types\/page"}],"author":[{"embeddable":true,"href":"https:\/\/mol.icb.usp.br\/index.php\/wp-json\/wp\/v2\/users\/2"}],"replies":[{"embeddable":true,"href":"https:\/\/mol.icb.usp.br\/index.php\/wp-json\/wp\/v2\/comments?post=3470"}],"version-history":[{"count":5,"href":"https:\/\/mol.icb.usp.br\/index.php\/wp-json\/wp\/v2\/pages\/3470\/revisions"}],"predecessor-version":[{"id":5900,"href":"https:\/\/mol.icb.usp.br\/index.php\/wp-json\/wp\/v2\/pages\/3470\/revisions\/5900"}],"wp:attachment":[{"href":"https:\/\/mol.icb.usp.br\/index.php\/wp-json\/wp\/v2\/media?parent=3470"}],"curies":[{"name":"wp","href":"https:\/\/api.w.org\/{rel}","templated":true}]}}