{"id":3419,"date":"2017-11-23T21:51:59","date_gmt":"2017-11-23T23:51:59","guid":{"rendered":"http:\/\/mol.icb.usp.br\/?page_id=3419"},"modified":"2018-03-10T22:08:55","modified_gmt":"2018-03-11T01:08:55","slug":"7-30-tecido-osseo","status":"publish","type":"page","link":"https:\/\/mol.icb.usp.br\/index.php\/7-30-tecido-osseo\/","title":{"rendered":"7-30 Tecido \u00f3sseo"},"content":{"rendered":"<div class=\"su-row\">\n  <div class=\"su-column su-column-size-1-1\"><div class=\"su-column-inner su-u-clearfix su-u-trim\"> <strong>DISCO EPIFIS\u00c1RIO &#8211; 7<\/strong> <\/div><\/div>\n<\/div>\n<div class=\"su-row\">\n  <div class=\"su-column su-column-size-1-2\"><div class=\"su-column-inner su-u-clearfix su-u-trim\">\nA imagem superior apresenta a transi\u00e7\u00e3o entre a zoda de cartolagem calcificada e a zona de ossifica\u00e7\u00e3o do disco epifis\u00e1rio. Uma linha indica o limite entre ambas zonas.<br \/>\nA regi\u00e3o acima da linha \u00e9 de cartilagem calcificada. Abaixo da linha se percebe que facilmente que existe outros tecido: \u00e9 tecido \u00f3sseo que foi depositado sobre os septos da cartilagem calcificada. <\/p>\n<p>A imagem inferior \u00e9 um aumento maior deste local de transi\u00e7\u00e3o.<br \/>\nNa regi\u00e3o final da zona de cartilagem calcificada os condr\u00f3citos passaram por processo de morte celular e seu n\u00facleos e citoplasmas se desagregaram.<br \/>\nMuitos locais anteriormente ocupados por condr\u00f3citos agora aparecem vazios. S\u00e3o espa\u00e7os anteriormente ocupados por condr\u00f3citos (ressaltados em verde).<br \/>\nA <strong>matriz cartilaginosa<\/strong> (ressaltada em azul claro) fica reduzida a delgados <strong>tabiques<\/strong>.<br \/>\nRepare que os delgados tabiques ou septos de matriz cartilaginosa penetram na <strong>zona de ossifica\u00e7\u00e3o<\/strong> &#8211; est\u00e3o ressaltados em um tom de azul mais escuro.<br \/>\nEsta \u00faltima regi\u00e3o do disco epifis\u00e1rio pode ser reconhecida por que ocorre um processo de deposi\u00e7\u00e3o de tecido \u00f3sseo sobre estes tabiques ou septos de matriz cartilaginosa.<br \/>\nO espa\u00e7o entre os septos de matriz cartilaginosa est\u00e3o agora preenchidos por <strong>osteoblastos<\/strong> &#8211; em vermelho ap\u00f3s colocar o cursor ou clicar sobre a figura.<br \/>\nUm vaso sangu\u00edneo pode ser visto &#8211; ressaltado em amarelo. Lembrar que a cartilagem n\u00e3o possui irriga\u00e7\u00e3o sangu\u00ednea em seu interior.<br \/>\nPelo fato de ocorrer forma\u00e7\u00e3o de tecido \u00f3sseo sobre os tabiques de cartilagem, este crescimento do osso representa um tipo de ossifica\u00e7\u00e3o denominado <strong>ossifica\u00e7\u00e3o endocondral<\/strong>. Veja detalhes sobre este tipo de ossifica\u00e7\u00e3o mais adiante.<\/p>\n<\/div><\/div>\n  <div class=\"su-column su-column-size-1-2\"><div class=\"su-column-inner su-u-clearfix su-u-trim\"> <\/p>\n<p>Disco epifis\u00e1rio. Colora\u00e7\u00e3o: HE. Aumento: m\u00e9dio.<\/p>\n<p><img decoding=\"async\" src=\"http:\/\/mol.icb.usp.br\/wp-content\/uploads\/7-30-A.jpg\"\/><\/a><\/p>\n<div onclick>\n<div class=\"image-container\">\n<div class=\"extra\">\n<a href=\"javascript:void(0)\"><img decoding=\"async\" src=\" http:\/\/mol.icb.usp.br\/wp-content\/uploads\/7-30-B.jpg \" onmouseover=\"this.src=' http:\/\/mol.icb.usp.br\/wp-content\/uploads\/7-30-B-MO.jpg'\" onmouseout=\"this.src=' http:\/\/mol.icb.usp.br\/wp-content\/uploads\/7-30-B.jpg'\" \/><\/a><\/div>\n<p>Disco epifis\u00e1rio. Colora\u00e7\u00e3o: HE. Aumento: m\u00e9dio.<\/p>\n<p><img decoding=\"async\" src=\"http:\/\/mol.icb.usp.br\/wp-content\/uploads\/mouse-1.gif\"\/><\/a><\/p>\n<p><strong>NAVEGA\u00c7\u00c3O NO MOL:<\/strong><\/p>\n<p><a href=\"http:\/\/mol.icb.usp.br\/index.php\/7-29-tecido-osseo\/\">ACESSAR P\u00c1GINA ANTERIOR<\/a><\/p>\n<p><a href=\"http:\/\/mol.icb.usp.br\/index.php\/7-31-tecido-osseo\/\">ACESSAR P\u00c1GINA SEGUINTE<\/a>\n<\/div>\n<\/div>\n<\/div>\n<p><\/body><br \/>\n<\/html> <\/div><\/div>\n<\/div>\n","protected":false},"excerpt":{"rendered":"","protected":false},"author":2,"featured_media":0,"parent":0,"menu_order":0,"comment_status":"closed","ping_status":"closed","template":"","meta":{"_monsterinsights_skip_tracking":false,"_monsterinsights_sitenote_active":false,"_monsterinsights_sitenote_note":"","_monsterinsights_sitenote_category":0,"footnotes":""},"class_list":["post-3419","page","type-page","status-publish","hentry"],"_links":{"self":[{"href":"https:\/\/mol.icb.usp.br\/index.php\/wp-json\/wp\/v2\/pages\/3419"}],"collection":[{"href":"https:\/\/mol.icb.usp.br\/index.php\/wp-json\/wp\/v2\/pages"}],"about":[{"href":"https:\/\/mol.icb.usp.br\/index.php\/wp-json\/wp\/v2\/types\/page"}],"author":[{"embeddable":true,"href":"https:\/\/mol.icb.usp.br\/index.php\/wp-json\/wp\/v2\/users\/2"}],"replies":[{"embeddable":true,"href":"https:\/\/mol.icb.usp.br\/index.php\/wp-json\/wp\/v2\/comments?post=3419"}],"version-history":[{"count":10,"href":"https:\/\/mol.icb.usp.br\/index.php\/wp-json\/wp\/v2\/pages\/3419\/revisions"}],"predecessor-version":[{"id":5874,"href":"https:\/\/mol.icb.usp.br\/index.php\/wp-json\/wp\/v2\/pages\/3419\/revisions\/5874"}],"wp:attachment":[{"href":"https:\/\/mol.icb.usp.br\/index.php\/wp-json\/wp\/v2\/media?parent=3419"}],"curies":[{"name":"wp","href":"https:\/\/api.w.org\/{rel}","templated":true}]}}