{"id":3403,"date":"2017-11-23T21:44:10","date_gmt":"2017-11-23T23:44:10","guid":{"rendered":"http:\/\/mol.icb.usp.br\/?page_id=3403"},"modified":"2018-03-10T18:28:40","modified_gmt":"2018-03-10T21:28:40","slug":"7-29-tecido-osseo","status":"publish","type":"page","link":"https:\/\/mol.icb.usp.br\/index.php\/7-29-tecido-osseo\/","title":{"rendered":"7-29 Tecido \u00f3sseo"},"content":{"rendered":"<div class=\"su-row\">\n  <div class=\"su-column su-column-size-1-1\"><div class=\"su-column-inner su-u-clearfix su-u-trim\"> <strong>DISCO EPIFIS\u00c1RIO &#8211; 6<\/strong> <\/div><\/div>\n<\/div>\n<div class=\"su-row\">\n  <div class=\"su-column su-column-size-1-2\"><div class=\"su-column-inner su-u-clearfix su-u-trim\"> O ret\u00e2ngulo escuro da figura superior indica a regi\u00e3o que ser\u00e1 analisada nesta p\u00e1gina. Trata-se da regi\u00e3o de cartilagem calcificada, seguida pelo in\u00edcio da regi\u00e3o de ossifica\u00e7\u00e3o. <\/p>\n<p><strong>Zona de cartilagem calcificada<\/strong><br \/>\nA zona de cartilagem calcificada nem sempre pode ser facilmente delimitada em cortes rotineiros.<br \/>\nOs condr\u00f3citos desta regi\u00e3o (ressaltados em verde claro) derivam dos \u00faltimos condr\u00f3citos da pilha de condr\u00f3citos hipertr\u00f3ficos. Observe que seus volumes est\u00e3o muito aumentados. Muitos condr\u00f3citos est\u00e3o fragmentados em consequ\u00eancia de morte celular. V\u00e1rios locais que continham condr\u00f3citos agora aparecem vazios.<br \/>\nOs locais antes ocupados por condr\u00f3citos vivos s\u00e3o volumosos (ressaltados em verde).<br \/>\nOs septos de matriz extracelular da cartilagem, que delimitam os espa\u00e7os antes ocupados por condr\u00f3citos, se tornam bastante delgados &#8211; ficam ressaltados em azul turquesa. H\u00e1 deposi\u00e7\u00e3o de sais de c\u00e1lcio nos septos da matriz. <\/p>\n<p><strong>Zona de ossifica\u00e7\u00e3o<\/strong><br \/>\nEsta regi\u00e3o \u00e9 muito vascularizada e cont\u00e9m muitos osteoblastos, outras c\u00e9lulas do tecido \u00f3sseo, al\u00e9m de medula \u00f3ssea.<br \/>\nEsta regi\u00e3o est\u00e1 ressaltada em cor de rosa e seus detalhes ser\u00e3o melhor analisados nas p\u00e1ginas seguintes.<\/p>\n<\/div><\/div>\n  <div class=\"su-column su-column-size-1-2\"><div class=\"su-column-inner su-u-clearfix su-u-trim\">\n<img decoding=\"async\" src=\"http:\/\/mol.icb.usp.br\/wp-content\/uploads\/7-29-A.jpg\"\/><\/a><\/p>\n<div onclick>\n<div class=\"image-container\">\n<div class=\"extra\">\n<a href=\"javascript:void(0)\"><img decoding=\"async\" src=\" http:\/\/mol.icb.usp.br\/wp-content\/uploads\/7-29-B.jpg \" onmouseover=\"this.src=' http:\/\/mol.icb.usp.br\/wp-content\/uploads\/7-29-B-MO.jpg'\" onmouseout=\"this.src=' http:\/\/mol.icb.usp.br\/wp-content\/uploads\/7-29-B.jpg'\" \/><\/a><\/div>\n<p>Disco epifis\u00e1rio. Colora\u00e7\u00e3o: HE. Aumento: m\u00e9dio.<\/p>\n<p><img decoding=\"async\" src=\"http:\/\/mol.icb.usp.br\/wp-content\/uploads\/mouse-1.gif\"\/><\/a><\/p>\n<p><strong>NAVEGA\u00c7\u00c3O NO MOL:<\/strong><\/p>\n<p><a href=\"http:\/\/mol.icb.usp.br\/index.php\/7-28-tecido-osseo\/\">ACESSAR P\u00c1GINA ANTERIOR<\/a><\/p>\n<p><a href=\"http:\/\/mol.icb.usp.br\/index.php\/7-30-tecido-osseo\/\">ACESSAR P\u00c1GINA SEGUINTE<\/a>\n<\/div>\n<\/div>\n<\/div>\n<p><\/body><br \/>\n<\/html> <\/div><\/div>\n<\/div>\n","protected":false},"excerpt":{"rendered":"","protected":false},"author":2,"featured_media":0,"parent":0,"menu_order":0,"comment_status":"closed","ping_status":"closed","template":"","meta":{"_monsterinsights_skip_tracking":false,"_monsterinsights_sitenote_active":false,"_monsterinsights_sitenote_note":"","_monsterinsights_sitenote_category":0,"footnotes":""},"class_list":["post-3403","page","type-page","status-publish","hentry"],"_links":{"self":[{"href":"https:\/\/mol.icb.usp.br\/index.php\/wp-json\/wp\/v2\/pages\/3403"}],"collection":[{"href":"https:\/\/mol.icb.usp.br\/index.php\/wp-json\/wp\/v2\/pages"}],"about":[{"href":"https:\/\/mol.icb.usp.br\/index.php\/wp-json\/wp\/v2\/types\/page"}],"author":[{"embeddable":true,"href":"https:\/\/mol.icb.usp.br\/index.php\/wp-json\/wp\/v2\/users\/2"}],"replies":[{"embeddable":true,"href":"https:\/\/mol.icb.usp.br\/index.php\/wp-json\/wp\/v2\/comments?post=3403"}],"version-history":[{"count":9,"href":"https:\/\/mol.icb.usp.br\/index.php\/wp-json\/wp\/v2\/pages\/3403\/revisions"}],"predecessor-version":[{"id":5870,"href":"https:\/\/mol.icb.usp.br\/index.php\/wp-json\/wp\/v2\/pages\/3403\/revisions\/5870"}],"wp:attachment":[{"href":"https:\/\/mol.icb.usp.br\/index.php\/wp-json\/wp\/v2\/media?parent=3403"}],"curies":[{"name":"wp","href":"https:\/\/api.w.org\/{rel}","templated":true}]}}