{"id":339,"date":"2017-05-15T15:40:30","date_gmt":"2017-05-15T18:40:30","guid":{"rendered":"http:\/\/mol.icb.usp.br\/?page_id=339"},"modified":"2025-07-18T17:02:58","modified_gmt":"2025-07-18T20:02:58","slug":"1-12-conceitos-basicos","status":"publish","type":"page","link":"https:\/\/mol.icb.usp.br\/index.php\/1-12-conceitos-basicos\/","title":{"rendered":"1-12 Conceitos b\u00e1sicos"},"content":{"rendered":"<div class=\"su-row\">\n<div class=\"su-column su-column-size-1-1\"><div class=\"su-column-inner su-u-clearfix su-u-trim\"> <strong>INTERPRETA\u00c7\u00c3O DE CORTES<\/strong> <\/div><\/div>\n<\/div>\n<div class=\"su-row\">\n<div class=\"su-column su-column-size-1-2\"><div class=\"su-column-inner su-u-clearfix su-u-trim\">\nA imagem n.1 mostra a maneira &#8220;tradicional&#8221;  de cortar um tomate &#8211; em cortes transversais ao cabo do tomate.<br \/>\nOutras maneiras de corte tamb\u00e9m fornecem imagens facilmente identific\u00e1veis? Quem conhece bem um tomate poder\u00e1 imaginar como as outras fatias foram cortadas.<br \/>\n<img decoding=\"async\" src=\" http:\/\/mol.icb.usp.br\/wp-content\/uploads\/1-12.jpg \" \/><br \/>\nA imagem de n. 2 \u00e9 de uma fatia seccionada longitudinalmente.<\/p>\n<p>A imagem de n. 3 \u00e9 de um corte obl\u00edquo feito na superf\u00edcie do tomate.<\/p>\n<p>Com as c\u00e9lulas, tecidos e \u00f3rg\u00e3os ocorre o mesmo. Muitos \u00f3rg\u00e3os tiveram que ser submetidos a in\u00fameros cortes e em v\u00e1rias posi\u00e7\u00f5es, para se deduzir a sua organiza\u00e7\u00e3o.<br \/>\nPara facilitar o entendimento de cortes histol\u00f3gicos, nos pr\u00f3ximos quadros iremos analisar de que maneira algumas estruturas tri-dimensionais s\u00e3o vistas quando seccionadas e observadas em um microsc\u00f3pio de luz.<\/p>\n<p><strong>NAVEGA\u00c7\u00c3O NO MOL:<\/strong><\/p>\n<p><a href=\"http:\/\/mol.icb.usp.br\/index.php\/1-11-conceitos-basicos\/\">ACESSAR P\u00c1GINA ANTERIOR<\/a><\/p>\n<p><a href=\"http:\/\/mol.icb.usp.br\/index.php\/1-13-conceitos-basicos\/\">ACESSAR P\u00c1GINA SEGUINTE<\/a><\/p>\n<p><a href=\"https:\/\/mol.icb.usp.br\/index.php\/1-0-conceitos-basicos-de-observacao-de-preparados-histologicos-ao-microscopio-de-luz\/\">MENU DO M\u00d3DULO<\/a><\/p>\n<\/div><\/div>\n<\/div>\n","protected":false},"excerpt":{"rendered":"","protected":false},"author":2,"featured_media":0,"parent":0,"menu_order":0,"comment_status":"closed","ping_status":"closed","template":"","meta":{"_monsterinsights_skip_tracking":false,"_monsterinsights_sitenote_active":false,"_monsterinsights_sitenote_note":"","_monsterinsights_sitenote_category":0,"footnotes":""},"class_list":["post-339","page","type-page","status-publish","hentry"],"_links":{"self":[{"href":"https:\/\/mol.icb.usp.br\/index.php\/wp-json\/wp\/v2\/pages\/339"}],"collection":[{"href":"https:\/\/mol.icb.usp.br\/index.php\/wp-json\/wp\/v2\/pages"}],"about":[{"href":"https:\/\/mol.icb.usp.br\/index.php\/wp-json\/wp\/v2\/types\/page"}],"author":[{"embeddable":true,"href":"https:\/\/mol.icb.usp.br\/index.php\/wp-json\/wp\/v2\/users\/2"}],"replies":[{"embeddable":true,"href":"https:\/\/mol.icb.usp.br\/index.php\/wp-json\/wp\/v2\/comments?post=339"}],"version-history":[{"count":11,"href":"https:\/\/mol.icb.usp.br\/index.php\/wp-json\/wp\/v2\/pages\/339\/revisions"}],"predecessor-version":[{"id":10439,"href":"https:\/\/mol.icb.usp.br\/index.php\/wp-json\/wp\/v2\/pages\/339\/revisions\/10439"}],"wp:attachment":[{"href":"https:\/\/mol.icb.usp.br\/index.php\/wp-json\/wp\/v2\/media?parent=339"}],"curies":[{"name":"wp","href":"https:\/\/api.w.org\/{rel}","templated":true}]}}