{"id":336,"date":"2017-05-15T15:26:11","date_gmt":"2017-05-15T18:26:11","guid":{"rendered":"http:\/\/mol.icb.usp.br\/?page_id=336"},"modified":"2025-07-18T16:58:15","modified_gmt":"2025-07-18T19:58:15","slug":"1-11-conceitos-basicos","status":"publish","type":"page","link":"https:\/\/mol.icb.usp.br\/index.php\/1-11-conceitos-basicos\/","title":{"rendered":"1-11 Conceitos b\u00e1sicos"},"content":{"rendered":"<div class=\"su-row\">\n<div class=\"su-column su-column-size-1-1\"><div class=\"su-column-inner su-u-clearfix su-u-trim\"> <strong>MANEIRAS DE SECCIONAR UM ESP\u00c9CIME<\/strong> <\/div><\/div>\n<\/div>\n<div class=\"su-row\">\n<div class=\"su-column su-column-size-1-2\"><div class=\"su-column-inner su-u-clearfix su-u-trim\">\nQuando observamos cortes de objetos muito conhecidos \u00e9 geralmente f\u00e1cil entender de que maneira o objeto foi cortado e deduzir qual \u00e9 a forma original do objeto.<br \/>\nO mam\u00e3o que est\u00e1 na parte superior da figura, obviamente foi seccionado <strong>longitudinalmente<\/strong>, isto \u00e9, ao longo de seu maior eixo.<br \/>\nPor outro lado, o mam\u00e3o na parte inferior foi cortado <strong>transversalmente<\/strong>, isto \u00e9, em um plano perpendicular ao seu maior eixo.<\/p>\n<p><img decoding=\"async\" src=\" http:\/\/mol.icb.usp.br\/wp-content\/uploads\/1-11.jpg \" \/><\/p>\n<p>Se tiv\u00e9ssemos uma s\u00e9rie de v\u00e1rios cortes longitudinais e transversais de um mam\u00e3o, mesmo uma pessoa que n\u00e3o conhe\u00e7a esta fruta seria capaz de deduzir com boa aproxima\u00e7\u00e3o como um mam\u00e3o \u00e9 estruturado.<br \/>\nO mesmo se pode fazer com cortes de tecidos e \u00f3rg\u00e3os, para conhecer sua estrutura tridimensional.<\/p>\n<p><strong>NAVEGA\u00c7\u00c3O NO MOL:<\/strong><\/p>\n<p><a href=\"http:\/\/mol.icb.usp.br\/index.php\/1-10-conceitos-basicos\/\">ACESSAR P\u00c1GINA ANTERIOR<\/a><\/p>\n<p><a href=\"http:\/\/mol.icb.usp.br\/index.php\/1-12-conceitos-basicos\/\">ACESSAR P\u00c1GINA SEGUINTE<\/a><\/p>\n<p><a href=\"https:\/\/mol.icb.usp.br\/index.php\/1-0-conceitos-basicos-de-observacao-de-preparados-histologicos-ao-microscopio-de-luz\/\">MENU DO M\u00d3DULO<\/a><\/p>\n<\/div><\/div>\n<div class=\"su-column su-column-size-1-2\"><div class=\"su-column-inner su-u-clearfix su-u-trim\">\n<\/div><\/div>\n<\/div>\n<div class=\"su-row\"><\/div>\n","protected":false},"excerpt":{"rendered":"","protected":false},"author":2,"featured_media":0,"parent":0,"menu_order":0,"comment_status":"closed","ping_status":"closed","template":"","meta":{"_monsterinsights_skip_tracking":false,"_monsterinsights_sitenote_active":false,"_monsterinsights_sitenote_note":"","_monsterinsights_sitenote_category":0,"footnotes":""},"class_list":["post-336","page","type-page","status-publish","hentry"],"_links":{"self":[{"href":"https:\/\/mol.icb.usp.br\/index.php\/wp-json\/wp\/v2\/pages\/336"}],"collection":[{"href":"https:\/\/mol.icb.usp.br\/index.php\/wp-json\/wp\/v2\/pages"}],"about":[{"href":"https:\/\/mol.icb.usp.br\/index.php\/wp-json\/wp\/v2\/types\/page"}],"author":[{"embeddable":true,"href":"https:\/\/mol.icb.usp.br\/index.php\/wp-json\/wp\/v2\/users\/2"}],"replies":[{"embeddable":true,"href":"https:\/\/mol.icb.usp.br\/index.php\/wp-json\/wp\/v2\/comments?post=336"}],"version-history":[{"count":7,"href":"https:\/\/mol.icb.usp.br\/index.php\/wp-json\/wp\/v2\/pages\/336\/revisions"}],"predecessor-version":[{"id":10436,"href":"https:\/\/mol.icb.usp.br\/index.php\/wp-json\/wp\/v2\/pages\/336\/revisions\/10436"}],"wp:attachment":[{"href":"https:\/\/mol.icb.usp.br\/index.php\/wp-json\/wp\/v2\/media?parent=336"}],"curies":[{"name":"wp","href":"https:\/\/api.w.org\/{rel}","templated":true}]}}