{"id":3353,"date":"2017-11-22T21:19:58","date_gmt":"2017-11-22T23:19:58","guid":{"rendered":"http:\/\/mol.icb.usp.br\/?page_id=3353"},"modified":"2018-03-10T10:21:17","modified_gmt":"2018-03-10T13:21:17","slug":"7-25-tecido-osseo","status":"publish","type":"page","link":"https:\/\/mol.icb.usp.br\/index.php\/7-25-tecido-osseo\/","title":{"rendered":"7-25 Tecido \u00f3sseo"},"content":{"rendered":"<div class=\"su-row\">\n  <div class=\"su-column su-column-size-1-1\"><div class=\"su-column-inner su-u-clearfix su-u-trim\"> <strong>DISCO EPIFIS\u00c1RIO &#8211; 2<\/strong> <\/div><\/div>\n<\/div>\n<div class=\"su-row\">\n  <div class=\"su-column su-column-size-1-2\"><div class=\"su-column-inner su-u-clearfix su-u-trim\"> Disco epifis\u00e1rio &#8211; 1<\/p>\n<p>Nossa aten\u00e7\u00e3o dever\u00e1 estar dirigida nas pr\u00f3ximas p\u00e1ginas para a faixa de colora\u00e7\u00e3o mais clara situada entre a ep\u00edfise e a di\u00e1fise chamada <strong>disco epifis\u00e1rio, cartilagem de crescimento, cartilagem de conjuga\u00e7\u00e3o ou met\u00e1fise<\/strong>.<br \/>\n\u00c9 no disco epifis\u00e1rio que ocorrem os eventos que resultam no crescimento longitudinal de uma di\u00e1fise. Nas pr\u00f3ximas p\u00e1ginas ser\u00e3o apresentados os pormenores de sua estrutura e o mecanismo de crescimento da di\u00e1fise de ossos longos.<\/p>\n<p>\u00c9 importante mencionar que o disco epifis\u00e1rio visto em cortes histol\u00f3gicos como uma faixa \u00e9 ,na realidade, um delgado <strong>disco<\/strong> formado em sua maior parte de cartilagem hialina. <\/p>\n<\/div><\/div>\n  <div class=\"su-column su-column-size-1-2\"><div class=\"su-column-inner su-u-clearfix su-u-trim\"> <\/p>\n<div onclick>\n<div class=\"image-container\">\n<div class=\"extra\">\n<a href=\"javascript:void(0)\"><img decoding=\"async\" src=\" http:\/\/mol.icb.usp.br\/wp-content\/uploads\/7-25-A.jpg \" onmouseover=\"this.src=' http:\/\/mol.icb.usp.br\/wp-content\/uploads\/7-25-A-MO.jpg'\" onmouseout=\"this.src=' http:\/\/mol.icb.usp.br\/wp-content\/uploads\/7-25-A.jpg'\" \/><\/a><\/div>\n<p>Joelho. Colora\u00e7\u00e3o: HE. Aumento: panor\u00e2mico.<\/p>\n<p><img decoding=\"async\" src=\"http:\/\/mol.icb.usp.br\/wp-content\/uploads\/mouse-1.gif\"\/><\/a><\/p>\n<p><img decoding=\"async\" src=\"http:\/\/mol.icb.usp.br\/wp-content\/uploads\/7-25-B.jpg\"\/><\/a><\/p>\n<p><strong>NAVEGA\u00c7\u00c3O NO MOL:<\/strong><\/p>\n<p><a href=\"http:\/\/mol.icb.usp.br\/index.php\/7-24-tecido-osseo\/\">ACESSAR P\u00c1GINA ANTERIOR<\/a><\/p>\n<p><a href=\"http:\/\/mol.icb.usp.br\/index.php\/7-26-tecido-osseo\/\">ACESSAR P\u00c1GINA SEGUINTE<\/a>\n<\/div>\n<\/div>\n<\/div>\n<p><\/body><br \/>\n<\/html> <\/div><\/div>\n<\/div>\n","protected":false},"excerpt":{"rendered":"","protected":false},"author":2,"featured_media":0,"parent":0,"menu_order":0,"comment_status":"closed","ping_status":"closed","template":"","meta":{"_monsterinsights_skip_tracking":false,"_monsterinsights_sitenote_active":false,"_monsterinsights_sitenote_note":"","_monsterinsights_sitenote_category":0,"footnotes":""},"class_list":["post-3353","page","type-page","status-publish","hentry"],"_links":{"self":[{"href":"https:\/\/mol.icb.usp.br\/index.php\/wp-json\/wp\/v2\/pages\/3353"}],"collection":[{"href":"https:\/\/mol.icb.usp.br\/index.php\/wp-json\/wp\/v2\/pages"}],"about":[{"href":"https:\/\/mol.icb.usp.br\/index.php\/wp-json\/wp\/v2\/types\/page"}],"author":[{"embeddable":true,"href":"https:\/\/mol.icb.usp.br\/index.php\/wp-json\/wp\/v2\/users\/2"}],"replies":[{"embeddable":true,"href":"https:\/\/mol.icb.usp.br\/index.php\/wp-json\/wp\/v2\/comments?post=3353"}],"version-history":[{"count":8,"href":"https:\/\/mol.icb.usp.br\/index.php\/wp-json\/wp\/v2\/pages\/3353\/revisions"}],"predecessor-version":[{"id":5857,"href":"https:\/\/mol.icb.usp.br\/index.php\/wp-json\/wp\/v2\/pages\/3353\/revisions\/5857"}],"wp:attachment":[{"href":"https:\/\/mol.icb.usp.br\/index.php\/wp-json\/wp\/v2\/media?parent=3353"}],"curies":[{"name":"wp","href":"https:\/\/api.w.org\/{rel}","templated":true}]}}