{"id":3323,"date":"2017-11-19T18:21:43","date_gmt":"2017-11-19T20:21:43","guid":{"rendered":"http:\/\/mol.icb.usp.br\/?page_id=3323"},"modified":"2018-03-10T10:18:21","modified_gmt":"2018-03-10T13:18:21","slug":"7-23-tecido-osseo","status":"publish","type":"page","link":"https:\/\/mol.icb.usp.br\/index.php\/7-23-tecido-osseo\/","title":{"rendered":"7-23 Tecido \u00f3sseo"},"content":{"rendered":"<div class=\"su-row\">\n  <div class=\"su-column su-column-size-1-1\"><div class=\"su-column-inner su-u-clearfix su-u-trim\"> <strong>END\u00d3STEO <\/strong> <\/div><\/div>\n<\/div>\n<div class=\"su-row\">\n  <div class=\"su-column su-column-size-1-2\"><div class=\"su-column-inner su-u-clearfix su-u-trim\"> As figuras apresentam exemplos do <strong>end\u00f3steo<\/strong>:<br \/>\n1 &#8211;  revestindo pequenas <strong>cavidades situadas entre trab\u00e9culas \u00f3sseas<\/strong>, na figura superior. A superf\u00edcie das trab\u00e9culas \u00e9 revestida por c\u00e9lulas \u00f3sseas, principalmente osteoblastos (ressaltados em amarelo escuro) e tamb\u00e9m por osteoclastos (apontado por seta) e c\u00e9lulas osteoprogenitoras.<br \/>\n2 \u2013 revestindo internamente os <strong>canais de Havers<\/strong>, na figura inferior. O osteoblasto indicado nesta figura pertence ao end\u00f3steo.<\/p>\n<\/div><\/div>\n  <div class=\"su-column su-column-size-1-2\"><div class=\"su-column-inner su-u-clearfix su-u-trim\"> <\/p>\n<div onclick>\n<div class=\"image-container\">\n<div class=\"extra\">\n<a href=\"javascript:void(0)\"><img decoding=\"async\" src=\" http:\/\/mol.icb.usp.br\/wp-content\/uploads\/7-23-A.jpg \" onmouseover=\"this.src=' http:\/\/mol.icb.usp.br\/wp-content\/uploads\/7-23-A-MO.jpg'\" onmouseout=\"this.src=' http:\/\/mol.icb.usp.br\/wp-content\/uploads\/7-23-A.jpg'\" \/><\/a><\/div>\n<p>Osso esponjose. Colora\u00e7\u00e3o: HE. Aumento: pequeno.<\/p>\n<p><img decoding=\"async\" src=\"http:\/\/mol.icb.usp.br\/wp-content\/uploads\/7-23-B.jpg\"\/><\/a><\/p>\n<p><strong>NAVEGA\u00c7\u00c3O NO MOL:<\/strong><\/p>\n<p><a href=\"http:\/\/mol.icb.usp.br\/index.php\/7-22-tecido-osseo\/\">ACESSAR P\u00c1GINA ANTERIOR<\/a><\/p>\n<p><a href=\"http:\/\/mol.icb.usp.br\/index.php\/7-24-tecido-osseo\/\">ACESSAR P\u00c1GINA SEGUINTE<\/a>\n<\/div>\n<\/div>\n<\/div>\n<p><\/body><br \/>\n<\/html> <\/div><\/div>\n<\/div>\n","protected":false},"excerpt":{"rendered":"","protected":false},"author":2,"featured_media":0,"parent":0,"menu_order":0,"comment_status":"closed","ping_status":"closed","template":"","meta":{"_monsterinsights_skip_tracking":false,"_monsterinsights_sitenote_active":false,"_monsterinsights_sitenote_note":"","_monsterinsights_sitenote_category":0,"footnotes":""},"class_list":["post-3323","page","type-page","status-publish","hentry"],"_links":{"self":[{"href":"https:\/\/mol.icb.usp.br\/index.php\/wp-json\/wp\/v2\/pages\/3323"}],"collection":[{"href":"https:\/\/mol.icb.usp.br\/index.php\/wp-json\/wp\/v2\/pages"}],"about":[{"href":"https:\/\/mol.icb.usp.br\/index.php\/wp-json\/wp\/v2\/types\/page"}],"author":[{"embeddable":true,"href":"https:\/\/mol.icb.usp.br\/index.php\/wp-json\/wp\/v2\/users\/2"}],"replies":[{"embeddable":true,"href":"https:\/\/mol.icb.usp.br\/index.php\/wp-json\/wp\/v2\/comments?post=3323"}],"version-history":[{"count":5,"href":"https:\/\/mol.icb.usp.br\/index.php\/wp-json\/wp\/v2\/pages\/3323\/revisions"}],"predecessor-version":[{"id":5852,"href":"https:\/\/mol.icb.usp.br\/index.php\/wp-json\/wp\/v2\/pages\/3323\/revisions\/5852"}],"wp:attachment":[{"href":"https:\/\/mol.icb.usp.br\/index.php\/wp-json\/wp\/v2\/media?parent=3323"}],"curies":[{"name":"wp","href":"https:\/\/api.w.org\/{rel}","templated":true}]}}