{"id":332,"date":"2017-05-15T15:15:22","date_gmt":"2017-05-15T18:15:22","guid":{"rendered":"http:\/\/mol.icb.usp.br\/?page_id=332"},"modified":"2025-07-18T16:56:50","modified_gmt":"2025-07-18T19:56:50","slug":"1-10-conceitos-basicos","status":"publish","type":"page","link":"https:\/\/mol.icb.usp.br\/index.php\/1-10-conceitos-basicos\/","title":{"rendered":"1-10 Conceitos b\u00e1sicos"},"content":{"rendered":"<div class=\"su-row\">\n<div class=\"su-column su-column-size-1-1\"><div class=\"su-column-inner su-u-clearfix su-u-trim\"> <strong>INTERPRETANDO ESTRUTURAS PRESENTES EM CORTES HISTOL\u00d3GICOS<\/strong> <\/div><\/div>\n<\/div>\n<div class=\"su-row\">\n<div class=\"su-column su-column-size-1-2\"><div class=\"su-column-inner su-u-clearfix su-u-trim\">\nO estudo de cortes histol\u00f3gicos \u00e9 sempre um desafio. Os cortes s\u00e3o fatias muito delgadas de um fragmento de tecido ou de um enorme \u00f3rg\u00e3o. Estamos observando em (quase) duas dimens\u00f5es fragmentos que originalmente t\u00eam tr\u00eas dimens\u00f5es.<br \/>\nPrecisam ser analisados levando em considera\u00e7\u00e3o que:<br \/>\n1- cada corte \u00e9 apenas uma amostra muito pequena de um objeto muitas vezes maior.<br \/>\n2- o corte n\u00e3o revela o que estava no interior do fragmento \u00e0 frente e atr\u00e1s daquele corte.<br \/>\n3- o corte nem sempre revela a maneira e o \u00e2ngulo em que um objeto foi seccionado.<\/p>\n<p>Por estas raz\u00f5es, deve-se sempre examinar com muita aten\u00e7\u00e3o os cortes ao microsc\u00f3pio para tentar interpretar corretamente as estruturas e saber a real organiza\u00e7\u00e3o destas estruturas.<\/p>\n<p>Observe com muita aten\u00e7\u00e3o a figura ao lado.<br \/>\n<\/div><\/div>\n<div class=\"su-column su-column-size-1-2\"><div class=\"su-column-inner su-u-clearfix su-u-trim\">\n<p><img decoding=\"async\" src=\" http:\/\/mol.icb.usp.br\/wp-content\/uploads\/1-10.gif\" \/><\/p>\n<p><strong>NAVEGA\u00c7\u00c3O NO MOL:<\/strong><\/p>\n<p><a href=\"http:\/\/mol.icb.usp.br\/index.php\/1-9-conceitos-basicos\/\">ACESSAR P\u00c1GINA ANTERIOR<\/a><\/p>\n<p><a href=\"http:\/\/mol.icb.usp.br\/index.php\/1-11-conceitos-basicos\/\">ACESSAR P\u00c1GINA SEGUINTE<\/a><\/p>\n<p><a href=\"https:\/\/mol.icb.usp.br\/index.php\/1-0-conceitos-basicos-de-observacao-de-preparados-histologicos-ao-microscopio-de-luz\/\">MENU DO M\u00d3DULO<\/a><br \/>\n<\/div><\/div>\n<\/div>\n","protected":false},"excerpt":{"rendered":"","protected":false},"author":2,"featured_media":0,"parent":0,"menu_order":0,"comment_status":"closed","ping_status":"closed","template":"","meta":{"_monsterinsights_skip_tracking":false,"_monsterinsights_sitenote_active":false,"_monsterinsights_sitenote_note":"","_monsterinsights_sitenote_category":0,"footnotes":""},"class_list":["post-332","page","type-page","status-publish","hentry"],"_links":{"self":[{"href":"https:\/\/mol.icb.usp.br\/index.php\/wp-json\/wp\/v2\/pages\/332"}],"collection":[{"href":"https:\/\/mol.icb.usp.br\/index.php\/wp-json\/wp\/v2\/pages"}],"about":[{"href":"https:\/\/mol.icb.usp.br\/index.php\/wp-json\/wp\/v2\/types\/page"}],"author":[{"embeddable":true,"href":"https:\/\/mol.icb.usp.br\/index.php\/wp-json\/wp\/v2\/users\/2"}],"replies":[{"embeddable":true,"href":"https:\/\/mol.icb.usp.br\/index.php\/wp-json\/wp\/v2\/comments?post=332"}],"version-history":[{"count":11,"href":"https:\/\/mol.icb.usp.br\/index.php\/wp-json\/wp\/v2\/pages\/332\/revisions"}],"predecessor-version":[{"id":10437,"href":"https:\/\/mol.icb.usp.br\/index.php\/wp-json\/wp\/v2\/pages\/332\/revisions\/10437"}],"wp:attachment":[{"href":"https:\/\/mol.icb.usp.br\/index.php\/wp-json\/wp\/v2\/media?parent=332"}],"curies":[{"name":"wp","href":"https:\/\/api.w.org\/{rel}","templated":true}]}}