{"id":3305,"date":"2017-11-18T20:20:51","date_gmt":"2017-11-18T22:20:51","guid":{"rendered":"http:\/\/mol.icb.usp.br\/?page_id=3305"},"modified":"2018-03-10T10:10:51","modified_gmt":"2018-03-10T13:10:51","slug":"7-21-tecido-osseo","status":"publish","type":"page","link":"https:\/\/mol.icb.usp.br\/index.php\/7-21-tecido-osseo\/","title":{"rendered":"7-21 Tecido \u00f3sseo"},"content":{"rendered":"<div class=\"su-row\">\n  <div class=\"su-column su-column-size-1-1\"><div class=\"su-column-inner su-u-clearfix su-u-trim\"> <strong>CANAIS DE VOLKMANN<\/strong> <\/div><\/div>\n<\/div>\n<div class=\"su-row\">\n  <div class=\"su-column su-column-size-1-2\"><div class=\"su-column-inner su-u-clearfix su-u-trim\"> Ao contr\u00e1rio do tecido cartilaginoso, o tecido \u00f3sseo \u00e9 intensamente vascularizado. As art\u00e9rias chegam ao envolt\u00f3rio externo do osso (peri\u00f3steo) e  ramos maiores penetram no interior do osso atrav\u00e9s de orif\u00edcios que podem ser vis\u00edveis macroscopicamente.<\/p>\n<p>Nos ossos longos os vasos sangu\u00edneos menos calibrosos (ramos de art\u00e9rias e tribut\u00e1rios de veias) se distribuem no interior do osso compacto de uma di\u00e1fise percorrendo o interior de t\u00faneis denominados <strong>canais de Volkmann<\/strong>.<br \/>\nOs canais de Volkmann comunicam sistemas de Havers adjacentes. Ramos de vasos dos canais de Volkmann penetram nos canais centrais de cada sistema de Havers e irrigam os oste\u00f3citos de cada um destes sistemas.<br \/>\nOs canais de Volkmann podem ser reconhecidos em sec\u00e7\u00f5es transversais de di\u00e1fises por se distribu\u00edrem de maneira radial em rela\u00e7\u00e3o ao canal medular.<br \/>\n<a href=\"http:\/\/mol.icb.usp.br\/index.php\/7-16-tecido-osseo\/\" rel=\"noopener\" target=\"_blank\">Clique aqui para recordar a distribui\u00e7\u00e3o dos vasos sangu\u00edneos nas di\u00e1fises.<\/a> <\/p>\n<p>Os ramos que passam pelo canal central dos sistemas de Havers nutrem os oste\u00f3citos de cada sistema.<\/p>\n<p>A figura mostra v\u00e1rios sistemas de Havers (H) e v\u00e1rios conjuntos de lamelas dos sistemas intermedi\u00e1rios (I). Dois sistemas de Havers s\u00e3o interligados por um <strong>canal de Volkmann<\/strong>, ressaltado em azul ao passar o cursor.<\/p>\n<\/div><\/div>\n  <div class=\"su-column su-column-size-1-2\"><div class=\"su-column-inner su-u-clearfix su-u-trim\"> <\/p>\n<div onclick>\n<div class=\"image-container\">\n<div class=\"extra\">\n<a href=\"javascript:void(0)\"><img decoding=\"async\" src=\" http:\/\/mol.icb.usp.br\/wp-content\/uploads\/7-21.jpg \" onmouseover=\"this.src=' http:\/\/mol.icb.usp.br\/wp-content\/uploads\/7-21-MO.jpg'\" onmouseout=\"this.src=' http:\/\/mol.icb.usp.br\/wp-content\/uploads\/7-21.jpg'\" \/><\/a><\/div>\n<p>Di\u00e1fise (sec\u00e7\u00e3o transversal). M\u00e9todo de Schmorl. Aumento: pequeno.<\/p>\n<p><img decoding=\"async\" src=\"http:\/\/mol.icb.usp.br\/wp-content\/uploads\/mouse-1.gif\"\/><\/a><\/p>\n<p><strong>NAVEGA\u00c7\u00c3O NO MOL:<\/strong><\/p>\n<p><a href=\"http:\/\/mol.icb.usp.br\/index.php\/7-20-tecido-osseo\/\">ACESSAR P\u00c1GINA ANTERIOR<\/a><\/p>\n<p><a href=\"http:\/\/mol.icb.usp.br\/index.php\/7-22-tecido-osseo\/\">ACESSAR P\u00c1GINA SEGUINTE<\/a>\n<\/div>\n<\/div>\n<\/div>\n<p><\/body><br \/>\n<\/html> <\/div><\/div>\n<\/div>\n","protected":false},"excerpt":{"rendered":"","protected":false},"author":2,"featured_media":0,"parent":0,"menu_order":0,"comment_status":"closed","ping_status":"closed","template":"","meta":{"_monsterinsights_skip_tracking":false,"_monsterinsights_sitenote_active":false,"_monsterinsights_sitenote_note":"","_monsterinsights_sitenote_category":0,"footnotes":""},"class_list":["post-3305","page","type-page","status-publish","hentry"],"_links":{"self":[{"href":"https:\/\/mol.icb.usp.br\/index.php\/wp-json\/wp\/v2\/pages\/3305"}],"collection":[{"href":"https:\/\/mol.icb.usp.br\/index.php\/wp-json\/wp\/v2\/pages"}],"about":[{"href":"https:\/\/mol.icb.usp.br\/index.php\/wp-json\/wp\/v2\/types\/page"}],"author":[{"embeddable":true,"href":"https:\/\/mol.icb.usp.br\/index.php\/wp-json\/wp\/v2\/users\/2"}],"replies":[{"embeddable":true,"href":"https:\/\/mol.icb.usp.br\/index.php\/wp-json\/wp\/v2\/comments?post=3305"}],"version-history":[{"count":4,"href":"https:\/\/mol.icb.usp.br\/index.php\/wp-json\/wp\/v2\/pages\/3305\/revisions"}],"predecessor-version":[{"id":5848,"href":"https:\/\/mol.icb.usp.br\/index.php\/wp-json\/wp\/v2\/pages\/3305\/revisions\/5848"}],"wp:attachment":[{"href":"https:\/\/mol.icb.usp.br\/index.php\/wp-json\/wp\/v2\/media?parent=3305"}],"curies":[{"name":"wp","href":"https:\/\/api.w.org\/{rel}","templated":true}]}}