{"id":3290,"date":"2017-11-17T17:20:51","date_gmt":"2017-11-17T19:20:51","guid":{"rendered":"http:\/\/mol.icb.usp.br\/?page_id=3290"},"modified":"2018-03-10T10:08:20","modified_gmt":"2018-03-10T13:08:20","slug":"7-19-tecido-osseo","status":"publish","type":"page","link":"https:\/\/mol.icb.usp.br\/index.php\/7-19-tecido-osseo\/","title":{"rendered":"7-19 Tecido \u00f3sseo"},"content":{"rendered":"<div class=\"su-row\">\n  <div class=\"su-column su-column-size-1-1\"><div class=\"su-column-inner su-u-clearfix su-u-trim\"> <strong>ORGANIZA\u00c7\u00c3O DO OSSO LAMELAR EM UMA DI\u00c1FISE \u2013 4 <\/strong><\/div><\/div>\n<\/div>\n<div class=\"su-row\">\n  <div class=\"su-column su-column-size-1-2\"><div class=\"su-column-inner su-u-clearfix su-u-trim\">\nFigura superior<br \/>\nEm um aumento maior que o da p\u00e1gina anterior, observa-se um detalhe do <strong>sistema circunferencial externo<\/strong> de uma di\u00e1fise seccionada transversalmente. \u00c9 um conjunto de <strong>lamelas \u00f3sseas paralelas<\/strong>, levemente curvas, que delimita externamente a circunfer\u00eancia das di\u00e1fises. Os locais ocupados por <strong>oste\u00f3citos<\/strong> s\u00e3o vistos como pequenas estruturas escuras (setas).<br \/>\nUm sistema semelhante a este, situado na superf\u00edcie interna da di\u00e1fise constitui o sistema circunferencial interno. Este n\u00e3o est\u00e1 mostrado nas figuras e foi visto na figura da p\u00e1gina anterior.<\/p>\n<p>Figura inferior<br \/>\nApresenta dois conjuntos de lamelas \u00f3sseas paralelas que fazem parte dos <strong>sistemas intermedi\u00e1rios<\/strong>. Nas di\u00e1fises h\u00e1 de milh\u00f5es de pequenos conjuntos como esses. Os locais ocupados por <strong>oste\u00f3citos<\/strong> s\u00e3o vistos como pequenas estruturas escuras (setas).<br \/>\nAs lamelas do sistema intermedi\u00e1rio se situam entre os cilindros formados por lamelas conc\u00eantricas que constituem os <strong>sistemas de Havers<\/strong>. Est\u00e3o seccionados transversalmente e marcados com a letra H. Observe que cada sistema possui um canal central denominado <strong>canal de Havers<\/strong>.<\/p>\n<\/div><\/div>\n  <div class=\"su-column su-column-size-1-2\"><div class=\"su-column-inner su-u-clearfix su-u-trim\"> <\/p>\n<p><img decoding=\"async\" src=\" http:\/\/mol.icb.usp.br\/wp-content\/uploads\/7-19-A.jpg \" \/><\/a><\/p>\n<p>Di\u00e1fise (sec\u00e7\u00e3o transversal). M\u00e9todo de Schmorl. Aumento: m\u00e9dio.<\/p>\n<p><img decoding=\"async\" src=\" http:\/\/mol.icb.usp.br\/wp-content\/uploads\/7-19-B.jpg \" \/><\/a><\/p>\n<p>Di\u00e1fise (sec\u00e7\u00e3o transversal). M\u00e9todo de Schmorl. Aumento: m\u00e9dio.<\/p>\n<p>Para navegar no MOL, use os links ACESSAR P\u00c1GINA ANTERIOR e ACESSAR P\u00c1GINA SEGUINTE situados abaixo da figura.<\/p>\n<p><strong>NAVEGA\u00c7\u00c3O NO MOL:<\/strong><\/p>\n<p><a href=\"http:\/\/mol.icb.usp.br\/index.php\/7-18-tecido-osseo\/\">ACESSAR P\u00c1GINA ANTERIOR<\/a><\/p>\n<p><a href=\"http:\/\/mol.icb.usp.br\/index.php\/7-20-tecido-osseo\/\">ACESSAR P\u00c1GINA SEGUINTE<\/a><br \/>\n<\/div><\/div>\n<\/div>\n","protected":false},"excerpt":{"rendered":"","protected":false},"author":2,"featured_media":0,"parent":0,"menu_order":0,"comment_status":"closed","ping_status":"closed","template":"","meta":{"_monsterinsights_skip_tracking":false,"_monsterinsights_sitenote_active":false,"_monsterinsights_sitenote_note":"","_monsterinsights_sitenote_category":0,"footnotes":""},"class_list":["post-3290","page","type-page","status-publish","hentry"],"_links":{"self":[{"href":"https:\/\/mol.icb.usp.br\/index.php\/wp-json\/wp\/v2\/pages\/3290"}],"collection":[{"href":"https:\/\/mol.icb.usp.br\/index.php\/wp-json\/wp\/v2\/pages"}],"about":[{"href":"https:\/\/mol.icb.usp.br\/index.php\/wp-json\/wp\/v2\/types\/page"}],"author":[{"embeddable":true,"href":"https:\/\/mol.icb.usp.br\/index.php\/wp-json\/wp\/v2\/users\/2"}],"replies":[{"embeddable":true,"href":"https:\/\/mol.icb.usp.br\/index.php\/wp-json\/wp\/v2\/comments?post=3290"}],"version-history":[{"count":9,"href":"https:\/\/mol.icb.usp.br\/index.php\/wp-json\/wp\/v2\/pages\/3290\/revisions"}],"predecessor-version":[{"id":5844,"href":"https:\/\/mol.icb.usp.br\/index.php\/wp-json\/wp\/v2\/pages\/3290\/revisions\/5844"}],"wp:attachment":[{"href":"https:\/\/mol.icb.usp.br\/index.php\/wp-json\/wp\/v2\/media?parent=3290"}],"curies":[{"name":"wp","href":"https:\/\/api.w.org\/{rel}","templated":true}]}}