{"id":3273,"date":"2017-11-17T15:39:54","date_gmt":"2017-11-17T17:39:54","guid":{"rendered":"http:\/\/mol.icb.usp.br\/?page_id=3273"},"modified":"2018-03-10T09:57:08","modified_gmt":"2018-03-10T12:57:08","slug":"7-16-tecido-osseo","status":"publish","type":"page","link":"https:\/\/mol.icb.usp.br\/index.php\/7-16-tecido-osseo\/","title":{"rendered":"7-16 Tecido \u00f3sseo"},"content":{"rendered":"<div class=\"su-row\">\n  <div class=\"su-column su-column-size-1-1\"><div class=\"su-column-inner su-u-clearfix su-u-trim\"> <strong>ORGANIZA\u00c7\u00c3O DO OSSO LAMELAR EM UMA DI\u00c1FISE \u2013 1<\/strong> <\/div><\/div>\n<\/div>\n<div class=\"su-row\">\n  <div class=\"su-column su-column-size-1-2\"><div class=\"su-column-inner su-u-clearfix su-u-trim\"> Conforme visto na p\u00e1gina anterior, nas di\u00e1fises dos ossos longos os sistemas de Havers se arranjam uns  sobre os outros formando milhares de colunas de alguns cent\u00edmetros de comprimento.<br \/>\nA figura apresenta um esquema da disposi\u00e7\u00e3o de osso lamelar em uma di\u00e1fise, quando observada em corte transversal. Este esquema apresenta um pequeno segmento de um anel obtido por corte transversal de uma di\u00e1fise &#8211; veja o desenho menos em cima e \u00e0 esquerda.<br \/>\nPodem ser observados quatro sistemas de Havers ou \u00f3steons, ressaltados cada um em um tom de azul. O canal central de cada sistema, denominado <strong>canal de Havers<\/strong>, \u00e9 percorrido por vasos sangu\u00edneos, linf\u00e1ticos e nervos.<br \/>\nVasos sangu\u00edneos percorrem a di\u00e1fise transversalmente no interior de t\u00faneis \u00f3sseos denominados <strong>canais de Volkmann<\/strong>. Esses vasos s\u00e3o ramos de vasos situados no canal medular (\u00e0 direita na figura) ou, em menor frequ\u00eancia, do peri\u00f3steo. <strong>Os canais de Volkmann comunicam canais de Havers adjacentes.<\/strong><br \/>\nOs vasos situados no interior do canal de Havers permitem que a circula\u00e7\u00e3o sangu\u00ednea e linf\u00e1tica percorra em comprimento cada sistema de Havers e s\u00e3o respons\u00e1veis pela nutri\u00e7\u00e3o dos oste\u00f3citos de cada \u00f3steon.<\/p>\n<\/div><\/div>\n  <div class=\"su-column su-column-size-1-2\"><div class=\"su-column-inner su-u-clearfix su-u-trim\"> <\/p>\n<div onclick>\n<div class=\"image-container\">\n<div class=\"extra\">\n<a href=\"javascript:void(0)\"><img decoding=\"async\" src=\" http:\/\/mol.icb.usp.br\/wp-content\/uploads\/7-16.jpg \" onmouseover=\"this.src=' http:\/\/mol.icb.usp.br\/wp-content\/uploads\/7-16-MO.jpg'\" onmouseout=\"this.src=' http:\/\/mol.icb.usp.br\/wp-content\/uploads\/7-16.jpg'\" \/><\/a><\/div>\n<p><strong>NAVEGA\u00c7\u00c3O NO MOL:<\/strong><\/p>\n<p><a href=\"http:\/\/mol.icb.usp.br\/index.php\/7-15-tecido-osseo\/\">ACESSAR P\u00c1GINA ANTERIOR<\/a><\/p>\n<p><a href=\"http:\/\/mol.icb.usp.br\/index.php\/7-17-tecido-osseo\/\">ACESSAR P\u00c1GINA SEGUINTE<\/a>\n<\/div>\n<\/div>\n<\/div>\n<p><\/body><br \/>\n<\/html> <\/div><\/div>\n<\/div>\n","protected":false},"excerpt":{"rendered":"","protected":false},"author":2,"featured_media":0,"parent":0,"menu_order":0,"comment_status":"closed","ping_status":"closed","template":"","meta":{"_monsterinsights_skip_tracking":false,"_monsterinsights_sitenote_active":false,"_monsterinsights_sitenote_note":"","_monsterinsights_sitenote_category":0,"footnotes":""},"class_list":["post-3273","page","type-page","status-publish","hentry"],"_links":{"self":[{"href":"https:\/\/mol.icb.usp.br\/index.php\/wp-json\/wp\/v2\/pages\/3273"}],"collection":[{"href":"https:\/\/mol.icb.usp.br\/index.php\/wp-json\/wp\/v2\/pages"}],"about":[{"href":"https:\/\/mol.icb.usp.br\/index.php\/wp-json\/wp\/v2\/types\/page"}],"author":[{"embeddable":true,"href":"https:\/\/mol.icb.usp.br\/index.php\/wp-json\/wp\/v2\/users\/2"}],"replies":[{"embeddable":true,"href":"https:\/\/mol.icb.usp.br\/index.php\/wp-json\/wp\/v2\/comments?post=3273"}],"version-history":[{"count":6,"href":"https:\/\/mol.icb.usp.br\/index.php\/wp-json\/wp\/v2\/pages\/3273\/revisions"}],"predecessor-version":[{"id":5836,"href":"https:\/\/mol.icb.usp.br\/index.php\/wp-json\/wp\/v2\/pages\/3273\/revisions\/5836"}],"wp:attachment":[{"href":"https:\/\/mol.icb.usp.br\/index.php\/wp-json\/wp\/v2\/media?parent=3273"}],"curies":[{"name":"wp","href":"https:\/\/api.w.org\/{rel}","templated":true}]}}