{"id":3262,"date":"2017-11-17T15:29:30","date_gmt":"2017-11-17T17:29:30","guid":{"rendered":"http:\/\/mol.icb.usp.br\/?page_id=3262"},"modified":"2018-03-10T09:52:34","modified_gmt":"2018-03-10T12:52:34","slug":"7-14-tecido-osseo","status":"publish","type":"page","link":"https:\/\/mol.icb.usp.br\/index.php\/7-14-tecido-osseo\/","title":{"rendered":"7-14 Tecido \u00f3sseo"},"content":{"rendered":"<div class=\"su-row\">\n  <div class=\"su-column su-column-size-1-1\"><div class=\"su-column-inner su-u-clearfix su-u-trim\"> <strong>SISTEMAS DE HAVERS &#8211; 1<\/strong><\/div><\/div>\n<\/div>\n<div class=\"su-row\">\n  <div class=\"su-column su-column-size-1-2\"><div class=\"su-column-inner su-u-clearfix su-u-trim\">\nO arranjo de lamelas curvas em forma de t\u00faneis \u00e9 muito comum no organismo e constitui a maior parte do tecido \u00f3sseo das di\u00e1fises. <\/p>\n<p>Cada um destes conjuntos de lamelas constituindo t\u00faneis \u00e9 composto de 2 a 15 lamelas conc\u00eantricas. O t\u00fanel localizado no centro de cada conjunto \u00e9 percorrido por vasos sangu\u00edneos, vasos linf\u00e1ticos e nervos. Os <strong>oste\u00f3citos<\/strong> se situam entre as lamelas e sua nutri\u00e7\u00e3o ocorre pelos <strong>canal\u00edculos \u00f3sseos<\/strong> no interior dos quais existem <strong>prolongamentos de oste\u00f3citos<\/strong>.<br \/>\nCada conjunto tem a forma de um <strong>pequeno cilindro<\/strong> de alguns micrometros de di\u00e2metro e alguns mil\u00edmetros de comprimento. \u00c9 denominado <strong>sistema de Havers<\/strong> ou <strong>osteon<\/strong>. Seu t\u00fanel central \u00e9 denominado <strong>canal de Havers<\/strong>.<br \/>\nComo ocorre no osso lamelar, os oste\u00f3citos se situam entre as lamelas. A superf\u00edcie interna do canal de Havers \u00e9 revestida por <strong>osteoblastos<\/strong>, como qualquer outra superf\u00edcie \u00f3ssea.<\/p>\n<p>Imagem superior<br \/>\nEsquema de um sistema de Havers formado por tr\u00eas lamelas curvas conc\u00eantricas.<\/p>\n<p>Imagem inferior<br \/>\nAs lamelas dos sistemas de Havers s\u00e3o formadas por fibras col\u00e1genas organizadas em paralelo. Observe como a dire\u00e7\u00e3o das fibras difere entre uma lamela e a lamela adjacente. Este arranjo oferece uma grande resist\u00eancia \u00e0 press\u00e3o mec\u00e2nica e tor\u00e7\u00e3o.<\/p>\n<\/div><\/div>\n  <div class=\"su-column su-column-size-1-2\"><div class=\"su-column-inner su-u-clearfix su-u-trim\"> <\/p>\n<p><img decoding=\"async\" src=\" http:\/\/mol.icb.usp.br\/wp-content\/uploads\/7-14.jpg \" \/><\/a><\/p>\n<p>Para navegar no MOL, use os links ACESSAR P\u00c1GINA ANTERIOR e ACESSAR P\u00c1GINA SEGUINTE situados abaixo da figura.<\/p>\n<p><strong>NAVEGA\u00c7\u00c3O NO MOL:<\/strong><\/p>\n<p><a href=\"http:\/\/mol.icb.usp.br\/index.php\/7-13-tecido-osseo\/\">ACESSAR P\u00c1GINA ANTERIOR<\/a><\/p>\n<p><a href=\"http:\/\/mol.icb.usp.br\/index.php\/7-15-tecido-osseo\/\">ACESSAR P\u00c1GINA SEGUINTE<\/a><br \/>\n<\/div><\/div>\n<\/div>\n","protected":false},"excerpt":{"rendered":"","protected":false},"author":2,"featured_media":0,"parent":0,"menu_order":0,"comment_status":"closed","ping_status":"closed","template":"","meta":{"_monsterinsights_skip_tracking":false,"_monsterinsights_sitenote_active":false,"_monsterinsights_sitenote_note":"","_monsterinsights_sitenote_category":0,"footnotes":""},"class_list":["post-3262","page","type-page","status-publish","hentry"],"_links":{"self":[{"href":"https:\/\/mol.icb.usp.br\/index.php\/wp-json\/wp\/v2\/pages\/3262"}],"collection":[{"href":"https:\/\/mol.icb.usp.br\/index.php\/wp-json\/wp\/v2\/pages"}],"about":[{"href":"https:\/\/mol.icb.usp.br\/index.php\/wp-json\/wp\/v2\/types\/page"}],"author":[{"embeddable":true,"href":"https:\/\/mol.icb.usp.br\/index.php\/wp-json\/wp\/v2\/users\/2"}],"replies":[{"embeddable":true,"href":"https:\/\/mol.icb.usp.br\/index.php\/wp-json\/wp\/v2\/comments?post=3262"}],"version-history":[{"count":5,"href":"https:\/\/mol.icb.usp.br\/index.php\/wp-json\/wp\/v2\/pages\/3262\/revisions"}],"predecessor-version":[{"id":5831,"href":"https:\/\/mol.icb.usp.br\/index.php\/wp-json\/wp\/v2\/pages\/3262\/revisions\/5831"}],"wp:attachment":[{"href":"https:\/\/mol.icb.usp.br\/index.php\/wp-json\/wp\/v2\/media?parent=3262"}],"curies":[{"name":"wp","href":"https:\/\/api.w.org\/{rel}","templated":true}]}}