{"id":3236,"date":"2017-11-07T11:21:23","date_gmt":"2017-11-07T13:21:23","guid":{"rendered":"http:\/\/mol.icb.usp.br\/?page_id=3236"},"modified":"2018-03-09T22:07:11","modified_gmt":"2018-03-10T01:07:11","slug":"7-12-tecido-osseo","status":"publish","type":"page","link":"https:\/\/mol.icb.usp.br\/index.php\/7-12-tecido-osseo\/","title":{"rendered":"7-12 Tecido \u00f3sseo"},"content":{"rendered":"<div class=\"su-row\">\n  <div class=\"su-column su-column-size-1-1\"><div class=\"su-column-inner su-u-clearfix su-u-trim\"> <strong>OSSO N\u00c3O LAMELAR E OSSO LAMELAR \u2013 3<\/strong> <\/div><\/div>\n<\/div>\n<div class=\"su-row\">\n  <div class=\"su-column su-column-size-1-2\"><div class=\"su-column-inner su-u-clearfix su-u-trim\"> Outras imagens de osso imaturo e osso maduro<\/p>\n<p>Figura superior \u2013 osso n\u00e3o lamelar<\/p>\n<p>Oste\u00f3citos (ressaltados em azul) distribu\u00eddos de maneira irregular no interior da matriz extracelular.<br \/>\nOsteoblastos ressaltados em amarelo escuro e um osteoclasto ressaltado em laranja.<\/p>\n<p>Figura inferior \u2013 osso lamelar<\/p>\n<p>Lacunas de oste\u00f3citos e canal\u00edculos \u00f3sseos organizados em fileiras. Lamelas \u00f3sseas (ressaltadas em cor de rosa) separam os oste\u00f3citos. <\/p>\n<\/div><\/div>\n  <div class=\"su-column su-column-size-1-2\"><div class=\"su-column-inner su-u-clearfix su-u-trim\"> <\/p>\n<div onclick>\n<div class=\"image-container\">\n<div class=\"extra\">\n<a href=\"javascript:void(0)\"><img decoding=\"async\" src=\" http:\/\/mol.icb.usp.br\/wp-content\/uploads\/7-12-A.jpg \" onmouseover=\"this.src=' http:\/\/mol.icb.usp.br\/wp-content\/uploads\/7-12-A-MO.jpg'\" onmouseout=\"this.src=' http:\/\/mol.icb.usp.br\/wp-content\/uploads\/7-12-A.jpg'\" \/><\/a><\/div>\n<p>Osso n\u00e3o lamelar. Colora\u00e7\u00e3o: hematoxilina e eosina. Aumento: grande.<\/p>\n<p><img decoding=\"async\" src=\"http:\/\/mol.icb.usp.br\/wp-content\/uploads\/mouse-1.gif\"\/><\/a><\/p>\n<div class=\"extra\">\n<a href=\"javascript:void(0)\"><img decoding=\"async\" src=\" http:\/\/mol.icb.usp.br\/wp-content\/uploads\/7-12-B.jpg \" onmouseover=\"this.src=' http:\/\/mol.icb.usp.br\/wp-content\/uploads\/7-12-B-MO.jpg'\" onmouseout=\"this.src=' http:\/\/mol.icb.usp.br\/wp-content\/uploads\/7-12-B.jpg'\" \/><\/a><\/div>\n<p>Osso lamelar. Corante: tionina. Aumento: m\u00e9dio.<\/p>\n<p><img decoding=\"async\" src=\"http:\/\/mol.icb.usp.br\/wp-content\/uploads\/mouse-1.gif\"\/><\/a><\/p>\n<div onclick=\"\"><strong>Tablets e telefones celulares:<\/strong><br \/>\nClique sobre a figura para acessar outra imagem. Clique fora da figura para voltar \u00e0 primeira imagem.<\/p>\n<p>Para navegar no MOL, use os links ACESSAR P\u00c1GINA ANTERIOR e ACESSAR P\u00c1GINA SEGUINTE situados abaixo da figura.<\/p>\n<p><strong>NAVEGA\u00c7\u00c3O NO MOL:<\/strong><\/p>\n<p><a href=\"http:\/\/mol.icb.usp.br\/index.php\/7-11-tecido-osseo\/\">ACESSAR P\u00c1GINA ANTERIOR<\/a><\/p>\n<p><a href=\"http:\/\/mol.icb.usp.br\/index.php\/7-13-tecido-osseo\/\">ACESSAR P\u00c1GINA SEGUINTE<\/a>\n<\/div>\n<\/div>\n<\/div>\n<p><\/body><br \/>\n<\/html> <\/div><\/div>\n<\/div>\n","protected":false},"excerpt":{"rendered":"","protected":false},"author":2,"featured_media":0,"parent":0,"menu_order":0,"comment_status":"closed","ping_status":"closed","template":"","meta":{"_monsterinsights_skip_tracking":false,"_monsterinsights_sitenote_active":false,"_monsterinsights_sitenote_note":"","_monsterinsights_sitenote_category":0,"footnotes":""},"class_list":["post-3236","page","type-page","status-publish","hentry"],"_links":{"self":[{"href":"https:\/\/mol.icb.usp.br\/index.php\/wp-json\/wp\/v2\/pages\/3236"}],"collection":[{"href":"https:\/\/mol.icb.usp.br\/index.php\/wp-json\/wp\/v2\/pages"}],"about":[{"href":"https:\/\/mol.icb.usp.br\/index.php\/wp-json\/wp\/v2\/types\/page"}],"author":[{"embeddable":true,"href":"https:\/\/mol.icb.usp.br\/index.php\/wp-json\/wp\/v2\/users\/2"}],"replies":[{"embeddable":true,"href":"https:\/\/mol.icb.usp.br\/index.php\/wp-json\/wp\/v2\/comments?post=3236"}],"version-history":[{"count":7,"href":"https:\/\/mol.icb.usp.br\/index.php\/wp-json\/wp\/v2\/pages\/3236\/revisions"}],"predecessor-version":[{"id":5828,"href":"https:\/\/mol.icb.usp.br\/index.php\/wp-json\/wp\/v2\/pages\/3236\/revisions\/5828"}],"wp:attachment":[{"href":"https:\/\/mol.icb.usp.br\/index.php\/wp-json\/wp\/v2\/media?parent=3236"}],"curies":[{"name":"wp","href":"https:\/\/api.w.org\/{rel}","templated":true}]}}