{"id":3170,"date":"2017-11-06T18:44:35","date_gmt":"2017-11-06T20:44:35","guid":{"rendered":"http:\/\/mol.icb.usp.br\/?page_id=3170"},"modified":"2018-03-09T21:35:11","modified_gmt":"2018-03-10T00:35:11","slug":"7-8-tecido-osseo","status":"publish","type":"page","link":"https:\/\/mol.icb.usp.br\/index.php\/7-8-tecido-osseo\/","title":{"rendered":"7-8 Tecido \u00f3sseo"},"content":{"rendered":"<div class=\"su-row\">\n  <div class=\"su-column su-column-size-1-1\"><div class=\"su-column-inner su-u-clearfix su-u-trim\"> <strong>TIPOS DE TECIDO \u00d3SSEO &#8211; 1 <\/strong><\/div><\/div>\n<\/div>\n<div class=\"su-row\">\n  <div class=\"su-column su-column-size-1-2\"><div class=\"su-column-inner su-u-clearfix su-u-trim\">\nReconhecem-se dois tipos de tecido \u00f3sseo, denominados:<br \/>\na) <strong>Osso imaturo, prim\u00e1rio ou n\u00e3o lamelar<\/strong>;<br \/>\nb) <strong>Osso maduro, secund\u00e1rio ou lamelar<\/strong>.<\/p>\n<p>O osso imaturo \u00e9 sempre o que primeiro se forma: durante a vida fetal, durante a remodela\u00e7\u00e3o \u00f3ssea, durante a consolida\u00e7\u00e3o de fraturas. Em adultos existe s\u00f3 em poucos locais do corpo, como por exemplo nos alv\u00e9olos dent\u00e1rios.<br \/>\nO osso maduro que gradativamente substitui o osso imaturo \u00e9 o tipo que predomina no adulto. <\/p>\n<p>Principais diferen\u00e7as histol\u00f3gicas entre os dois tipos:<br \/>\n<strong>Osso imaturo ou n\u00e3o lamelar<\/strong>:<br \/>\n&#8211; as fibras col\u00e1genas da matriz se disp\u00f5em em muitas dire\u00e7\u00f5es, sem nenhuma organiza\u00e7\u00e3o espec\u00edfica.<br \/>\n<strong>Osso maduro ou lamelar<\/strong><br \/>\n\u2013 as fibras col\u00e1genas est\u00e3o organizadas em delgadas l\u00e2minas denominadas <strong>lamelas \u00f3sseas<\/strong>. No interior de cada lamela as fibras col\u00e1genas se disp\u00f5em paralelamente entre si. No entanto, comparando lamelas adjacentes, os conjunto de fibras col\u00e1genas de uma lamela mant\u00eam angula\u00e7\u00e3o em rela\u00e7\u00e3o \u00e0s fibras da lamelas vizinhas.<\/p>\n<p>As figuras apresentam esquemas de:<br \/>\n&#8211; osso imaturo n\u00e3o lamelar, com fibrilas col\u00e1genas em diversas dire\u00e7\u00f5es.<br \/>\n&#8211; osso maduro, lamelar. Na primeira imagem est\u00e1 presente uma lamela \u00f3ssea.<br \/>\nAs figuras inferiores mostram que as lamelas do osso lamelar geralmente se agrupam empilhadas. Est\u00e3o representadas: uma pilha formada por duas lamelas e uma pilha formada por tr\u00eas lamelas. Observe que de lamela para lamela, as fibras col\u00e1genas formam diferentes \u00e2ngulos.<br \/>\nOutras diferen\u00e7as entre os tipos de osso lamelar e n\u00e3o lamelar ser\u00e3o apresentadas nas p\u00e1ginas seguintes.<\/p>\n<\/div><\/div>\n  <div class=\"su-column su-column-size-1-2\"><div class=\"su-column-inner su-u-clearfix su-u-trim\"> <\/p>\n<p><img decoding=\"async\" src=\" http:\/\/mol.icb.usp.br\/wp-content\/uploads\/7-8-A.jpg \" \/><\/a><\/p>\n<\/p>\n<p><img decoding=\"async\" src=\" http:\/\/mol.icb.usp.br\/wp-content\/uploads\/7-8-B.jpg \" \/><\/a><\/p>\n<p>Para navegar no MOL, use os links ACESSAR P\u00c1GINA ANTERIOR e ACESSAR P\u00c1GINA SEGUINTE situados abaixo da figura.<\/p>\n<p><strong>NAVEGA\u00c7\u00c3O NO MOL:<\/strong><\/p>\n<p><a href=\"http:\/\/mol.icb.usp.br\/index.php\/7-7-tecido-osseo\/\">ACESSAR P\u00c1GINA ANTERIOR<\/a><\/p>\n<p><a href=\"http:\/\/mol.icb.usp.br\/index.php\/7-9-tecido-osseo\/\">ACESSAR P\u00c1GINA SEGUINTE<\/a><br \/>\n<\/div><\/div>\n<\/div>\n","protected":false},"excerpt":{"rendered":"","protected":false},"author":2,"featured_media":0,"parent":0,"menu_order":0,"comment_status":"closed","ping_status":"closed","template":"","meta":{"_monsterinsights_skip_tracking":false,"_monsterinsights_sitenote_active":false,"_monsterinsights_sitenote_note":"","_monsterinsights_sitenote_category":0,"footnotes":""},"class_list":["post-3170","page","type-page","status-publish","hentry"],"_links":{"self":[{"href":"https:\/\/mol.icb.usp.br\/index.php\/wp-json\/wp\/v2\/pages\/3170"}],"collection":[{"href":"https:\/\/mol.icb.usp.br\/index.php\/wp-json\/wp\/v2\/pages"}],"about":[{"href":"https:\/\/mol.icb.usp.br\/index.php\/wp-json\/wp\/v2\/types\/page"}],"author":[{"embeddable":true,"href":"https:\/\/mol.icb.usp.br\/index.php\/wp-json\/wp\/v2\/users\/2"}],"replies":[{"embeddable":true,"href":"https:\/\/mol.icb.usp.br\/index.php\/wp-json\/wp\/v2\/comments?post=3170"}],"version-history":[{"count":10,"href":"https:\/\/mol.icb.usp.br\/index.php\/wp-json\/wp\/v2\/pages\/3170\/revisions"}],"predecessor-version":[{"id":5812,"href":"https:\/\/mol.icb.usp.br\/index.php\/wp-json\/wp\/v2\/pages\/3170\/revisions\/5812"}],"wp:attachment":[{"href":"https:\/\/mol.icb.usp.br\/index.php\/wp-json\/wp\/v2\/media?parent=3170"}],"curies":[{"name":"wp","href":"https:\/\/api.w.org\/{rel}","templated":true}]}}