{"id":3164,"date":"2017-11-06T15:22:00","date_gmt":"2017-11-06T17:22:00","guid":{"rendered":"http:\/\/mol.icb.usp.br\/?page_id=3164"},"modified":"2018-03-09T22:08:08","modified_gmt":"2018-03-10T01:08:08","slug":"7-7-tecido-osseo","status":"publish","type":"page","link":"https:\/\/mol.icb.usp.br\/index.php\/7-7-tecido-osseo\/","title":{"rendered":"7-7 Tecido \u00f3sseo"},"content":{"rendered":"<div class=\"su-row\">\n  <div class=\"su-column su-column-size-1-1\"><div class=\"su-column-inner su-u-clearfix su-u-trim\"> <strong>OSTE\u00d3CITOS E SEUS PROLONGAMENTOS<\/strong> <\/div><\/div>\n<\/div>\n<div class=\"su-row\">\n  <div class=\"su-column su-column-size-1-2\"><div class=\"su-column-inner su-u-clearfix su-u-trim\"> Os oste\u00f3citos possuem in\u00fameros prolongamentos. Tanto os oste\u00f3citos como seus prolongamentos se situam em pequenas cavidades da matriz extracelular.<br \/>\nOs corpos celulares dos oste\u00f3citos residem em cavidades ovais ou alongadas enquanto que os prolongamentos ocupam o espa\u00e7o de delicados t\u00faneis da matriz denominados <strong>canal\u00edculos \u00f3sseos<\/strong>. Os prolongamentos de cada oste\u00f3cito estabelecem contato com prolongamentos de oste\u00f3citos adjacentes.<br \/>\nAtrav\u00e9s dos canal\u00edculos os nutrientes, gases e outras mol\u00e9culas transitam entre os vasos sangu\u00edneos e os oste\u00f3citos.<br \/>\nA figura \u00e9 de um esp\u00e9cime que foi preparado para <strong>demonstrar os espa\u00e7os<\/strong> existentes no interior da matriz \u00f3ssea. Um fragmento de osso foi colocado em uma solu\u00e7\u00e3o de corante tionina, que penetrou nas cavidades que cont\u00eam os oste\u00f3citos e os seus prolongamentos. Estamos observando o ac\u00famulo de corante nos espa\u00e7os do osso.<br \/>\nDiferencie os locais habitados pelos corpos celulares dos oste\u00f3citos (setas maiores) e os canal\u00edculos \u00f3sseos ocupados pelos seus prolongamentos (setas menores). <\/p>\n<\/div><\/div>\n  <div class=\"su-column su-column-size-1-2\"><div class=\"su-column-inner su-u-clearfix su-u-trim\">\n<img decoding=\"async\" src=\"http:\/\/mol.icb.usp.br\/wp-content\/uploads\/7-7.jpg\"\/><\/a><\/p>\n<p><strong>NAVEGA\u00c7\u00c3O NO MOL:<\/strong><\/p>\n<p><a href=\"http:\/\/mol.icb.usp.br\/index.php\/7-6-tecido-osseo\/\">ACESSAR P\u00c1GINA ANTERIOR<\/a><\/p>\n<p><a href=\"http:\/\/mol.icb.usp.br\/index.php\/7-8-tecido-osseo\/\">ACESSAR P\u00c1GINA SEGUINTE<\/a>\n<\/div>\n<\/div>\n<\/div>\n<p><\/body><br \/>\n<\/html> <\/div><\/div>\n<\/div>\n","protected":false},"excerpt":{"rendered":"","protected":false},"author":2,"featured_media":0,"parent":0,"menu_order":0,"comment_status":"closed","ping_status":"closed","template":"","meta":{"_monsterinsights_skip_tracking":false,"_monsterinsights_sitenote_active":false,"_monsterinsights_sitenote_note":"","_monsterinsights_sitenote_category":0,"footnotes":""},"class_list":["post-3164","page","type-page","status-publish","hentry"],"_links":{"self":[{"href":"https:\/\/mol.icb.usp.br\/index.php\/wp-json\/wp\/v2\/pages\/3164"}],"collection":[{"href":"https:\/\/mol.icb.usp.br\/index.php\/wp-json\/wp\/v2\/pages"}],"about":[{"href":"https:\/\/mol.icb.usp.br\/index.php\/wp-json\/wp\/v2\/types\/page"}],"author":[{"embeddable":true,"href":"https:\/\/mol.icb.usp.br\/index.php\/wp-json\/wp\/v2\/users\/2"}],"replies":[{"embeddable":true,"href":"https:\/\/mol.icb.usp.br\/index.php\/wp-json\/wp\/v2\/comments?post=3164"}],"version-history":[{"count":10,"href":"https:\/\/mol.icb.usp.br\/index.php\/wp-json\/wp\/v2\/pages\/3164\/revisions"}],"predecessor-version":[{"id":5830,"href":"https:\/\/mol.icb.usp.br\/index.php\/wp-json\/wp\/v2\/pages\/3164\/revisions\/5830"}],"wp:attachment":[{"href":"https:\/\/mol.icb.usp.br\/index.php\/wp-json\/wp\/v2\/media?parent=3164"}],"curies":[{"name":"wp","href":"https:\/\/api.w.org\/{rel}","templated":true}]}}