{"id":3133,"date":"2017-11-06T10:36:47","date_gmt":"2017-11-06T12:36:47","guid":{"rendered":"http:\/\/mol.icb.usp.br\/?page_id=3133"},"modified":"2018-05-03T15:24:06","modified_gmt":"2018-05-03T18:24:06","slug":"7-3-tecido-osseo","status":"publish","type":"page","link":"https:\/\/mol.icb.usp.br\/index.php\/7-3-tecido-osseo\/","title":{"rendered":"7-3 Tecido \u00f3sseo"},"content":{"rendered":"<div class=\"su-row\">\n  <div class=\"su-column su-column-size-1-1\"><div class=\"su-column-inner su-u-clearfix su-u-trim\"> <strong>ORGANIZA\u00c7\u00c3O MICROSC\u00d3PICA DO TECIDO \u00d3SSEO <\/strong> <\/div><\/div>\n<\/div>\n<div class=\"su-row\">\n  <div class=\"su-column su-column-size-1-2\"><div class=\"su-column-inner su-u-clearfix su-u-trim\"> \u00c9 importante, inicialmente, reconhecer o tecido \u00f3sseo ao microsc\u00f3pio. <\/p>\n<p>Figura superior<br \/>\nObservam-se espa\u00e7os preenchidos por <strong>tecido conjuntivo propriamente dito frouxo<\/strong> (em azul claro). Este tecido ocupa as pequenas cavidades internas deste osso &#8211; procure se lembrar da figura anterior.<br \/>\n<a href=\"http:\/\/mol.icb.usp.br\/index.php\/4-31-tecido-conjuntivo\/\" rel=\"noopener\" target=\"_blank\">Clique aqui se quiser rever o conceito de Tecido conjuntivo frouxo.<\/a><br \/>\nO tecido \u00f3sseo \u00e9 visto sob a forma de <strong>trab\u00e9culas \u00f3sseas<\/strong>  (em laranja claro). Repare que estas trab\u00e9culas se fundem com outras e tem um trajeto irregular.<br \/>\nSe fosse observado macroscopicamente, o conjunto destas trab\u00e9culas e espa\u00e7os teria o aspecto do osso esponjoso mostrado na p\u00e1gina anterior.<br \/>\nMuito importante:<br \/>\nA <strong>matriz extracelular do tecido \u00f3sseo \u00e9 eosin\u00f3fila ou acid\u00f3fila<\/strong> e se cora em <strong>vermelho ou rosa ap\u00f3s HE<\/strong>. Portanto, as por\u00e7\u00f5es alongadas de diferentes tamanhos, coradas em rosa e ressaltadas  s\u00e3o trab\u00e9culas de tecido \u00f3sseo.<br \/>\nO tecido \u00f3sseo possui c\u00e9lulas na sua superf\u00edcie e no seu interior. A matriz acid\u00f3fila e a localiza\u00e7\u00e3o das c\u00e9lulas no interior e na superf\u00edcie de cada trab\u00e9cula caracterizam o tecido \u00f3sseo.<br \/>\nLembrar que a matriz extracelular da cartilagem, vista no m\u00f3dulo anterior, \u00e9 bas\u00f3fila e se cora em tons de azul ap\u00f3s HE. <a href=\"http:\/\/mol.icb.usp.br\/index.php\/6-3-tecido-cartilaginoso\/\" rel=\"noopener\" target=\"_blank\">Clique aqui para comparar com imagens de cartilagem hialina.<\/a><\/p>\n<p>Figura inferior<br \/>\nAnalisando as c\u00e9lulas do tecido \u00f3sseo podem-se notar pelo menos duas popula\u00e7\u00f5es de c\u00e9lulas, que diferem quanto a sua localiza\u00e7\u00e3o:<br \/>\n1 &#8211; h\u00e1 uma grande quantidade de c\u00e9lulas no interior das trab\u00e9culas, envolvidas por matriz \u00f3ssea \u2013 destacadas em verde claro. S\u00e3o os <strong>oste\u00f3citos<\/strong>.<br \/>\n2 &#8211; h\u00e1 um grande n\u00famero de c\u00e9lulas dispostas em fileiras, colocadas na superf\u00edcie das trab\u00e9culas \u00f3sseas &#8211; destacadas em cor laranja. S\u00e3o os <strong>osteoblastos<\/strong>.<br \/>\n3 &#8211; no canto direito inferior da figura, destacada por uma seta, h\u00e1 uma volumosa c\u00e9lula (em azul), colocada na superf\u00edcie de uma trab\u00e9cula.\u00c9 um <strong>osteoclast<\/strong>o.<br \/>\nToda a superf\u00edcie do tecido \u00f3sseo \u00e9, portanto, revestida por c\u00e9lulas.<br \/>\nO que significam os locais da superf\u00edcie \u00f3ssea em que n\u00e3o observam c\u00e9lulas &#8211; estas foram deslocadas durante as v\u00e1rias etapas da prepara\u00e7\u00e3o do corte.<\/p>\n<\/div><\/div>\n  <div class=\"su-column su-column-size-1-2\"><div class=\"su-column-inner su-u-clearfix su-u-trim\"> <\/p>\n<div onclick>\n<div class=\"image-container\">\n<div class=\"extra\">\n<a href=\"javascript:void(0)\"><img decoding=\"async\" src=\" http:\/\/mol.icb.usp.br\/wp-content\/uploads\/7-3.jpg \" onmouseover=\"this.src=' http:\/\/mol.icb.usp.br\/wp-content\/uploads\/7-3-A-MO.jpg'\" onmouseout=\"this.src=' http:\/\/mol.icb.usp.br\/wp-content\/uploads\/7-3.jpg'\" \/><\/a><\/div>\n<p>Tecido \u00f3sseo. Colora\u00e7\u00e3o: hematoxilina e eosina. Aumento: pequeno.<\/p>\n<p><img decoding=\"async\" src=\"http:\/\/mol.icb.usp.br\/wp-content\/uploads\/mouse-1.gif\"\/><\/a><\/p>\n<div class=\"extra\">\n<a href=\"javascript:void(0)\"><img decoding=\"async\" src=\" http:\/\/mol.icb.usp.br\/wp-content\/uploads\/7-3.jpg \" onmouseover=\"this.src=' http:\/\/mol.icb.usp.br\/wp-content\/uploads\/7-3-B-MO.jpg'\" onmouseout=\"this.src=' http:\/\/mol.icb.usp.br\/wp-content\/uploads\/7-3.jpg'\" \/><\/a><\/div>\n<p>Tecido \u00f3sseo. Colora\u00e7\u00e3o: hematoxilina e eosina. Aumento: pequeno.<\/p>\n<p><img decoding=\"async\" src=\"http:\/\/mol.icb.usp.br\/wp-content\/uploads\/mouse-1.gif\"\/><\/a><\/p>\n<div onclick=\"\"><strong>Tablets e telefones celulares:<\/strong><br \/>\nClique sobre a figura para acessar outra imagem. Clique fora da figura para voltar \u00e0 primeira imagem.<\/p>\n<p>Para navegar no MOL, use os links ACESSAR P\u00c1GINA ANTERIOR e ACESSAR P\u00c1GINA SEGUINTE situados abaixo da figura.<\/p>\n<p><strong>NAVEGA\u00c7\u00c3O NO MOL:<\/strong><\/p>\n<p><a href=\"http:\/\/mol.icb.usp.br\/index.php\/7-2-tecido-osseo\/\">ACESSAR P\u00c1GINA ANTERIOR<\/a><\/p>\n<p><a href=\"http:\/\/mol.icb.usp.br\/index.php\/7-4-tecido-osseo\/\">ACESSAR P\u00c1GINA SEGUINTE<\/a>\n<\/div>\n<\/div>\n<\/div>\n<p><\/body><br \/>\n<\/html> <\/div><\/div>\n<\/div>\n","protected":false},"excerpt":{"rendered":"","protected":false},"author":2,"featured_media":0,"parent":0,"menu_order":0,"comment_status":"closed","ping_status":"closed","template":"","meta":{"_monsterinsights_skip_tracking":false,"_monsterinsights_sitenote_active":false,"_monsterinsights_sitenote_note":"","_monsterinsights_sitenote_category":0,"footnotes":""},"class_list":["post-3133","page","type-page","status-publish","hentry"],"_links":{"self":[{"href":"https:\/\/mol.icb.usp.br\/index.php\/wp-json\/wp\/v2\/pages\/3133"}],"collection":[{"href":"https:\/\/mol.icb.usp.br\/index.php\/wp-json\/wp\/v2\/pages"}],"about":[{"href":"https:\/\/mol.icb.usp.br\/index.php\/wp-json\/wp\/v2\/types\/page"}],"author":[{"embeddable":true,"href":"https:\/\/mol.icb.usp.br\/index.php\/wp-json\/wp\/v2\/users\/2"}],"replies":[{"embeddable":true,"href":"https:\/\/mol.icb.usp.br\/index.php\/wp-json\/wp\/v2\/comments?post=3133"}],"version-history":[{"count":14,"href":"https:\/\/mol.icb.usp.br\/index.php\/wp-json\/wp\/v2\/pages\/3133\/revisions"}],"predecessor-version":[{"id":6639,"href":"https:\/\/mol.icb.usp.br\/index.php\/wp-json\/wp\/v2\/pages\/3133\/revisions\/6639"}],"wp:attachment":[{"href":"https:\/\/mol.icb.usp.br\/index.php\/wp-json\/wp\/v2\/media?parent=3133"}],"curies":[{"name":"wp","href":"https:\/\/api.w.org\/{rel}","templated":true}]}}