{"id":3085,"date":"2017-11-06T10:03:10","date_gmt":"2017-11-06T12:03:10","guid":{"rendered":"http:\/\/mol.icb.usp.br\/?page_id=3085"},"modified":"2026-04-16T18:16:55","modified_gmt":"2026-04-16T21:16:55","slug":"7-2-tecido-osseo","status":"publish","type":"page","link":"https:\/\/mol.icb.usp.br\/index.php\/7-2-tecido-osseo\/","title":{"rendered":"7-2 Tecido \u00f3sseo"},"content":{"rendered":"<div class=\"su-row\">\n  <div class=\"su-column su-column-size-1-1\"><div class=\"su-column-inner su-u-clearfix su-u-trim\"> <strong>ORGANIZA\u00c7\u00c3O MACROSC\u00d3PICA DE UM OSSO <\/strong> <\/div><\/div>\n<\/div>\n<div class=\"su-row\">\n  <div class=\"su-column su-column-size-1-2\"><div class=\"su-column-inner su-u-clearfix su-u-trim\"> Um osso longo \u00e9 um bom material para analisar macroscopicamente diferentes padr\u00f5es de organiza\u00e7\u00e3o do tecido \u00f3sseo. O osso cortado que se v\u00ea na figura \u00e9 um osso seco do qual todos tecidos moles foram removidos.<br \/>\nNa superf\u00edcie do osso se observa que o tecido \u00f3sseo \u00e9 bastante denso e por esta raz\u00e3o o osso desta camada \u00e9 denominado <strong>osso compacto<\/strong> ou <strong>osso cortical<\/strong>. O osso compacto possui milh\u00f5es de pequenas cavidades que somente podem ser vistas ao microsc\u00f3pio. \u00c9 um tecido muito resistente a tens\u00f5es, tor\u00e7\u00f5es e choques mec\u00e2nicos.<br \/>\nA superf\u00edcie da regi\u00e3o articular \u00e9 revestida por <strong>cartilagem hialina<\/strong> localizada sobre uma fina camada de osso compacto. Isto sempre acontece nas articula\u00e7\u00f5es m\u00f3veis. \u00c9 chamada <strong>cartilagem articular<\/strong>.<br \/>\nO interior da di\u00e1fise \u00e9 oco, formando o <strong>canal medular<\/strong> cujo interior \u00e9 ocupado <em>in vivo<\/em> por medula \u00f3ssea.<br \/>\nO interior das ep\u00edfises \u00e9 constitu\u00eddo por milh\u00f5es de pequenas <strong>trab\u00e9culas \u00f3sseas<\/strong>. S\u00e3o pequenas l\u00e2minas \u00f3sseas organizadas tridimensionalmente originando uma estrutura com in\u00fameras pequenas cavidades vis\u00edveis macroscopicamente. Este tipo de organiza\u00e7\u00e3o tridimensional \u00e9 denominado <strong>osso esponjoso<\/strong>.<br \/>\nAs trab\u00e9culas \u00f3sseas se disp\u00f5em segundo as linhas de for\u00e7a que atuam nesta regi\u00e3o tornando o osso esponjoso bastante resistente, por\u00e9m leve. As cavidades do osso esponjoso costumam conter medula \u00f3ssea.<br \/>\nNa imagem inferior:<br \/>\nH\u00e1 uma regi\u00e3o perif\u00e9rica (em vermelho) correspondente a osso compacto.<br \/>\nNa maior parte da imagem pode-se observar <strong>osso esponjoso<\/strong> em um aumento maior. As regi\u00f5es em rosa claro representam as superf\u00edcies das pequenas l\u00e2minas \u00f3sseas e as regi\u00f5es escuras correspondem \u00e0s cavidades existentes entre as l\u00e2minas.<br \/>\nQuando vistas ao microsc\u00f3pio as l\u00e2minas aparecem em cortes  e  recebem o nome de <strong>trab\u00e9culas<\/strong> ou <strong>esp\u00edculas \u00f3sseas<\/strong> e v\u00e1rias est\u00e3o apontadas por setas.<\/p>\n<\/div><\/div>\n  <div class=\"su-column su-column-size-1-2\"><div class=\"su-column-inner su-u-clearfix su-u-trim\"> <\/p>\n<div onclick>\n<div class=\"image-container\">\n<div class=\"extra\">\n<a href=\"javascript:void(0)\"><img decoding=\"async\" src=\" http:\/\/mol.icb.usp.br\/wp-content\/uploads\/7-2-A.jpg \" onmouseover=\"this.src=' http:\/\/mol.icb.usp.br\/wp-content\/uploads\/7-2-A-MO.jpg'\" onmouseout=\"this.src=' http:\/\/mol.icb.usp.br\/wp-content\/uploads\/7-2-A.jpg'\" \/><\/a><\/div>\n<p>Osso seco. Macrofotografia<\/p>\n<p><img decoding=\"async\" src=\"http:\/\/mol.icb.usp.br\/wp-content\/uploads\/mouse-1.gif\"\/><\/a><\/p>\n<div class=\"extra\">\n<a href=\"javascript:void(0)\"><img decoding=\"async\" src=\" http:\/\/mol.icb.usp.br\/wp-content\/uploads\/7-2-B.jpg \" onmouseover=\"this.src=' http:\/\/mol.icb.usp.br\/wp-content\/uploads\/7-2-B-MO.jpg'\" onmouseout=\"this.src=' http:\/\/mol.icb.usp.br\/wp-content\/uploads\/7-2-B.jpg'\" \/><\/a><\/div>\n<p>Osso seco. Macrofotografia<\/p>\n<p><img decoding=\"async\" src=\"http:\/\/mol.icb.usp.br\/wp-content\/uploads\/mouse-1.gif\"\/><\/a><\/p>\n<p><strong>NAVEGA\u00c7\u00c3O NO MOL:<\/strong><\/p>\n<p><a href=\"http:\/\/mol.icb.usp.br\/index.php\/7-1-tecido-osseo\/\">ACESSAR P\u00c1GINA ANTERIOR<\/a><\/p>\n<p><a href=\"http:\/\/mol.icb.usp.br\/index.php\/7-3-tecido-osseo\/\">ACESSAR P\u00c1GINA SEGUINTE<\/a>\n<\/div>\n<\/div>\n<\/div>\n<p><\/body><br \/>\n<\/html> <\/div><\/div>\n<\/div>\n","protected":false},"excerpt":{"rendered":"","protected":false},"author":2,"featured_media":0,"parent":0,"menu_order":0,"comment_status":"closed","ping_status":"closed","template":"","meta":{"_monsterinsights_skip_tracking":false,"_monsterinsights_sitenote_active":false,"_monsterinsights_sitenote_note":"","_monsterinsights_sitenote_category":0,"footnotes":""},"class_list":["post-3085","page","type-page","status-publish","hentry"],"_links":{"self":[{"href":"https:\/\/mol.icb.usp.br\/index.php\/wp-json\/wp\/v2\/pages\/3085"}],"collection":[{"href":"https:\/\/mol.icb.usp.br\/index.php\/wp-json\/wp\/v2\/pages"}],"about":[{"href":"https:\/\/mol.icb.usp.br\/index.php\/wp-json\/wp\/v2\/types\/page"}],"author":[{"embeddable":true,"href":"https:\/\/mol.icb.usp.br\/index.php\/wp-json\/wp\/v2\/users\/2"}],"replies":[{"embeddable":true,"href":"https:\/\/mol.icb.usp.br\/index.php\/wp-json\/wp\/v2\/comments?post=3085"}],"version-history":[{"count":13,"href":"https:\/\/mol.icb.usp.br\/index.php\/wp-json\/wp\/v2\/pages\/3085\/revisions"}],"predecessor-version":[{"id":6634,"href":"https:\/\/mol.icb.usp.br\/index.php\/wp-json\/wp\/v2\/pages\/3085\/revisions\/6634"}],"wp:attachment":[{"href":"https:\/\/mol.icb.usp.br\/index.php\/wp-json\/wp\/v2\/media?parent=3085"}],"curies":[{"name":"wp","href":"https:\/\/api.w.org\/{rel}","templated":true}]}}