{"id":3081,"date":"2017-11-06T09:53:52","date_gmt":"2017-11-06T11:53:52","guid":{"rendered":"http:\/\/mol.icb.usp.br\/?page_id=3081"},"modified":"2018-03-09T15:42:40","modified_gmt":"2018-03-09T18:42:40","slug":"7-1-tecido-osseo","status":"publish","type":"page","link":"https:\/\/mol.icb.usp.br\/index.php\/7-1-tecido-osseo\/","title":{"rendered":"7-1 Tecido \u00f3sseo"},"content":{"rendered":"<p>CARACTER\u00cdSTICAS E COMPONENTES DO TECIDO \u00d3SSEO<\/p>\n<p>O tecido \u00f3sseo \u00e9 um tipo de tecido conjuntivo formado por c\u00e9lulas residentes originadas do mes\u00eanquima e por uma matriz extracelular mineralizada.<br \/>\nO tecido \u00f3sseo \u00e9 constitu\u00eddo de popula\u00e7\u00f5es de c\u00e9lulas originadas de duas linhagens: <strong>osteobl\u00e1stica<\/strong> e <strong>osteocl\u00e1stica<\/strong>, com distribui\u00e7\u00e3o e fun\u00e7\u00f5es espec\u00edficas no tecido \u00f3sseo.<br \/>\nA <strong>matriz extracelular<\/strong> do osso \u00e9 bastante especial, pois \u00e9 formada de uma por\u00e7\u00e3o org\u00e2nica e de uma por\u00e7\u00e3o mineralizada. Possui duas caracter\u00edsticas principais:<br \/>\n&#8211; predom\u00ednio de mol\u00e9culas de col\u00e1geno do tipo I organizadas em fibras. Dependendo do tipo de osso e do seu grau de amadurecimento, as fibras podem estar dispostas de maneira  desorganizada ou de maneira altamente organizada.<br \/>\n&#8211; presen\u00e7a de muitas outras mol\u00e9culas na matriz extracelular fundamental, principalmente <strong>proteoglicanas<\/strong> e <strong>glicoprote\u00ednas<\/strong>, algumas delas exclusivas ou caracter\u00edsticas do tecido \u00f3sseo.<br \/>\n&#8211; as fibras col\u00e1genas s\u00e3o acid\u00f3filas e se coram bem pela eosina. Isto significa que a <strong>matriz \u00f3ssea se apresenta em cor de rosa<\/strong> ap\u00f3s colora\u00e7\u00e3o por H&#038;E, ao contr\u00e1rio da matriz cartilaginosa que se cora predominantemente pela hematoxilina (\u00e9 bas\u00f3fila e azulada).<br \/>\n&#8211; a matriz \u00f3ssea \u00e9 calcificada devido \u00e0 deposi\u00e7\u00e3o de cristais de hidroxiapatita (formados de fosfato de c\u00e1lcio) sobre as fibrilas col\u00e1genas.<\/p>\n<p><strong>Cortes histol\u00f3gicos de tecido \u00f3sseo e de dentes<\/strong><br \/>\nDevido \u00e0 sua consist\u00eancia r\u00edgida, o tecido duros requerem <strong>metodologias especiais para a obten\u00e7\u00e3o de cortes histol\u00f3gicos<\/strong>.<br \/>\nVeja como isto \u00e9 feito na p\u00e1ginas sobre <a href=\"http:\/\/mol.icb.usp.br\/index.php\/1-27-conceitos-basicos\/\" rel=\"noopener\" target=\"_blank\"><strong>Prepara\u00e7\u00e3o de tecidos duros<\/strong><\/a>.   <\/p>\n<p><a href=\"http:\/\/mol.icb.usp.br\/index.php\/6-3-tecido-cartilaginoso\/\" rel=\"noopener\" target=\"_blank\">Clique para rever a matriz cartilaginosa<\/a><\/p>\n<p><strong>NAVEGA\u00c7\u00c3O NO MOL:<\/strong><\/p>\n<p><a href=\"http:\/\/mol.icb.usp.br\/index.php\/7-0-tecido-osseo\/\">ACESSAR P\u00c1GINA ANTERIOR<\/a><\/p>\n<p><a href=\"http:\/\/mol.icb.usp.br\/index.php\/7-2-tecido-osseo\/\">ACESSAR P\u00c1GINA SEGUINTE<\/a><\/p>\n","protected":false},"excerpt":{"rendered":"<p>CARACTER\u00cdSTICAS E COMPONENTES DO TECIDO \u00d3SSEO O tecido \u00f3sseo \u00e9 um tipo de tecido conjuntivo formado por c\u00e9lulas residentes originadas do mes\u00eanquima e por uma matriz extracelular mineralizada. O tecido \u00f3sseo \u00e9 constitu\u00eddo de popula\u00e7\u00f5es de c\u00e9lulas originadas de duas linhagens: osteobl\u00e1stica e osteocl\u00e1stica, com distribui\u00e7\u00e3o e fun\u00e7\u00f5es espec\u00edficas no tecido \u00f3sseo. A matriz extracelular [&hellip;]<\/p>\n","protected":false},"author":2,"featured_media":0,"parent":0,"menu_order":0,"comment_status":"closed","ping_status":"closed","template":"","meta":{"_monsterinsights_skip_tracking":false,"_monsterinsights_sitenote_active":false,"_monsterinsights_sitenote_note":"","_monsterinsights_sitenote_category":0,"footnotes":""},"class_list":["post-3081","page","type-page","status-publish","hentry"],"_links":{"self":[{"href":"https:\/\/mol.icb.usp.br\/index.php\/wp-json\/wp\/v2\/pages\/3081"}],"collection":[{"href":"https:\/\/mol.icb.usp.br\/index.php\/wp-json\/wp\/v2\/pages"}],"about":[{"href":"https:\/\/mol.icb.usp.br\/index.php\/wp-json\/wp\/v2\/types\/page"}],"author":[{"embeddable":true,"href":"https:\/\/mol.icb.usp.br\/index.php\/wp-json\/wp\/v2\/users\/2"}],"replies":[{"embeddable":true,"href":"https:\/\/mol.icb.usp.br\/index.php\/wp-json\/wp\/v2\/comments?post=3081"}],"version-history":[{"count":8,"href":"https:\/\/mol.icb.usp.br\/index.php\/wp-json\/wp\/v2\/pages\/3081\/revisions"}],"predecessor-version":[{"id":5777,"href":"https:\/\/mol.icb.usp.br\/index.php\/wp-json\/wp\/v2\/pages\/3081\/revisions\/5777"}],"wp:attachment":[{"href":"https:\/\/mol.icb.usp.br\/index.php\/wp-json\/wp\/v2\/media?parent=3081"}],"curies":[{"name":"wp","href":"https:\/\/api.w.org\/{rel}","templated":true}]}}