{"id":3073,"date":"2017-10-28T20:18:16","date_gmt":"2017-10-28T22:18:16","guid":{"rendered":"http:\/\/mol.icb.usp.br\/?page_id=3073"},"modified":"2018-01-20T17:19:28","modified_gmt":"2018-01-20T19:19:28","slug":"6-0-tecido-cartilaginoso","status":"publish","type":"page","link":"https:\/\/mol.icb.usp.br\/index.php\/6-0-tecido-cartilaginoso\/","title":{"rendered":"6-0 Tecido cartilaginoso"},"content":{"rendered":"<p>OBJETIVOS DESTE M\u00d3DULO:<\/p>\n<p>Ensinar as caracter\u00edsticas histol\u00f3gicas e a classifica\u00e7\u00e3o do tecido cartilaginoso.<br \/>\nAnalisar as caracter\u00edsticas histol\u00f3gicas da cartilagem hialina, el\u00e1stica e fibrosa.<\/p>\n<p>Este m\u00f3dulo \u00e9 composto de 9 p\u00e1ginas.<\/p>\n<p><a href=\"http:\/\/mol.icb.usp.br\/index.php\/6-1-tecido-cartilaginoso\/\">ENTRE NO IN\u00cdCIO DO M\u00d3DULO 6<\/a><br \/>\nou<br \/>\nCLIQUE NOS LINKS PARA ABRIR OS T\u00d3PICOS PRINCIPAIS:<\/p>\n<p><a href=\"http:\/\/mol.icb.usp.br\/index.php\/6-1-tecido-cartilaginoso\/\">Caracter\u00edsticas histol\u00f3gicas e localiza\u00e7\u00f5es do tecido cartilaginoso.<\/a><br \/>\n<a href=\"http:\/\/mol.icb.usp.br\/index.php\/6-3-tecido-cartilaginoso\/\">Cartilagem hialina.<\/a><br \/>\n<a href=\"http:\/\/mol.icb.usp.br\/index.php\/6-8-tecido-cartilaginoso\/\">Cartilagem el\u00e1stica.<\/a><br \/>\n<a href=\"http:\/\/mol.icb.usp.br\/index.php\/6-9-tecido-cartilaginoso\/\">Cartilagem fibrosa ou fibrocartilagem.<\/a><\/p>\n","protected":false},"excerpt":{"rendered":"<p>OBJETIVOS DESTE M\u00d3DULO: Ensinar as caracter\u00edsticas histol\u00f3gicas e a classifica\u00e7\u00e3o do tecido cartilaginoso. Analisar as caracter\u00edsticas histol\u00f3gicas da cartilagem hialina, el\u00e1stica e fibrosa. Este m\u00f3dulo \u00e9 composto de 9 p\u00e1ginas. ENTRE NO IN\u00cdCIO DO M\u00d3DULO 6 ou CLIQUE NOS LINKS PARA ABRIR OS T\u00d3PICOS PRINCIPAIS: Caracter\u00edsticas histol\u00f3gicas e localiza\u00e7\u00f5es do tecido cartilaginoso. Cartilagem hialina. Cartilagem [&hellip;]<\/p>\n","protected":false},"author":2,"featured_media":0,"parent":0,"menu_order":0,"comment_status":"closed","ping_status":"closed","template":"","meta":{"_monsterinsights_skip_tracking":false,"_monsterinsights_sitenote_active":false,"_monsterinsights_sitenote_note":"","_monsterinsights_sitenote_category":0,"footnotes":""},"class_list":["post-3073","page","type-page","status-publish","hentry"],"_links":{"self":[{"href":"https:\/\/mol.icb.usp.br\/index.php\/wp-json\/wp\/v2\/pages\/3073"}],"collection":[{"href":"https:\/\/mol.icb.usp.br\/index.php\/wp-json\/wp\/v2\/pages"}],"about":[{"href":"https:\/\/mol.icb.usp.br\/index.php\/wp-json\/wp\/v2\/types\/page"}],"author":[{"embeddable":true,"href":"https:\/\/mol.icb.usp.br\/index.php\/wp-json\/wp\/v2\/users\/2"}],"replies":[{"embeddable":true,"href":"https:\/\/mol.icb.usp.br\/index.php\/wp-json\/wp\/v2\/comments?post=3073"}],"version-history":[{"count":4,"href":"https:\/\/mol.icb.usp.br\/index.php\/wp-json\/wp\/v2\/pages\/3073\/revisions"}],"predecessor-version":[{"id":5023,"href":"https:\/\/mol.icb.usp.br\/index.php\/wp-json\/wp\/v2\/pages\/3073\/revisions\/5023"}],"wp:attachment":[{"href":"https:\/\/mol.icb.usp.br\/index.php\/wp-json\/wp\/v2\/media?parent=3073"}],"curies":[{"name":"wp","href":"https:\/\/api.w.org\/{rel}","templated":true}]}}