{"id":3061,"date":"2017-10-28T11:51:32","date_gmt":"2017-10-28T13:51:32","guid":{"rendered":"http:\/\/mol.icb.usp.br\/?page_id=3061"},"modified":"2018-03-09T15:37:51","modified_gmt":"2018-03-09T18:37:51","slug":"6-9-tecido-cartilaginoso","status":"publish","type":"page","link":"https:\/\/mol.icb.usp.br\/index.php\/6-9-tecido-cartilaginoso\/","title":{"rendered":"6-9 Tecido cartilaginoso"},"content":{"rendered":"<div class=\"su-row\">\n  <div class=\"su-column su-column-size-1-1\"><div class=\"su-column-inner su-u-clearfix su-u-trim\"> <strong>CARTILAGEM FIBROSA OU FIBROCARTILAGEM<\/strong> <\/div><\/div>\n<\/div>\n<div class=\"su-row\">\n  <div class=\"su-column su-column-size-1-2\"><div class=\"su-column-inner su-u-clearfix su-u-trim\"> A <strong>cartilagem fibrosa<\/strong> \u00e9 formada por condr\u00f3citos enfileirados entre fibras col\u00e1genas paralelas de di\u00e2metro vari\u00e1vel, geralmente bastante espessas.<br \/>\nPode-se concluir que este tipo de cartilagem, reunindo fibras col\u00e1genas e componentes da matriz extracelular cartilaginosa, tenha uma grande capacidade de resist\u00eancia \u00e0 press\u00e3o mec\u00e2nica, tor\u00e7\u00e3o e tens\u00e3o.  \u00c9, portanto, uma estrutura bastante forte, o que explica a sua localiza\u00e7\u00e3o em locais muito sujeitos a for\u00e7as f\u00edsicas: discos intervertebrais, s\u00ednfise pubiana, inser\u00e7\u00e3o de tend\u00f5es em ossos, na articula\u00e7\u00e3o t\u00eamporo-mandibular e na articula\u00e7\u00e3o coxo-femural.<br \/>\nA imagem superior mostra em aumento pequeno  uma parte de um <strong>disco intervertebral<\/strong> onde se observam c\u00e9lulas e fibras col\u00e1genas. Neste tipo de cartilagem <strong>a matriz extracelular n\u00e3o \u00e9 bas\u00f3fila<\/strong>, como nos demais tipos de cartilagem, pois \u00e9 formada principalmente pela prote\u00edna col\u00e1geno, que \u00e9<strong> acid\u00f3fil<\/strong>a, corando-se em rosa ap\u00f3s HE.<br \/>\nNo aumento maior (figura inferior) de um disco intervertebral, h\u00e1 condr\u00f3citos alinhados entre espessas fibras col\u00e1genas acid\u00f3filas. \u00c9 poss\u00edvel observar muito bem que os condr\u00f3citos se localizam em pequenas lacunas.<br \/>\nCondr\u00f3citos ressaltados em azul e fibras col\u00e1genas em cor de rosa.<br \/>\nO diagn\u00f3stico diferencial entre fibrocartilagem e tend\u00e3o pode ser feito pelas c\u00e9lulas que os constituem: fibroblastos alongados no tend\u00e3o e condr\u00f3citos na cartilagem.<\/p>\n<p><a href=\"http:\/\/mol.icb.usp.br\/index.php\/4-36-tecido-conjuntivo\/\" rel=\"noopener\" target=\"_blank\">Clique aqui para rever a imagem de tend\u00e3o<\/a><\/p>\n<\/div><\/div>\n  <div class=\"su-column su-column-size-1-2\"><div class=\"su-column-inner su-u-clearfix su-u-trim\">\n<img decoding=\"async\" src=\" http:\/\/mol.icb.usp.br\/wp-content\/uploads\/6-9-A.jpg \" \/><\/a><\/p>\n<p>Fibrocartilagem. Colora\u00e7\u00e3o: HE. Aumento: pequeno.<\/p>\n<div onclick>\n<div class=\"image-container\">\n<div class=\"extra\">\n<a href=\"javascript:void(0)\"><img decoding=\"async\" src=\" http:\/\/mol.icb.usp.br\/wp-content\/uploads\/6-9-B.jpg \" onmouseover=\"this.src=' http:\/\/mol.icb.usp.br\/wp-content\/uploads\/6-9-B-MO.jpg'\" onmouseout=\"this.src=' http:\/\/mol.icb.usp.br\/wp-content\/uploads\/6-9-B.jpg'\" \/><\/a><\/div>\n<p>Fibrocartilagem. Colora\u00e7\u00e3o: HE. Aumento: m\u00e9dio.<\/p>\n<p><img decoding=\"async\" src=\"http:\/\/mol.icb.usp.br\/wp-content\/uploads\/mouse-1.gif\"\/><\/a><\/p>\n<p><strong>NAVEGA\u00c7\u00c3O NO MOL:<\/strong><\/p>\n<p><a href=\"http:\/\/mol.icb.usp.br\/index.php\/6-8-tecido-cartilaginoso\/\" rel=\"noopener\" target=\"_blank\">ACESSAR P\u00c1GINA ANTERIOR<\/a><\/p>\n<p style=\"font-size:20px\"><strong>FIM DO M\u00d3DULO <em>6 -TECIDO CARTILAGINOSO<\/em><\/strong> <\/p>\n<\/div>\n<\/div>\n<\/div>\n<p><\/body><br \/>\n<\/html> <\/div><\/div>\n<\/div>\n","protected":false},"excerpt":{"rendered":"","protected":false},"author":2,"featured_media":0,"parent":0,"menu_order":0,"comment_status":"closed","ping_status":"closed","template":"","meta":{"_monsterinsights_skip_tracking":false,"_monsterinsights_sitenote_active":false,"_monsterinsights_sitenote_note":"","_monsterinsights_sitenote_category":0,"footnotes":""},"class_list":["post-3061","page","type-page","status-publish","hentry"],"_links":{"self":[{"href":"https:\/\/mol.icb.usp.br\/index.php\/wp-json\/wp\/v2\/pages\/3061"}],"collection":[{"href":"https:\/\/mol.icb.usp.br\/index.php\/wp-json\/wp\/v2\/pages"}],"about":[{"href":"https:\/\/mol.icb.usp.br\/index.php\/wp-json\/wp\/v2\/types\/page"}],"author":[{"embeddable":true,"href":"https:\/\/mol.icb.usp.br\/index.php\/wp-json\/wp\/v2\/users\/2"}],"replies":[{"embeddable":true,"href":"https:\/\/mol.icb.usp.br\/index.php\/wp-json\/wp\/v2\/comments?post=3061"}],"version-history":[{"count":6,"href":"https:\/\/mol.icb.usp.br\/index.php\/wp-json\/wp\/v2\/pages\/3061\/revisions"}],"predecessor-version":[{"id":5030,"href":"https:\/\/mol.icb.usp.br\/index.php\/wp-json\/wp\/v2\/pages\/3061\/revisions\/5030"}],"wp:attachment":[{"href":"https:\/\/mol.icb.usp.br\/index.php\/wp-json\/wp\/v2\/media?parent=3061"}],"curies":[{"name":"wp","href":"https:\/\/api.w.org\/{rel}","templated":true}]}}