{"id":3056,"date":"2017-10-28T11:49:32","date_gmt":"2017-10-28T13:49:32","guid":{"rendered":"http:\/\/mol.icb.usp.br\/?page_id=3056"},"modified":"2025-09-27T11:37:22","modified_gmt":"2025-09-27T14:37:22","slug":"6-8-tecido-cartilaginoso","status":"publish","type":"page","link":"https:\/\/mol.icb.usp.br\/index.php\/6-8-tecido-cartilaginoso\/","title":{"rendered":"6-8 Tecido cartilaginoso"},"content":{"rendered":"<div class=\"su-row\">\n  <div class=\"su-column su-column-size-1-1\"><div class=\"su-column-inner su-u-clearfix su-u-trim\"> <strong>CARTILAGEM EL\u00c1STICA<\/strong> <\/div><\/div>\n<\/div>\n<div class=\"su-row\">\n  <div class=\"su-column su-column-size-1-2\"><div class=\"su-column-inner su-u-clearfix su-u-trim\"> A caracter\u00edstica mais importante da cartilagem el\u00e1stica \u00e9 a composi\u00e7\u00e3o de sua matriz extracelular.<br \/>\nNela h\u00e1 grande quantidade de <strong>material el\u00e1stico<\/strong>, principalmente sob a forma de <strong>fibras el\u00e1sticas<\/strong>, al\u00e9m de quantidades vari\u00e1veis de <strong>col\u00e1geno<\/strong>.<br \/>\nEsta peculiaridade fornece \u00e0s pe\u00e7as de cartilagem el\u00e1stica uma elasticidade maior que a encontrada em pe\u00e7as de cartilagem hialina. \u00c9 encontrada, por exemplo, na laringe, epiglote, orelha.<br \/>\nSeu aspecto em cortes corados por hematoxilina e eosina pode ser muito semelhante ao da cartilagem hialina.<br \/>\nAs fibras el\u00e1sticas n\u00e3o costumam ser coradas por esta combina\u00e7\u00e3o de corantes. Para se diagnosticar adequadamente a cartilagem el\u00e1stica \u00e9 muito \u00fatil utilizar corantes que demonstrem material el\u00e1stico (p. ex. corante de Verhoeff, corante de Weigert).<\/p>\n<p>Nas duas imagens observe a grande quantidade de fibras el\u00e1sticas na matriz extracelular, al\u00e9m de condr\u00f3citos (v\u00e1rios deles destacados na imagem superior ao passar o cursor sobre ela).<\/p>\n<\/div><\/div>\n  <div class=\"su-column su-column-size-1-2\"><div class=\"su-column-inner su-u-clearfix su-u-trim\"> <\/p>\n<div onclick>\n<div class=\"image-container\">\n<div class=\"extra\">\n<a href=\"javascript:void(0)\"><img decoding=\"async\" src=\" http:\/\/mol.icb.usp.br\/wp-content\/uploads\/6-8-A.jpg \" onmouseover=\"this.src=' http:\/\/mol.icb.usp.br\/wp-content\/uploads\/6-8-A-MO.jpg'\" onmouseout=\"this.src=' http:\/\/mol.icb.usp.br\/wp-content\/uploads\/6-8-A.jpg'\" \/><\/a><\/div>\n<p>Pavilh\u00e3o auditivo. Colora\u00e7\u00e3o: Weigert. Aumento: m\u00e9dio.<\/p>\n<p><img decoding=\"async\" src=\"http:\/\/mol.icb.usp.br\/wp-content\/uploads\/mouse-1.gif\"\/><\/a><\/p>\n<p><img decoding=\"async\" src=\"http:\/\/mol.icb.usp.br\/wp-content\/uploads\/6-8-B.jpg\"\/><\/a><\/p>\n<p>Epiglote. Colora\u00e7\u00e3o: Weigert. Aumento: m\u00e9dio.<\/p>\n<p><strong>NAVEGA\u00c7\u00c3O NO MOL:<\/strong><\/p>\n<p><a href=\"http:\/\/mol.icb.usp.br\/index.php\/6-7-tecido-cartilaginoso\/\">ACESSAR P\u00c1GINA ANTERIOR<\/a><\/p>\n<p><a href=\"http:\/\/mol.icb.usp.br\/index.php\/6-9-tecido-cartilaginoso\/\">ACESSAR P\u00c1GINA SEGUINTE<\/a>\n<\/div>\n<\/div>\n<\/div>\n<p><\/body><br \/>\n<\/html> <\/div><\/div>\n<\/div>\n","protected":false},"excerpt":{"rendered":"","protected":false},"author":2,"featured_media":0,"parent":0,"menu_order":0,"comment_status":"closed","ping_status":"closed","template":"","meta":{"_monsterinsights_skip_tracking":false,"_monsterinsights_sitenote_active":false,"_monsterinsights_sitenote_note":"","_monsterinsights_sitenote_category":0,"footnotes":""},"class_list":["post-3056","page","type-page","status-publish","hentry"],"_links":{"self":[{"href":"https:\/\/mol.icb.usp.br\/index.php\/wp-json\/wp\/v2\/pages\/3056"}],"collection":[{"href":"https:\/\/mol.icb.usp.br\/index.php\/wp-json\/wp\/v2\/pages"}],"about":[{"href":"https:\/\/mol.icb.usp.br\/index.php\/wp-json\/wp\/v2\/types\/page"}],"author":[{"embeddable":true,"href":"https:\/\/mol.icb.usp.br\/index.php\/wp-json\/wp\/v2\/users\/2"}],"replies":[{"embeddable":true,"href":"https:\/\/mol.icb.usp.br\/index.php\/wp-json\/wp\/v2\/comments?post=3056"}],"version-history":[{"count":5,"href":"https:\/\/mol.icb.usp.br\/index.php\/wp-json\/wp\/v2\/pages\/3056\/revisions"}],"predecessor-version":[{"id":10492,"href":"https:\/\/mol.icb.usp.br\/index.php\/wp-json\/wp\/v2\/pages\/3056\/revisions\/10492"}],"wp:attachment":[{"href":"https:\/\/mol.icb.usp.br\/index.php\/wp-json\/wp\/v2\/media?parent=3056"}],"curies":[{"name":"wp","href":"https:\/\/api.w.org\/{rel}","templated":true}]}}