{"id":3044,"date":"2017-10-28T11:37:54","date_gmt":"2017-10-28T13:37:54","guid":{"rendered":"http:\/\/mol.icb.usp.br\/?page_id=3044"},"modified":"2018-03-09T15:35:41","modified_gmt":"2018-03-09T18:35:41","slug":"6-7-tecido-cartilaginoso","status":"publish","type":"page","link":"https:\/\/mol.icb.usp.br\/index.php\/6-7-tecido-cartilaginoso\/","title":{"rendered":"6-7 Tecido cartilaginoso"},"content":{"rendered":"<div class=\"su-row\">\n  <div class=\"su-column su-column-size-1-1\"><div class=\"su-column-inner su-u-clearfix su-u-trim\"> <strong>PERIC\u00d4NDRIO <\/strong><\/div><\/div>\n<\/div>\n<div class=\"su-row\">\n  <div class=\"su-column su-column-size-1-2\"><div class=\"su-column-inner su-u-clearfix su-u-trim\">\nQuase todas pe\u00e7as de cartilagem hialina e el\u00e1stica s\u00e3o revestidas por uma camada de c\u00e9lulas e fibras de tecido conjuntivo propriamente dito. Esta camada \u00e9 denominado denominada <strong>peric\u00f4ndrio<\/strong>.<br \/>\nN\u00e3o existe peric\u00f4ndrio na superf\u00edcie das cartilagens articulares (para que esta superf\u00edcie seja bastante lisa) e nem em torno de pe\u00e7as de cartilagem fibrosa (fibrocartilagem).<br \/>\nA superf\u00edcie externa do peric\u00f4ndrio \u00e9 geralmente bem definida e se continua com o tecido conjuntivo dos \u00f3rg\u00e3os onde as cartilagens est\u00e3o instaladas.<br \/>\nA superf\u00edcie interna do peric\u00f4ndrio \u00e9 adjacente ao tecido cartilaginoso, mas os limites entre ambos n\u00e3o s\u00e3o bem definidos.<br \/>\nNesta interface entre peric\u00f4ndrio e a cartilagem propriamente dita, ocorre a diferencia\u00e7\u00e3o de c\u00e9lulas com potencialidade para se desenvolverem em condr\u00f3citos. Estas c\u00e9lulas, chamadas <strong>condroblastos<\/strong>, se comportam como c\u00e9lulas-tronco de cartilagem. Ap\u00f3s a sua diferencia\u00e7\u00e3o estes novos condr\u00f3citos s\u00e3o adicionados \u00e0 superf\u00edcie da cartilagem, raz\u00e3o do nome <strong>crescimento por aposi\u00e7\u00e3o<\/strong>.<\/p>\n<p>A figura apresenta uma regi\u00e3o de peric\u00f4ndrio de uma cartilagem hialina. Pode se notar que na sua regi\u00e3o mais externa (abaixo e \u00e0 esquerda) o peric\u00f4ndrio tem caracter\u00edsticas de tecido conjuntivo denso modelado.<br \/>\nNa regi\u00e3o interna, que se continua com o tecido cartilaginoso propriamente dito, h\u00e1 uma transi\u00e7\u00e3o de c\u00e9lulas que est\u00e3o se diferenciando em condr\u00f3citos. A seta indica a dire\u00e7\u00e3o desta transi\u00e7\u00e3o e o sentido de ac\u00famulo de novos condr\u00f3citos \u00e0 superf\u00edcie da cartilagem por meio tipo de crescimento denominado <strong>\u201cpor aposi\u00e7\u00e3o\u201d<\/strong> ou <strong>&#8220;aposicional&#8221;<\/strong>.<\/p>\n<\/div><\/div>\n  <div class=\"su-column su-column-size-1-2\"><div class=\"su-column-inner su-u-clearfix su-u-trim\"> <\/p>\n<p><img decoding=\"async\" src=\" http:\/\/mol.icb.usp.br\/wp-content\/uploads\/6-7.jpg \" \/><\/a><\/p>\n<p>Traqueia. Colora\u00e7\u00e3o: HE. Aumento:grande.<\/p>\n<p>Para navegar no MOL, use os links ACESSAR P\u00c1GINA ANTERIOR e ACESSAR P\u00c1GINA SEGUINTE situados abaixo da figura.<\/p>\n<p><strong>NAVEGA\u00c7\u00c3O NO MOL:<\/strong><\/p>\n<p><a href=\"http:\/\/mol.icb.usp.br\/index.php\/6-6-tecido-cartilaginoso\/\">ACESSAR P\u00c1GINA ANTERIOR<\/a><\/p>\n<p><a href=\"http:\/\/mol.icb.usp.br\/index.php\/6-8-tecido-cartilaginoso\/\">ACESSAR P\u00c1GINA SEGUINTE<\/a><br \/>\n<\/div><\/div>\n<\/div>\n","protected":false},"excerpt":{"rendered":"","protected":false},"author":2,"featured_media":0,"parent":0,"menu_order":0,"comment_status":"closed","ping_status":"closed","template":"","meta":{"_monsterinsights_skip_tracking":false,"_monsterinsights_sitenote_active":false,"_monsterinsights_sitenote_note":"","_monsterinsights_sitenote_category":0,"footnotes":""},"class_list":["post-3044","page","type-page","status-publish","hentry"],"_links":{"self":[{"href":"https:\/\/mol.icb.usp.br\/index.php\/wp-json\/wp\/v2\/pages\/3044"}],"collection":[{"href":"https:\/\/mol.icb.usp.br\/index.php\/wp-json\/wp\/v2\/pages"}],"about":[{"href":"https:\/\/mol.icb.usp.br\/index.php\/wp-json\/wp\/v2\/types\/page"}],"author":[{"embeddable":true,"href":"https:\/\/mol.icb.usp.br\/index.php\/wp-json\/wp\/v2\/users\/2"}],"replies":[{"embeddable":true,"href":"https:\/\/mol.icb.usp.br\/index.php\/wp-json\/wp\/v2\/comments?post=3044"}],"version-history":[{"count":9,"href":"https:\/\/mol.icb.usp.br\/index.php\/wp-json\/wp\/v2\/pages\/3044\/revisions"}],"predecessor-version":[{"id":5774,"href":"https:\/\/mol.icb.usp.br\/index.php\/wp-json\/wp\/v2\/pages\/3044\/revisions\/5774"}],"wp:attachment":[{"href":"https:\/\/mol.icb.usp.br\/index.php\/wp-json\/wp\/v2\/media?parent=3044"}],"curies":[{"name":"wp","href":"https:\/\/api.w.org\/{rel}","templated":true}]}}