{"id":3036,"date":"2017-10-28T11:26:30","date_gmt":"2017-10-28T13:26:30","guid":{"rendered":"http:\/\/mol.icb.usp.br\/?page_id=3036"},"modified":"2018-03-09T15:27:59","modified_gmt":"2018-03-09T18:27:59","slug":"6-5-tecido-cartilaginoso","status":"publish","type":"page","link":"https:\/\/mol.icb.usp.br\/index.php\/6-5-tecido-cartilaginoso\/","title":{"rendered":"6-5 Tecido cartilaginoso"},"content":{"rendered":"<div class=\"su-row\">\n  <div class=\"su-column su-column-size-1-1\"><div class=\"su-column-inner su-u-clearfix su-u-trim\"> <strong>CARTILAGEM HIALINA &#8211; 3<\/strong> <\/div><\/div>\n<\/div>\n<div class=\"su-row\">\n  <div class=\"su-column su-column-size-1-2\"><div class=\"su-column-inner su-u-clearfix su-u-trim\"> <strong>Grupos is\u00f3genos<\/strong><br \/>\nAs pe\u00e7as cartilaginosas crescem por dois mecanismos:<br \/>\n<strong>Crescimento intersticial<\/strong> &#8211; ocorre por divis\u00e3o mit\u00f3tica dos condr\u00f3citos.<\/ul>\n<p><strong>Crescimento por aposi\u00e7\u00e3o<\/strong> &#8211; ocorre por acr\u00e9scimo de condr\u00f3citos pelo peric\u00f4ndrio que reveste a pe\u00e7a (veja mais adiante).<\/p>\n<p>No <strong>crescimento intersticial<\/strong>, devido \u00e0 consist\u00eancia semirr\u00edgida da matriz, as c\u00e9lulas resultantes de uma divis\u00e3o tendem a permanecer pr\u00f3ximas entre si.<br \/>\nElas formam pequenos grupos de c\u00e9lulas denominados <strong>grupos is\u00f3genos<\/strong>, resultantes da divis\u00e3o de uma \u00fanica c\u00e9lula. Portanto, constituem pequenos clones de condr\u00f3citos.<br \/>\nAo passar o cursor ou clicar sobre a imagem v\u00e1rios <strong>grupos is\u00f3genos<\/strong> ficam ressaltados. Entre os grupos is\u00f3genos existe matriz extracelular.<\/p>\n<\/div><\/div>\n  <div class=\"su-column su-column-size-1-2\"><div class=\"su-column-inner su-u-clearfix su-u-trim\"> <\/p>\n<div onclick>\n<div class=\"image-container\">\n<div class=\"extra\">\n<a href=\"javascript:void(0)\"><img decoding=\"async\" src=\" http:\/\/mol.icb.usp.br\/wp-content\/uploads\/6-5.jpg \" onmouseover=\"this.src=' http:\/\/mol.icb.usp.br\/wp-content\/uploads\/6-5-MO.jpg'\" onmouseout=\"this.src=' http:\/\/mol.icb.usp.br\/wp-content\/uploads\/6-5.jpg'\" \/><\/a><\/div>\n<p>Traqueia. Colora\u00e7\u00e3o: HE. Aumento: m\u00e9dio.<\/p>\n<p><img decoding=\"async\" src=\"http:\/\/mol.icb.usp.br\/wp-content\/uploads\/mouse-1.gif\"\/><\/a><\/p>\n<p><strong>NAVEGA\u00c7\u00c3O NO MOL:<\/strong><\/p>\n<p><a href=\"http:\/\/mol.icb.usp.br\/index.php\/6-4-tecido-cartilaginoso\/\">ACESSAR P\u00c1GINA ANTERIOR<\/a><\/p>\n<p><a href=\"http:\/\/mol.icb.usp.br\/index.php\/6-6-tecido-cartilaginoso\/\">ACESSAR P\u00c1GINA SEGUINTE<\/a>\n<\/div>\n<\/div>\n<\/div>\n<p><\/body><br \/>\n<\/html> <\/div><\/div>\n<\/div>\n","protected":false},"excerpt":{"rendered":"","protected":false},"author":2,"featured_media":0,"parent":0,"menu_order":0,"comment_status":"closed","ping_status":"closed","template":"","meta":{"_monsterinsights_skip_tracking":false,"_monsterinsights_sitenote_active":false,"_monsterinsights_sitenote_note":"","_monsterinsights_sitenote_category":0,"footnotes":""},"class_list":["post-3036","page","type-page","status-publish","hentry"],"_links":{"self":[{"href":"https:\/\/mol.icb.usp.br\/index.php\/wp-json\/wp\/v2\/pages\/3036"}],"collection":[{"href":"https:\/\/mol.icb.usp.br\/index.php\/wp-json\/wp\/v2\/pages"}],"about":[{"href":"https:\/\/mol.icb.usp.br\/index.php\/wp-json\/wp\/v2\/types\/page"}],"author":[{"embeddable":true,"href":"https:\/\/mol.icb.usp.br\/index.php\/wp-json\/wp\/v2\/users\/2"}],"replies":[{"embeddable":true,"href":"https:\/\/mol.icb.usp.br\/index.php\/wp-json\/wp\/v2\/comments?post=3036"}],"version-history":[{"count":5,"href":"https:\/\/mol.icb.usp.br\/index.php\/wp-json\/wp\/v2\/pages\/3036\/revisions"}],"predecessor-version":[{"id":5766,"href":"https:\/\/mol.icb.usp.br\/index.php\/wp-json\/wp\/v2\/pages\/3036\/revisions\/5766"}],"wp:attachment":[{"href":"https:\/\/mol.icb.usp.br\/index.php\/wp-json\/wp\/v2\/media?parent=3036"}],"curies":[{"name":"wp","href":"https:\/\/api.w.org\/{rel}","templated":true}]}}