{"id":3020,"date":"2017-10-28T11:04:34","date_gmt":"2017-10-28T13:04:34","guid":{"rendered":"http:\/\/mol.icb.usp.br\/?page_id=3020"},"modified":"2025-07-18T15:14:03","modified_gmt":"2025-07-18T18:14:03","slug":"6-3-tecido-cartilaginoso","status":"publish","type":"page","link":"https:\/\/mol.icb.usp.br\/index.php\/6-3-tecido-cartilaginoso\/","title":{"rendered":"6-3 Tecido cartilaginoso"},"content":{"rendered":"<div class=\"su-row\">\n<div class=\"su-column su-column-size-1-1\"><div class=\"su-column-inner su-u-clearfix su-u-trim\"> <strong>CARTILAGEM HIALINA &#8211; 1<\/strong> <\/div><\/div>\n<\/div>\n<div class=\"su-row\">\n<div class=\"su-column su-column-size-1-2\"><div class=\"su-column-inner su-u-clearfix su-u-trim\"> As tr\u00eas figuras s\u00e3o exemplos de tecido cartilaginoso hialino.<br \/>\nConforme j\u00e1 mencionado na p\u00e1gina anterior, a <strong>matriz extracelular da cartilagem hialina tem colora\u00e7\u00e3o azulada em cortes corados por hematoxilina e eosina<\/strong>. \u00c9 uma caracter\u00edstica importante que ajuda a reconhecer e diagnosticar este tipo de cartilagem.<br \/>\nA primeira figura \u00e9 de um joelho de um feto de rato. H\u00e1 v\u00e1rias por\u00e7\u00f5es de cartilagem no joelho.<br \/>\nA cartilagem hialina das <strong>ep\u00edfises \u00f3sseas fica ressaltada em azul<\/strong> ao colocar o cursor sobre a imagem. A <strong>faixa azul claro corresponde \u00e0 cartilagem hialina do disco epifis\u00e1rio<\/strong>, local de crescimento longitudinal de ossos longos. O <strong>menisco<\/strong> dessa articula\u00e7\u00e3o \u00e9 formado por cartilagem fibrosa ou fibrocartilagem e fica ressaltado em azul escuro.<\/p>\n<p>A segunda figura \u00e9 de uma cartilagem hialina da traqueia cujo revestimento de <strong>peric\u00f4ndrio<\/strong> \u00e9 ressaltado em verde.<\/p>\n<p>A terceira imagem evidencia a cartilagem hialina da parede de um br\u00f4nquio.<\/p>\n<\/div><\/div>\n<div class=\"su-column su-column-size-1-2\"><div class=\"su-column-inner su-u-clearfix su-u-trim\">\n<\/div><\/div>\n  <div class=\"su-column su-column-size-1-2\"><div class=\"su-column-inner su-u-clearfix su-u-trim\"> <\/p>\n<div onclick>\n<div class=\"image-container\">\n<div class=\"extra\">\n<a href=\"javascript:void(0)\"><img decoding=\"async\" src=\" http:\/\/mol.icb.usp.br\/wp-content\/uploads\/6-3-A.jpg \" onmouseover=\"this.src=' http:\/\/mol.icb.usp.br\/wp-content\/uploads\/6-3-A-MO.jpg'\" onmouseout=\"this.src=' http:\/\/mol.icb.usp.br\/wp-content\/uploads\/6-3-A.jpg'\" \/><\/a><\/div>\n<p>Joelho. Colora\u00e7\u00e3o: hematoxilina e eosina. Aumento: m\u00e9dio.<\/p>\n<p><img decoding=\"async\" src=\"http:\/\/mol.icb.usp.br\/wp-content\/uploads\/mouse-1.gif\"\/><\/a><\/p>\n<p><a href=\"javascript:void(0)\"><img decoding=\"async\" src=\" http:\/\/mol.icb.usp.br\/wp-content\/uploads\/6-3-B.jpg \" onmouseover=\"this.src=' http:\/\/mol.icb.usp.br\/wp-content\/uploads\/6-3-B-MO.jpg'\" onmouseout=\"this.src=' http:\/\/mol.icb.usp.br\/wp-content\/uploads\/6-3-B.jpg'\" \/><\/a><\/div>\n<p>Epiglote. Colora\u00e7\u00e3o: Weigert. Aumento: m\u00e9dio.<\/p>\n<p><img decoding=\"async\" src=\"http:\/\/mol.icb.usp.br\/wp-content\/uploads\/mouse-1.gif\"\/><\/a><\/p>\n<p><img decoding=\"async\" src=\"http:\/\/mol.icb.usp.br\/wp-content\/uploads\/6-3-C.jpg\" \/><\/p>\n<div>Br\u00f4nquio. Colora\u00e7\u00e3o: hematoxilina e eosina. Aumento: m\u00e9dio.<\/p>\n<p><strong>Tablets e telefones celulares:<\/strong><br \/>\nClique sobre a figura para acessar outra imagem. Clique fora da figura para voltar \u00e0 primeira imagem.Para navegar no MOL, use os links ACESSAR P\u00c1GINA ANTERIOR e ACESSAR P\u00c1GINA SEGUINTE situados abaixo da figura.<\/p>\n<p><strong>NAVEGA\u00c7\u00c3O NO MOL:<\/strong><br \/>\n<a href=\"http:\/\/mol.icb.usp.br\/index.php\/6-2-tecido-cartilaginoso\/\"><br \/>\nACESSAR P\u00c1GINA ANTERIOR<\/a><a href=\"http:\/\/mol.icb.usp.br\/index.php\/6-4-tecido-cartilaginoso\/\"><\/p>\n<p>ACESSAR P\u00c1GINA SEGUINTE<\/a><\/div>\n<\/div>\n<\/div>\n<\/div><\/div>\n<\/div>\n","protected":false},"excerpt":{"rendered":"","protected":false},"author":2,"featured_media":0,"parent":0,"menu_order":0,"comment_status":"closed","ping_status":"closed","template":"","meta":{"_monsterinsights_skip_tracking":false,"_monsterinsights_sitenote_active":false,"_monsterinsights_sitenote_note":"","_monsterinsights_sitenote_category":0,"footnotes":""},"class_list":["post-3020","page","type-page","status-publish","hentry"],"_links":{"self":[{"href":"https:\/\/mol.icb.usp.br\/index.php\/wp-json\/wp\/v2\/pages\/3020"}],"collection":[{"href":"https:\/\/mol.icb.usp.br\/index.php\/wp-json\/wp\/v2\/pages"}],"about":[{"href":"https:\/\/mol.icb.usp.br\/index.php\/wp-json\/wp\/v2\/types\/page"}],"author":[{"embeddable":true,"href":"https:\/\/mol.icb.usp.br\/index.php\/wp-json\/wp\/v2\/users\/2"}],"replies":[{"embeddable":true,"href":"https:\/\/mol.icb.usp.br\/index.php\/wp-json\/wp\/v2\/comments?post=3020"}],"version-history":[{"count":35,"href":"https:\/\/mol.icb.usp.br\/index.php\/wp-json\/wp\/v2\/pages\/3020\/revisions"}],"predecessor-version":[{"id":10391,"href":"https:\/\/mol.icb.usp.br\/index.php\/wp-json\/wp\/v2\/pages\/3020\/revisions\/10391"}],"wp:attachment":[{"href":"https:\/\/mol.icb.usp.br\/index.php\/wp-json\/wp\/v2\/media?parent=3020"}],"curies":[{"name":"wp","href":"https:\/\/api.w.org\/{rel}","templated":true}]}}