{"id":3015,"date":"2017-10-26T11:43:06","date_gmt":"2017-10-26T13:43:06","guid":{"rendered":"http:\/\/mol.icb.usp.br\/?page_id=3015"},"modified":"2018-03-09T15:18:52","modified_gmt":"2018-03-09T18:18:52","slug":"6-2-tecido-cartilaginoso","status":"publish","type":"page","link":"https:\/\/mol.icb.usp.br\/index.php\/6-2-tecido-cartilaginoso\/","title":{"rendered":"6-2 Tecido cartilaginoso"},"content":{"rendered":"<div class=\"su-row\">\n  <div class=\"su-column su-column-size-1-1\"><div class=\"su-column-inner su-u-clearfix su-u-trim\"> <strong>LOCALIZA\u00c7\u00c3O DE CARTILAGEM NO CORPO<\/strong><\/div><\/div>\n<\/div>\n<div class=\"su-row\">\n  <div class=\"su-column su-column-size-1-2\"><div class=\"su-column-inner su-u-clearfix su-u-trim\">\nO tecido cartilaginoso existe no corpo sob forma de pequenas <strong>pe\u00e7as cartilaginosas<\/strong> de tamanhos e formas muito variadas.<br \/>\nO tecido cartilaginoso n\u00e3o \u00e9 irrigado por vasos sangu\u00edneos e a nutri\u00e7\u00e3o de suas c\u00e9lulas depende da difus\u00e3o de subst\u00e2ncias atrav\u00e9s da sua matriz extracelular.<br \/>\nOs nutrientes se originam de vasos sangu\u00edneos presentes em uma camada de tecido conjuntivo denso chamada <strong>peric\u00f4ndrio<\/strong>, que envolve a maioria das pe\u00e7as cartilaginosas.<br \/>\nDevido a este mecanismo de nutri\u00e7\u00e3o, as pe\u00e7as cartilaginosas tendem a ser pequenas e delgadas. Desta maneira, s\u00e3o pequenas as dist\u00e2ncias que os nutrientes, metab\u00f3litos e gases devem percorrer para atingirem os condr\u00f3citos que est\u00e3o no interior da cartilagem.<br \/>\nVeja na figura alguns exemplos de localiza\u00e7\u00e3o do tecido cartilaginoso:<br \/>\n1- superf\u00edcies articulares \u2013 cartilagem hialina<br \/>\n2- discos epifis\u00e1rios -zonas de crescimento longitudinal de ossos longos \u2013 cartilagem hialina<br \/>\n3- orelha \u2013 cartilagem el\u00e1stica<br \/>\n4- nariz \u2013 cartilagem hialina<br \/>\n5- epiglote \u2013 cartilagem el\u00e1stica<br \/>\n6- laringe \u2013 cartilagens hialinas e el\u00e1sticas<br \/>\n7- traqu\u00e9ia \u2013 cartilagens hialinas<br \/>\n8- br\u00f4nquios extrapulmonares e intrapulmonares \u2013 cartilagens hialinas<\/p>\n<\/div><\/div>\n  <div class=\"su-column su-column-size-1-2\"><div class=\"su-column-inner su-u-clearfix su-u-trim\"> <\/p>\n<p><img decoding=\"async\" src=\" http:\/\/mol.icb.usp.br\/wp-content\/uploads\/6-2.jpg \" \/><\/a><\/p>\n<p>Para navegar no MOL, use os links ACESSAR P\u00c1GINA ANTERIOR e ACESSAR P\u00c1GINA SEGUINTE situados abaixo da figura.<\/p>\n<p><strong>NAVEGA\u00c7\u00c3O NO MOL:<\/strong><\/p>\n<p><a href=\"http:\/\/mol.icb.usp.br\/index.php\/6-1-tecido-cartilaginoso\/\">ACESSAR P\u00c1GINA ANTERIOR<\/a><\/p>\n<p><a href=\"http:\/\/mol.icb.usp.br\/index.php\/6-3-tecido-cartilaginoso\/\">ACESSAR P\u00c1GINA SEGUINTE<\/a><br \/>\n<\/div><\/div>\n<\/div>\n","protected":false},"excerpt":{"rendered":"","protected":false},"author":2,"featured_media":0,"parent":0,"menu_order":0,"comment_status":"closed","ping_status":"closed","template":"","meta":{"_monsterinsights_skip_tracking":false,"_monsterinsights_sitenote_active":false,"_monsterinsights_sitenote_note":"","_monsterinsights_sitenote_category":0,"footnotes":""},"class_list":["post-3015","page","type-page","status-publish","hentry"],"_links":{"self":[{"href":"https:\/\/mol.icb.usp.br\/index.php\/wp-json\/wp\/v2\/pages\/3015"}],"collection":[{"href":"https:\/\/mol.icb.usp.br\/index.php\/wp-json\/wp\/v2\/pages"}],"about":[{"href":"https:\/\/mol.icb.usp.br\/index.php\/wp-json\/wp\/v2\/types\/page"}],"author":[{"embeddable":true,"href":"https:\/\/mol.icb.usp.br\/index.php\/wp-json\/wp\/v2\/users\/2"}],"replies":[{"embeddable":true,"href":"https:\/\/mol.icb.usp.br\/index.php\/wp-json\/wp\/v2\/comments?post=3015"}],"version-history":[{"count":5,"href":"https:\/\/mol.icb.usp.br\/index.php\/wp-json\/wp\/v2\/pages\/3015\/revisions"}],"predecessor-version":[{"id":5754,"href":"https:\/\/mol.icb.usp.br\/index.php\/wp-json\/wp\/v2\/pages\/3015\/revisions\/5754"}],"wp:attachment":[{"href":"https:\/\/mol.icb.usp.br\/index.php\/wp-json\/wp\/v2\/media?parent=3015"}],"curies":[{"name":"wp","href":"https:\/\/api.w.org\/{rel}","templated":true}]}}