{"id":3011,"date":"2017-10-26T11:38:44","date_gmt":"2017-10-26T13:38:44","guid":{"rendered":"http:\/\/mol.icb.usp.br\/?page_id=3011"},"modified":"2018-03-09T15:16:38","modified_gmt":"2018-03-09T18:16:38","slug":"6-1-tecido-cartilaginoso","status":"publish","type":"page","link":"https:\/\/mol.icb.usp.br\/index.php\/6-1-tecido-cartilaginoso\/","title":{"rendered":"6-1 Tecido cartilaginoso"},"content":{"rendered":"<p>CARACTER\u00cdSTICAS E COMPONENTES E CLASSIFICA\u00c7\u00c3O DO TECIDO CARTILAGINOSO<\/p>\n<p>O tecido cartilaginoso \u00e9 um tipo de tecido conjuntivo constitu\u00eddo por c\u00e9lulas denominadas <strong>condr\u00f3citos<\/strong> e por grande quantidade de <strong>matriz extracelular<\/strong>.<br \/>\nA matriz do tecido cartilaginoso tem consist\u00eancia mais r\u00edgida que a do tecido conjuntivo propriamente dito. Os condr\u00f3citos se alojam em pequenas cavidades da matriz denominadas <strong>lacunas<\/strong>.<br \/>\nO tecido cartilaginoso se apresenta em tr\u00eas tipos denominados <strong>cartilagem hialina<\/strong>, <strong>cartilagem el\u00e1stica<\/strong> e <strong>cartilagem fibrosa<\/strong> ou <strong>fibrocartilagem<\/strong>.<br \/>\nA matriz extracelular (MEC) do tecido cartilaginoso tem caracter\u00edsticas peculiares, diferentes do tecido conjuntivo propriamente dito.<br \/>\nNas cartilagens do tipo hialino e el\u00e1stico o col\u00e1geno da MEC \u00e9 constitu\u00eddo principalmente por mol\u00e9culas de <strong>col\u00e1geno do tipo II<\/strong>. Estas mol\u00e9culas formam fibrilas col\u00e1genas, mas estas n\u00e3o se organizam em fibras e por isto n\u00e3o s\u00e3o vis\u00edveis por microscopia de luz. Na cartilagem do tipo el\u00e1stico a MEC apresenta muito <strong>material el\u00e1stico e fibras el\u00e1sticas, al\u00e9m de col\u00e1geno<\/strong>. Na cartilagem fibrosa o col\u00e1geno \u00e9 principalmente do <strong>tipo I<\/strong>.<br \/>\nA MEC fundamental do tecido cartilaginoso, principalmente nas cartilagens hialina e el\u00e1stica possui muitos glicosaminoglicanos sulfatados (p. ex. sulfato de condroitina) e n\u00e3o sulfatados (p. ex. hialuronato). Estas mol\u00e9culas s\u00e3o as principais respons\u00e1veis pela rigidez deste tecido e pela sua consist\u00eancia caracter\u00edstica.<br \/>\nPor existirem muitos radicais \u00e1cidos na matriz fundamental, esta matriz se cora preferencialmente por corantes b\u00e1sicos. Em cortes corados por hematoxilina e eosina <strong>a matriz tem cor azulada<\/strong>, ao contr\u00e1rio da matriz do tecido conjuntivo propriamente dito que \u00e9 acid\u00f3fila (cor de rosa) devido \u00e0 presen\u00e7a de grande quantidade de fibras col\u00e1genas.<\/p>\n<p><strong>NAVEGA\u00c7\u00c3O NO MOL:<\/strong><\/p>\n<p><a href=\"http:\/\/mol.icb.usp.br\/index.php\/6-0-tecido-cartilaginoso\/\">ACESSAR P\u00c1GINA ANTERIOR<\/a><\/p>\n<p><a href=\"http:\/\/mol.icb.usp.br\/index.php\/6-2-tecido-cartilaginoso\/\">ACESSAR P\u00c1GINA SEGUINTE<\/a><\/p>\n","protected":false},"excerpt":{"rendered":"<p>CARACTER\u00cdSTICAS E COMPONENTES E CLASSIFICA\u00c7\u00c3O DO TECIDO CARTILAGINOSO O tecido cartilaginoso \u00e9 um tipo de tecido conjuntivo constitu\u00eddo por c\u00e9lulas denominadas condr\u00f3citos e por grande quantidade de matriz extracelular. A matriz do tecido cartilaginoso tem consist\u00eancia mais r\u00edgida que a do tecido conjuntivo propriamente dito. Os condr\u00f3citos se alojam em pequenas cavidades da matriz denominadas [&hellip;]<\/p>\n","protected":false},"author":2,"featured_media":0,"parent":0,"menu_order":0,"comment_status":"closed","ping_status":"closed","template":"","meta":{"_monsterinsights_skip_tracking":false,"_monsterinsights_sitenote_active":false,"_monsterinsights_sitenote_note":"","_monsterinsights_sitenote_category":0,"footnotes":""},"class_list":["post-3011","page","type-page","status-publish","hentry"],"_links":{"self":[{"href":"https:\/\/mol.icb.usp.br\/index.php\/wp-json\/wp\/v2\/pages\/3011"}],"collection":[{"href":"https:\/\/mol.icb.usp.br\/index.php\/wp-json\/wp\/v2\/pages"}],"about":[{"href":"https:\/\/mol.icb.usp.br\/index.php\/wp-json\/wp\/v2\/types\/page"}],"author":[{"embeddable":true,"href":"https:\/\/mol.icb.usp.br\/index.php\/wp-json\/wp\/v2\/users\/2"}],"replies":[{"embeddable":true,"href":"https:\/\/mol.icb.usp.br\/index.php\/wp-json\/wp\/v2\/comments?post=3011"}],"version-history":[{"count":7,"href":"https:\/\/mol.icb.usp.br\/index.php\/wp-json\/wp\/v2\/pages\/3011\/revisions"}],"predecessor-version":[{"id":5750,"href":"https:\/\/mol.icb.usp.br\/index.php\/wp-json\/wp\/v2\/pages\/3011\/revisions\/5750"}],"wp:attachment":[{"href":"https:\/\/mol.icb.usp.br\/index.php\/wp-json\/wp\/v2\/media?parent=3011"}],"curies":[{"name":"wp","href":"https:\/\/api.w.org\/{rel}","templated":true}]}}