{"id":30,"date":"2017-04-23T17:02:18","date_gmt":"2017-04-23T20:02:18","guid":{"rendered":"http:\/\/mol.icb.usp.br\/?page_id=30"},"modified":"2019-04-24T11:55:42","modified_gmt":"2019-04-24T14:55:42","slug":"informacoes-tecnicas","status":"publish","type":"page","link":"https:\/\/mol.icb.usp.br\/index.php\/informacoes-tecnicas\/","title":{"rendered":"Informa\u00e7\u00f5es t\u00e9cnicas"},"content":{"rendered":"<p><strong><span class=\"style2\">Imagens<\/span><\/strong><br \/>\nForam obtidas de preparados histol\u00f3gicos do Departamento de Biologia Celular e do Desenvolvimento do Instituto de Ci\u00eancias Biom\u00e9dicas da Universidade de S\u00e3o Paulo, de preparados do Departamento de Biologia Celular e Molecular e Bioagentes Patog\u00eanicos da Faculdade de Medicina de Ribeir\u00e3o Preto da Universidade de S\u00e3o Paulo, de cole\u00e7\u00e3o de preparados do Departamento de Histologia do Instituto de Ci\u00eancias Biom\u00e9dicas da Universidade Federal do Rio de Janeiro, de cole\u00e7\u00e3o de preparados da Harris Biological Supplies (Sheffield, Inglaterra), entre outros.<\/p>\n<p><span class=\"style2\"><strong>Microsc\u00f3pios<\/strong><br \/>\n<\/span>Nikon modelo Eclipse 6600. Objetivas planacrom\u00e1ticas ou planapocrom\u00e1ticas<br \/>\nNikon modelo Microphot-FX. Objetivas planacrom\u00e1ticas ou planapocrom\u00e1ticas<\/p>\n<p><strong><span class=\"style2\">Captura de imagens<\/span><\/strong><br \/>\nC\u00e2mera Media Cybernetics modelo CoolSNAP-Procf<br \/>\nNikon Digital Camera DXM1200F<br \/>\nSoftware para captura: ImagePro<\/p>\n<p><span class=\"style2\"><strong>Constru\u00e7\u00e3o do MOL<\/strong><br \/>\n<\/span> Vers\u00f5es anteriores : Adobe\u00ae Dreamweaver CS3<br \/>\nVers\u00e3o atual: WordPress e matriz Portfolio<\/p>\n<p><span class=\"style2\"><strong>Aumentos das imagens<\/strong><br \/>\nAs imagens de microscopia de luz foram obtidas com diferentes lentes objetivas do microsc\u00f3pio e capturadas por uma c\u00e2mera digital. As imagens foram depois otimizadas no aplicativo Adobe Photoshop\u00ae e transferidas para as p\u00e1ginas do MOL.<br \/>\nPara conhecer o aumento das imagens apresentadas no MOL consulte a tabela abaixo.<\/span><\/p>\n<table border=\"1\" width=\"712\">\n<tbody>\n<tr>\n<td width=\"147\">\n<div align=\"center\">\n<p><span style=\"color: #000000;\"><span style=\"font-family: Arial;\">Aumento descrito nas<\/span> legendas das imagens<\/span><\/p>\n<\/div>\n<\/td>\n<td width=\"219\">\n<div align=\"center\"><span style=\"color: #000000; font-family: Arial;\"> Objetivas do microsc\u00f3pio, usadas para captura das imagens<\/span><\/div>\n<\/td>\n<td width=\"324\">\n<div align=\"center\">\n<p><span style=\"color: #000000;\"><span style=\"font-family: Arial;\">Aumento<\/span> final das imagens se fossem observadas no microsc\u00f3pio com uma ocular de 10 x<\/span><\/p>\n<\/div>\n<\/td>\n<\/tr>\n<tr>\n<td>\n<div align=\"center\"><span class=\"style10\">pequeno<\/span><\/div>\n<\/td>\n<td>\n<div class=\"style10\" align=\"center\">2 x ou 4 x<\/div>\n<\/td>\n<td>\n<div class=\"style10\" align=\"center\">20 x ou 40 x<\/div>\n<\/td>\n<\/tr>\n<tr>\n<td>\n<div align=\"center\"><span class=\"style10\">m\u00e9dio<\/span><\/div>\n<\/td>\n<td>\n<div class=\"style10\" align=\"center\">10 x ou 20 x<\/div>\n<\/td>\n<td>\n<div class=\"style10\" align=\"center\">100 x ou 200 x<\/div>\n<\/td>\n<\/tr>\n<tr>\n<td>\n<div align=\"center\"><span class=\"style10\">grande<\/span><\/div>\n<\/td>\n<td>\n<div class=\"style10\" align=\"center\">40 x ou 60 x<\/div>\n<\/td>\n<td>\n<div class=\"style10\" align=\"center\">400 x ou 600 x<\/div>\n<\/td>\n<\/tr>\n<\/tbody>\n<\/table>\n<p>O aumento final de cada imagem depender\u00e1 do monitor que estiver usando e do zoom aplicado na imagem.<\/p>\n<p><span class=\"style2\"><strong>Processamento das imagens<\/strong><br \/>\n<\/span>Adobe Photoshop\u00ae CS3 10.0<\/p>\n<p>A maioria das imagens foi submetida a controle de contraste e brilho de fundo. Em algumas imagens estruturas foram apagadas para melhor efeito did\u00e1tico. Estas dele\u00e7\u00f5es est\u00e3o indicadas nas respectivas p\u00e1ginas.<\/p>\n<p><span class=\"style2\"><strong>Desenho de figuras<\/strong><br \/>\n<\/span>CorelDRAW\u00ae 9.337<\/p>\n<p><span class=\"style2\">Autor do texto, captura e tratamento de imagens e desenhos, montagem das p\u00e1ginas de Histologia Geral &#8211; Paulo Abrahamsohn.<br \/>\n<span class=\"style2\">Autora do texto, captura e tratamento de imagens e desenhos, montagem das p\u00e1ginas de Histologia Oral &#8211; Vanessa Freitas.<\/span><\/span><\/p>\n<p><span class=\"style2\">Publica\u00e7\u00e3o das vers\u00f5es do MOL<br \/>\n<\/span>1.0 &#8211; mar\u00e7o de 2005<br \/>\n2.0 &#8211; mar\u00e7o de 2008<br \/>\n3.0 &#8211; novembro de 2017<\/p>\n<p><strong><span class=\"style2\">Agradecimentos<\/span><\/strong><\/p>\n<p align=\"left\">Muitas pessoas contribu\u00edram para que o MOL pudesse ser constru\u00eddo. Queremos agradecer e destacar a contribui\u00e7\u00e3o de:<\/p>\n<p align=\"left\"><strong>Profa. Dra. Telma Maria Ten\u00f3rio Zorn<\/strong> pelo uso de microsc\u00f3pios e equipamentos para captura de imagens.<\/p>\n<p align=\"left\"><strong>MS Fernanda Barrence<\/strong> pelo inestim\u00e1vel e competente apoio t\u00e9cnico.<\/p>\n<p align=\"left\"><strong>Cleusa Pellegrini<\/strong> pelo apoio t\u00e9cnico e pela cess\u00e3o de preparados histol\u00f3gicos<\/p>\n<p align=\"left\"><strong>Prof. Dr. Antonio Haddad<\/strong> e <strong>Profa. Dra. Maria Luisa Pa\u00e7\u00f3 Larsen<\/strong> pelo empr\u00e9stimo de preparados histol\u00f3gicos<\/p>\n","protected":false},"excerpt":{"rendered":"<p>Imagens Foram obtidas de preparados histol\u00f3gicos do Departamento de Biologia Celular e do Desenvolvimento do Instituto de Ci\u00eancias Biom\u00e9dicas da Universidade de S\u00e3o Paulo, de preparados do Departamento de Biologia Celular e Molecular e Bioagentes Patog\u00eanicos da Faculdade de Medicina de Ribeir\u00e3o Preto da Universidade de S\u00e3o Paulo, de cole\u00e7\u00e3o de preparados do Departamento de [&hellip;]<\/p>\n","protected":false},"author":2,"featured_media":0,"parent":0,"menu_order":0,"comment_status":"closed","ping_status":"closed","template":"","meta":{"_monsterinsights_skip_tracking":false,"_monsterinsights_sitenote_active":false,"_monsterinsights_sitenote_note":"","_monsterinsights_sitenote_category":0,"footnotes":""},"class_list":["post-30","page","type-page","status-publish","hentry"],"_links":{"self":[{"href":"https:\/\/mol.icb.usp.br\/index.php\/wp-json\/wp\/v2\/pages\/30"}],"collection":[{"href":"https:\/\/mol.icb.usp.br\/index.php\/wp-json\/wp\/v2\/pages"}],"about":[{"href":"https:\/\/mol.icb.usp.br\/index.php\/wp-json\/wp\/v2\/types\/page"}],"author":[{"embeddable":true,"href":"https:\/\/mol.icb.usp.br\/index.php\/wp-json\/wp\/v2\/users\/2"}],"replies":[{"embeddable":true,"href":"https:\/\/mol.icb.usp.br\/index.php\/wp-json\/wp\/v2\/comments?post=30"}],"version-history":[{"count":10,"href":"https:\/\/mol.icb.usp.br\/index.php\/wp-json\/wp\/v2\/pages\/30\/revisions"}],"predecessor-version":[{"id":66,"href":"https:\/\/mol.icb.usp.br\/index.php\/wp-json\/wp\/v2\/pages\/30\/revisions\/66"}],"wp:attachment":[{"href":"https:\/\/mol.icb.usp.br\/index.php\/wp-json\/wp\/v2\/media?parent=30"}],"curies":[{"name":"wp","href":"https:\/\/api.w.org\/{rel}","templated":true}]}}