{"id":2979,"date":"2017-10-25T10:43:00","date_gmt":"2017-10-25T12:43:00","guid":{"rendered":"http:\/\/mol.icb.usp.br\/?page_id=2979"},"modified":"2018-03-07T16:10:02","modified_gmt":"2018-03-07T19:10:02","slug":"5-5-tecido-adiposo","status":"publish","type":"page","link":"https:\/\/mol.icb.usp.br\/index.php\/5-5-tecido-adiposo\/","title":{"rendered":"5-5 Tecido adiposo"},"content":{"rendered":"<div class=\"su-row\">\n  <div class=\"su-column su-column-size-1-1\"><div class=\"su-column-inner su-u-clearfix su-u-trim\"> <strong>TECIDO ADIPOSO MULTILOCULAR <\/strong> <\/div><\/div>\n<\/div>\n<div class=\"su-row\">\n  <div class=\"su-column su-column-size-1-2\"><div class=\"su-column-inner su-u-clearfix su-u-trim\"> Na esp\u00e9cie humana h\u00e1 tecido adiposo multilocular durante a vida fetal, localizado nas regi\u00f5es das cinturas p\u00e9lvica e escapular. Sua maior parte desaparece lentamente ap\u00f3s o nascimento.<br \/>\nEm animais que hibernam este tecido tem grande import\u00e2ncia durante a etapa de sa\u00edda da hiberna\u00e7\u00e3o. As mitoc\u00f4ndrias de seus adip\u00f3citos liberam calor em lugar de produzir ATP, calor que aquece os vasos sangu\u00edneos que passa pelo tecido e lentamente aquece o restante do corpo.<br \/>\nNo tecido adiposo multilocular o citoplasma dos adip\u00f3citos \u00e9 quase todo ocupado por <strong>pequenas got\u00edculas de lip\u00eddios<\/strong> dando \u00e0s c\u00e9lulas um aspecto esponjoso.<br \/>\nOs n\u00facleos, s\u00e3o esf\u00e9ricos e situam-se no centro ou na periferia das c\u00e9lulas. H\u00e1 sempre uma faixa de citoplasma bastante distinta na periferia da c\u00e9lula.<\/p>\n<p>Ao passar o cursor ou clicar sobre as imagens v\u00e1rios adip\u00f3citos ficam destacados permitindo observar seus limites, citoplasma contendo got\u00edculas de lip\u00eddios e n\u00facleos.<\/p>\n<\/div><\/div>\n  <div class=\"su-column su-column-size-1-2\"><div class=\"su-column-inner su-u-clearfix su-u-trim\"> <\/p>\n<div onclick>\n<div class=\"image-container\">\n<div class=\"extra\">\n<a href=\"javascript:void(0)\"><img decoding=\"async\" src=\" http:\/\/mol.icb.usp.br\/wp-content\/uploads\/5-5-A.jpg \" onmouseover=\"this.src=' http:\/\/mol.icb.usp.br\/wp-content\/uploads\/5-5-A-MO.jpg'\" onmouseout=\"this.src=' http:\/\/mol.icb.usp.br\/wp-content\/uploads\/5-5-A.jpg'\" \/><\/a><\/div>\n<p>Cartilagem hialina. Colora\u00e7\u00e3o: hematoxilina e eosina. Aumento: m\u00e9dio.<\/p>\n<p><img decoding=\"async\" src=\"http:\/\/mol.icb.usp.br\/wp-content\/uploads\/mouse-1.gif\"\/><\/a><\/p>\n<div class=\"extra\">\n<a href=\"javascript:void(0)\"><img decoding=\"async\" src=\" http:\/\/mol.icb.usp.br\/wp-content\/uploads\/5-5-B.jpg \" onmouseover=\"this.src=' http:\/\/mol.icb.usp.br\/wp-content\/uploads\/5-5-B-MO.jpg'\" onmouseout=\"this.src=' http:\/\/mol.icb.usp.br\/wp-content\/uploads\/5-5-B.jpg'\" \/><\/a><\/div>\n<p>Tecido adiposo multilocular. Colora\u00e7\u00e3o: hematoxilina e eosina. Aumento: grande.<\/p>\n<p><img decoding=\"async\" src=\"http:\/\/mol.icb.usp.br\/wp-content\/uploads\/mouse-1.gif\"\/><\/a><\/p>\n<p style=\"font-size:20px\"><strong>FIM DO M\u00d3DULO <em>5 TECIDO ADIPOSO<\/em><\/strong> <\/p>\n<div onclick=\"\"><strong>Tablets e telefones celulares:<\/strong><br \/>\nClique sobre a figura para acessar outra imagem. Clique fora da figura para voltar \u00e0 primeira imagem.<\/p>\n<p>Para navegar no MOL, use os links ACESSAR P\u00c1GINA ANTERIOR e ACESSAR P\u00c1GINA SEGUINTE situados abaixo da figura.<\/p>\n<p><strong>NAVEGA\u00c7\u00c3O NO MOL:<\/strong><\/p>\n<p><a href=\"http:\/\/mol.icb.usp.br\/index.php\/5-4-tecido-adiposo\/\">ACESSAR P\u00c1GINA ANTERIOR<\/a><\/p>\n<\/div>\n<\/div>\n<\/div>\n<p><\/body><br \/>\n<\/html> <\/div><\/div>\n<\/div>\n","protected":false},"excerpt":{"rendered":"","protected":false},"author":2,"featured_media":0,"parent":0,"menu_order":0,"comment_status":"closed","ping_status":"closed","template":"","meta":{"_monsterinsights_skip_tracking":false,"_monsterinsights_sitenote_active":false,"_monsterinsights_sitenote_note":"","_monsterinsights_sitenote_category":0,"footnotes":""},"class_list":["post-2979","page","type-page","status-publish","hentry"],"_links":{"self":[{"href":"https:\/\/mol.icb.usp.br\/index.php\/wp-json\/wp\/v2\/pages\/2979"}],"collection":[{"href":"https:\/\/mol.icb.usp.br\/index.php\/wp-json\/wp\/v2\/pages"}],"about":[{"href":"https:\/\/mol.icb.usp.br\/index.php\/wp-json\/wp\/v2\/types\/page"}],"author":[{"embeddable":true,"href":"https:\/\/mol.icb.usp.br\/index.php\/wp-json\/wp\/v2\/users\/2"}],"replies":[{"embeddable":true,"href":"https:\/\/mol.icb.usp.br\/index.php\/wp-json\/wp\/v2\/comments?post=2979"}],"version-history":[{"count":5,"href":"https:\/\/mol.icb.usp.br\/index.php\/wp-json\/wp\/v2\/pages\/2979\/revisions"}],"predecessor-version":[{"id":5028,"href":"https:\/\/mol.icb.usp.br\/index.php\/wp-json\/wp\/v2\/pages\/2979\/revisions\/5028"}],"wp:attachment":[{"href":"https:\/\/mol.icb.usp.br\/index.php\/wp-json\/wp\/v2\/media?parent=2979"}],"curies":[{"name":"wp","href":"https:\/\/api.w.org\/{rel}","templated":true}]}}