{"id":2975,"date":"2017-10-25T10:32:52","date_gmt":"2017-10-25T12:32:52","guid":{"rendered":"http:\/\/mol.icb.usp.br\/?page_id=2975"},"modified":"2018-03-07T16:07:58","modified_gmt":"2018-03-07T19:07:58","slug":"5-4-tecido-adiposo","status":"publish","type":"page","link":"https:\/\/mol.icb.usp.br\/index.php\/5-4-tecido-adiposo\/","title":{"rendered":"5-4 Tecido adiposo"},"content":{"rendered":"<div class=\"su-row\">\n  <div class=\"su-column su-column-size-1-1\"><div class=\"su-column-inner su-u-clearfix su-u-trim\"> <strong>TECIDO ADIPOSO UNILOCULAR \u2013 3  <\/strong><\/div><\/div>\n<\/div>\n<div class=\"su-row\">\n  <div class=\"su-column su-column-size-1-2\"><div class=\"su-column-inner su-u-clearfix su-u-trim\">\nPela sua localiza\u00e7\u00e3o em v\u00e1rios locais do corpo o tecido adiposo unilocular preenche espa\u00e7os entre componentes de \u00f3rg\u00e3os ou entre \u00f3rg\u00e3os.<\/p>\n<p>As figuras mostram <strong>tecido adiposo unilocular<\/strong>.<br \/>\nFigura superior &#8211; situado entre dois \u00f3rg\u00e3os &#8211; test\u00edculo e epid\u00eddimo<br \/>\nFigura inferior &#8211; no interior da l\u00edngua, entre feixes de m\u00fasculo estriado. <\/p>\n<\/div><\/div>\n  <div class=\"su-column su-column-size-1-2\"><div class=\"su-column-inner su-u-clearfix su-u-trim\"> <\/p>\n<p><img decoding=\"async\" src=\" http:\/\/mol.icb.usp.br\/wp-content\/uploads\/5-4-A.jpg \" \/><\/a><\/p>\n<p>Tecido adiposo (test\u00edculo\/epid\u00eddimo). Colora\u00e7\u00e3o: HE. Aumento: pequeno.<\/p>\n<p><img decoding=\"async\" src=\" http:\/\/mol.icb.usp.br\/wp-content\/uploads\/5-4-B.jpg \" \/><\/a><\/p>\n<p>Tecido adiposo (\u00edngua)Colora\u00e7\u00e3o: HE. Aumento: m\u00e9dio.<\/p>\n<p><strong>NAVEGA\u00c7\u00c3O NO MOL:<\/strong><\/p>\n<p><a href=\"http:\/\/mol.icb.usp.br\/index.php\/5-3-tecido-adiposo\/\">ACESSAR P\u00c1GINA ANTERIOR<\/a><\/p>\n<p><a href=\"http:\/\/mol.icb.usp.br\/index.php\/5-5-tecido-adiposo\/\">ACESSAR P\u00c1GINA SEGUINTE<\/a><br \/>\n<\/div><\/div>\n<\/div>\n","protected":false},"excerpt":{"rendered":"","protected":false},"author":2,"featured_media":0,"parent":0,"menu_order":0,"comment_status":"closed","ping_status":"closed","template":"","meta":{"_monsterinsights_skip_tracking":false,"_monsterinsights_sitenote_active":false,"_monsterinsights_sitenote_note":"","_monsterinsights_sitenote_category":0,"footnotes":""},"class_list":["post-2975","page","type-page","status-publish","hentry"],"_links":{"self":[{"href":"https:\/\/mol.icb.usp.br\/index.php\/wp-json\/wp\/v2\/pages\/2975"}],"collection":[{"href":"https:\/\/mol.icb.usp.br\/index.php\/wp-json\/wp\/v2\/pages"}],"about":[{"href":"https:\/\/mol.icb.usp.br\/index.php\/wp-json\/wp\/v2\/types\/page"}],"author":[{"embeddable":true,"href":"https:\/\/mol.icb.usp.br\/index.php\/wp-json\/wp\/v2\/users\/2"}],"replies":[{"embeddable":true,"href":"https:\/\/mol.icb.usp.br\/index.php\/wp-json\/wp\/v2\/comments?post=2975"}],"version-history":[{"count":5,"href":"https:\/\/mol.icb.usp.br\/index.php\/wp-json\/wp\/v2\/pages\/2975\/revisions"}],"predecessor-version":[{"id":5747,"href":"https:\/\/mol.icb.usp.br\/index.php\/wp-json\/wp\/v2\/pages\/2975\/revisions\/5747"}],"wp:attachment":[{"href":"https:\/\/mol.icb.usp.br\/index.php\/wp-json\/wp\/v2\/media?parent=2975"}],"curies":[{"name":"wp","href":"https:\/\/api.w.org\/{rel}","templated":true}]}}