{"id":2948,"date":"2017-10-25T10:10:51","date_gmt":"2017-10-25T12:10:51","guid":{"rendered":"http:\/\/mol.icb.usp.br\/?page_id=2948"},"modified":"2018-01-20T17:16:26","modified_gmt":"2018-01-20T19:16:26","slug":"5-1-tecido-adiposo","status":"publish","type":"page","link":"https:\/\/mol.icb.usp.br\/index.php\/5-1-tecido-adiposo\/","title":{"rendered":"5-1 Tecido adiposo"},"content":{"rendered":"<p><strong>TECIDO ADIPOSO<\/strong><\/p>\n<p>O tecido adiposo tem origem mesenquimal e \u00e9 um subtipo do tecido conjuntivo.<br \/>\n\u00c9 constitu\u00eddo de <strong>c\u00e9lulas adiposas<\/strong>, tamb\u00e9m denominadas <strong>adip\u00f3citos<\/strong>. Estas c\u00e9lulas podem estar dispersas isoladamente no tecido conjuntivo propriamente dito ou constituir aglomerados, constituindo o tecido adiposo. Al\u00e9m dos adip\u00f3citos, s\u00e3o encontrados no tecido adiposo vasos sangu\u00edneos, nervos e quantidades menores de outras c\u00e9lulas residentes e transientes do tecido conjuntivo.<br \/>\nNo tecido adiposo as c\u00e9lulas s\u00e3o separadas entre si por pequena quantidade de matriz extracelular. Esta \u00e9 constitu\u00edda em grande parte por uma rede de delgadas <strong>fibras reticulares<\/strong> formadas principalmente por col\u00e1geno tipo III e dificilmente observ\u00e1veis ao microsc\u00f3pio de luz com colora\u00e7\u00f5es rotineiras.<br \/>\nOs adip\u00f3citos se caracterizam por acumular lip\u00eddios em seu citoplasma, sob forma de gotas suspensas no citosol. Estas gotas n\u00e3o s\u00e3o revestidas por membranas e s\u00e3o, portanto, consideradas <strong>inclus\u00f5es<\/strong>. Estes lip\u00eddios s\u00e3o em sua maior parte triglicer\u00eddeos, tamb\u00e9m chamados <strong>gorduras neutras<\/strong>.<br \/>\nO n\u00famero e tamanho das gotas de lip\u00eddios dos adip\u00f3citos pode variar consideravelmente.<br \/>\nQuando as c\u00e9lulas adiposas est\u00e3o se desenvolvendo, elas cont\u00eam grande quantidade de pequenas gotas de lip\u00eddios no seu citoplasma. Nas c\u00e9lulas adiposas adultas as got\u00edculas podem se unir em uma grande gota ou podem permanecer sob a forma de got\u00edculas.<br \/>\nDesta maneira, reconhecem-se duas variedades de tecido adiposo denominados <strong>unilocular<\/strong> ou <strong>multilocular<\/strong>. Os tecidos adiposos uni e multilocular t\u00eam grandes diferen\u00e7as morfol\u00f3gicas, funcionais e de distribui\u00e7\u00e3o no corpo.<\/p>\n<p><strong>NAVEGA\u00c7\u00c3O NO MOL:<\/strong><\/p>\n<p><a href=\"http:\/\/mol.icb.usp.br\/index.php\/5-0-tecido-adiposo\/\">ACESSAR P\u00c1GINA ANTERIOR<\/a><\/p>\n<p><a href=\"http:\/\/mol.icb.usp.br\/index.php\/5-2-tecido-adiposo\/\">ACESSAR P\u00c1GINA SEGUINTE<\/a><\/p>\n","protected":false},"excerpt":{"rendered":"<p>TECIDO ADIPOSO O tecido adiposo tem origem mesenquimal e \u00e9 um subtipo do tecido conjuntivo. \u00c9 constitu\u00eddo de c\u00e9lulas adiposas, tamb\u00e9m denominadas adip\u00f3citos. Estas c\u00e9lulas podem estar dispersas isoladamente no tecido conjuntivo propriamente dito ou constituir aglomerados, constituindo o tecido adiposo. Al\u00e9m dos adip\u00f3citos, s\u00e3o encontrados no tecido adiposo vasos sangu\u00edneos, nervos e quantidades menores [&hellip;]<\/p>\n","protected":false},"author":2,"featured_media":0,"parent":0,"menu_order":0,"comment_status":"closed","ping_status":"closed","template":"","meta":{"_monsterinsights_skip_tracking":false,"_monsterinsights_sitenote_active":false,"_monsterinsights_sitenote_note":"","_monsterinsights_sitenote_category":0,"footnotes":""},"class_list":["post-2948","page","type-page","status-publish","hentry"],"_links":{"self":[{"href":"https:\/\/mol.icb.usp.br\/index.php\/wp-json\/wp\/v2\/pages\/2948"}],"collection":[{"href":"https:\/\/mol.icb.usp.br\/index.php\/wp-json\/wp\/v2\/pages"}],"about":[{"href":"https:\/\/mol.icb.usp.br\/index.php\/wp-json\/wp\/v2\/types\/page"}],"author":[{"embeddable":true,"href":"https:\/\/mol.icb.usp.br\/index.php\/wp-json\/wp\/v2\/users\/2"}],"replies":[{"embeddable":true,"href":"https:\/\/mol.icb.usp.br\/index.php\/wp-json\/wp\/v2\/comments?post=2948"}],"version-history":[{"count":4,"href":"https:\/\/mol.icb.usp.br\/index.php\/wp-json\/wp\/v2\/pages\/2948\/revisions"}],"predecessor-version":[{"id":5022,"href":"https:\/\/mol.icb.usp.br\/index.php\/wp-json\/wp\/v2\/pages\/2948\/revisions\/5022"}],"wp:attachment":[{"href":"https:\/\/mol.icb.usp.br\/index.php\/wp-json\/wp\/v2\/media?parent=2948"}],"curies":[{"name":"wp","href":"https:\/\/api.w.org\/{rel}","templated":true}]}}