{"id":2923,"date":"2017-10-18T21:04:07","date_gmt":"2017-10-18T23:04:07","guid":{"rendered":"http:\/\/mol.icb.usp.br\/?page_id=2923"},"modified":"2018-03-06T21:44:28","modified_gmt":"2018-03-07T00:44:28","slug":"4-0-tecido-conjuntivo","status":"publish","type":"page","link":"https:\/\/mol.icb.usp.br\/index.php\/4-0-tecido-conjuntivo\/","title":{"rendered":"4-0 Tecido conjuntivo"},"content":{"rendered":"<p>OBJETIVOS DESTE M\u00d3DULO:<\/p>\n<p>&#8211; Estudar as principais caracter\u00edsticas histol\u00f3gicas do tecido conjuntivo.<br \/>\n&#8211; Aprender a distinguir os componentes fibrilares da matriz extracelular do tecido conjuntivo.<br \/>\n&#8211; Distinguir a diversas c\u00e9lulas residentes do tecido conjuntivo propriamente dito.<br \/>\n&#8211; Distinguir as c\u00e9lulas transit\u00f3rias do tecido conjuntivo propriamente dito.<br \/>\n&#8211; Analisar os principais tipos de tecido conjuntivo.<br \/>\n&#8211; Estudar as caracter\u00edsticas histol\u00f3gicas dos v\u00e1rios tipos de tecido conjuntivo propriamente dito.<\/p>\n<p>Este m\u00f3dulo \u00e9 composto de 37 p\u00e1ginas.<\/p>\n<p><a href=\"http:\/\/mol.icb.usp.br\/index.php\/4-1-tecido-conjuntivo\/\">ENTRE NO IN\u00cdCIO DO M\u00d3DULO 4<\/a><br \/>\nou<br \/>\nCLIQUE NOS LINKS PARA ABRIR OS T\u00d3PICOS PRINCIPAIS:<\/p>\n<p><a href=\"http:\/\/mol.icb.usp.br\/index.php\/4-1-tecido-conjuntivo\/\">Caracter\u00edsticas e fun\u00e7\u00f5es do tecido conjuntivo.<\/a><br \/>\n<a href=\"http:\/\/mol.icb.usp.br\/index.php\/4-7-tecido-conjuntivo\/\">Fibras el\u00e1sticas.<\/a><br \/>\n<a href=\"http:\/\/mol.icb.usp.br\/index.php\/4-9-tecido-conjuntivo\/\">Fibras col\u00e1genas.<\/a><br \/>\n<a href=\"http:\/\/mol.icb.usp.br\/index.php\/4-12-tecido-conjuntivo\/\">Fibras reticulares.<\/a><br \/>\n<a href=\"http:\/\/mol.icb.usp.br\/index.php\/4-14-tecido-conjuntivo\/\">C\u00e9lulas residentes do tecido conjuntivo propriamente dito.<\/a><br \/>\n<a href=\"http:\/\/mol.icb.usp.br\/index.php\/4-22-tecido-conjuntivo\/\">C\u00e9lulas transientes do tecido conjuntivo propriamente dito.<\/a><br \/>\n<a href=\"http:\/\/mol.icb.usp.br\/index.php\/4-29-tecido-conjuntivo\/\">Tipos de tecido conjuntivo.<\/a><br \/>\n<a href=\"http:\/\/mol.icb.usp.br\/index.php\/4-30-tecido-conjuntivo\/\"> Tecido conjuntivo propriamente dito.<\/a><\/p>\n","protected":false},"excerpt":{"rendered":"<p>OBJETIVOS DESTE M\u00d3DULO: &#8211; Estudar as principais caracter\u00edsticas histol\u00f3gicas do tecido conjuntivo. &#8211; Aprender a distinguir os componentes fibrilares da matriz extracelular do tecido conjuntivo. &#8211; Distinguir a diversas c\u00e9lulas residentes do tecido conjuntivo propriamente dito. &#8211; Distinguir as c\u00e9lulas transit\u00f3rias do tecido conjuntivo propriamente dito. &#8211; Analisar os principais tipos de tecido conjuntivo. &#8211; [&hellip;]<\/p>\n","protected":false},"author":2,"featured_media":0,"parent":0,"menu_order":0,"comment_status":"closed","ping_status":"closed","template":"","meta":{"_monsterinsights_skip_tracking":false,"_monsterinsights_sitenote_active":false,"_monsterinsights_sitenote_note":"","_monsterinsights_sitenote_category":0,"footnotes":""},"class_list":["post-2923","page","type-page","status-publish","hentry"],"_links":{"self":[{"href":"https:\/\/mol.icb.usp.br\/index.php\/wp-json\/wp\/v2\/pages\/2923"}],"collection":[{"href":"https:\/\/mol.icb.usp.br\/index.php\/wp-json\/wp\/v2\/pages"}],"about":[{"href":"https:\/\/mol.icb.usp.br\/index.php\/wp-json\/wp\/v2\/types\/page"}],"author":[{"embeddable":true,"href":"https:\/\/mol.icb.usp.br\/index.php\/wp-json\/wp\/v2\/users\/2"}],"replies":[{"embeddable":true,"href":"https:\/\/mol.icb.usp.br\/index.php\/wp-json\/wp\/v2\/comments?post=2923"}],"version-history":[{"count":8,"href":"https:\/\/mol.icb.usp.br\/index.php\/wp-json\/wp\/v2\/pages\/2923\/revisions"}],"predecessor-version":[{"id":5648,"href":"https:\/\/mol.icb.usp.br\/index.php\/wp-json\/wp\/v2\/pages\/2923\/revisions\/5648"}],"wp:attachment":[{"href":"https:\/\/mol.icb.usp.br\/index.php\/wp-json\/wp\/v2\/media?parent=2923"}],"curies":[{"name":"wp","href":"https:\/\/api.w.org\/{rel}","templated":true}]}}