{"id":2908,"date":"2017-10-18T18:52:37","date_gmt":"2017-10-18T20:52:37","guid":{"rendered":"http:\/\/mol.icb.usp.br\/?page_id=2908"},"modified":"2018-01-20T17:31:52","modified_gmt":"2018-01-20T19:31:52","slug":"4-36-tecido-conjuntivo","status":"publish","type":"page","link":"https:\/\/mol.icb.usp.br\/index.php\/4-36-tecido-conjuntivo\/","title":{"rendered":"4-36 Tecido conjuntivo"},"content":{"rendered":"<div class=\"su-row\">\n  <div class=\"su-column su-column-size-1-1\"><div class=\"su-column-inner su-u-clearfix su-u-trim\"> <strong>TECIDO CONJUNTIVO DENSO MODELADO &#8211; 2<\/strong> <\/div><\/div>\n<\/div>\n<div class=\"su-row\">\n  <div class=\"su-column su-column-size-1-2\"><div class=\"su-column-inner su-u-clearfix su-u-trim\">Um bom exemplo de tecido conjuntivo denso modelado \u00e9 o dos <strong>tend\u00f5es<\/strong>, estruturas que unem m\u00fasculos esquel\u00e9ticos a ossos, realizando, portanto, a inser\u00e7\u00e3o dos m\u00fasculos nos ossos.<br \/>\nNo tend\u00e3o as fibras col\u00e1genas s\u00e3o bastante espessas e muito organizadas, dispostas paralelamente entre si. Essa disposi\u00e7\u00e3o resulta na grande resist\u00eancia do tend\u00e3o a for\u00e7as de tra\u00e7\u00e3o. Entre as fibras h\u00e1 fibroblastos e fibr\u00f3citos bastante alongados, dos quais geralmente o componente vis\u00edvel s\u00e3o seus n\u00facleos.<\/p>\n<p>As imagens s\u00e3o de um <strong>tend\u00e3o seccionado longitudinalmente<\/strong>. Observam-se espessas fibras col\u00e1genas paralelas (ressaltadas em azul claro) e entre as fibras h\u00e1 n\u00facleos de fibroblastos e fibr\u00f3citos (ressaltados em azul escuro).<\/p>\n<\/div><\/div>\n  <div class=\"su-column su-column-size-1-2\"><div class=\"su-column-inner su-u-clearfix su-u-trim\"> <\/p>\n<div onclick>\n<div class=\"image-container\">\n<div class=\"extra\">\n<a href=\"javascript:void(0)\"><img decoding=\"async\" src=\" http:\/\/mol.icb.usp.br\/wp-content\/uploads\/4-36.jpg \" onmouseover=\"this.src=' http:\/\/mol.icb.usp.br\/wp-content\/uploads\/4-36MO.jpg'\" onmouseout=\"this.src=' http:\/\/mol.icb.usp.br\/wp-content\/uploads\/4-36.jpg'\" \/><\/a><\/div>\n<p>Tend\u00e3o &#8211; corte longitudinal. Colora\u00e7\u00e3o: HE. Aumento: m\u00e9dio.<\/p>\n<p><img decoding=\"async\" src=\"http:\/\/mol.icb.usp.br\/wp-content\/uploads\/mouse-1.gif\"\/><\/a><\/p>\n<p><strong>NAVEGA\u00c7\u00c3O NO MOL:<\/strong><\/p>\n<p><a href=\"http:\/\/mol.icb.usp.br\/index.php\/4-35-tecido-conjuntivo\/\">ACESSAR P\u00c1GINA ANTERIOR<\/a><\/p>\n<p style=\"font-size:20px\"><strong>FIM DO M\u00d3DULO &#8211; <em>4 TECIDO CONJUNTIVO<\/em><\/strong> <\/p>\n<\/div>\n<\/div>\n<\/div>\n<p><\/body><br \/>\n<\/html> <\/div><\/div>\n<\/div>\n","protected":false},"excerpt":{"rendered":"","protected":false},"author":2,"featured_media":0,"parent":0,"menu_order":0,"comment_status":"closed","ping_status":"closed","template":"","meta":{"_monsterinsights_skip_tracking":false,"_monsterinsights_sitenote_active":false,"_monsterinsights_sitenote_note":"","_monsterinsights_sitenote_category":0,"footnotes":""},"class_list":["post-2908","page","type-page","status-publish","hentry"],"_links":{"self":[{"href":"https:\/\/mol.icb.usp.br\/index.php\/wp-json\/wp\/v2\/pages\/2908"}],"collection":[{"href":"https:\/\/mol.icb.usp.br\/index.php\/wp-json\/wp\/v2\/pages"}],"about":[{"href":"https:\/\/mol.icb.usp.br\/index.php\/wp-json\/wp\/v2\/types\/page"}],"author":[{"embeddable":true,"href":"https:\/\/mol.icb.usp.br\/index.php\/wp-json\/wp\/v2\/users\/2"}],"replies":[{"embeddable":true,"href":"https:\/\/mol.icb.usp.br\/index.php\/wp-json\/wp\/v2\/comments?post=2908"}],"version-history":[{"count":8,"href":"https:\/\/mol.icb.usp.br\/index.php\/wp-json\/wp\/v2\/pages\/2908\/revisions"}],"predecessor-version":[{"id":5033,"href":"https:\/\/mol.icb.usp.br\/index.php\/wp-json\/wp\/v2\/pages\/2908\/revisions\/5033"}],"wp:attachment":[{"href":"https:\/\/mol.icb.usp.br\/index.php\/wp-json\/wp\/v2\/media?parent=2908"}],"curies":[{"name":"wp","href":"https:\/\/api.w.org\/{rel}","templated":true}]}}