{"id":2904,"date":"2017-10-18T18:47:17","date_gmt":"2017-10-18T20:47:17","guid":{"rendered":"http:\/\/mol.icb.usp.br\/?page_id=2904"},"modified":"2018-03-07T16:00:36","modified_gmt":"2018-03-07T19:00:36","slug":"4-35-tecido-conjuntivo","status":"publish","type":"page","link":"https:\/\/mol.icb.usp.br\/index.php\/4-35-tecido-conjuntivo\/","title":{"rendered":"4-35 Tecido conjuntivo"},"content":{"rendered":"<div class=\"su-row\">\n  <div class=\"su-column su-column-size-1-1\"><div class=\"su-column-inner su-u-clearfix su-u-trim\"> <strong>TECIDO CONJUNTIVO DENSO MODELADO &#8211; 1<\/strong> <\/div><\/div>\n<\/div>\n<div class=\"su-row\">\n  <div class=\"su-column su-column-size-1-2\"><div class=\"su-column-inner su-u-clearfix su-u-trim\"> Muitos \u00f3rg\u00e3os s\u00e3o revestidos por uma <strong>c\u00e1psula<\/strong> que mant\u00e9m os componentes do \u00f3rg\u00e3o unidos e protegidos de press\u00f5es mec\u00e2nicas e do contato com \u00f3rg\u00e3os vizinhos. \u00c9 o caso, por exemplo, de gl\u00e2ndulas salivares, de \u00f3rg\u00e3os presentes na cavidade abdominal como o f\u00edgado, ba\u00e7o, adrenal e, al\u00e9m disso, em linfonodos que est\u00e3o dispersos por todo o corpo, imersos em tecido adiposo ou em tecido conjuntivo frouxo.<\/p>\n<p>As c\u00e1psulas s\u00e3o constitu\u00eddas de <strong>tecido conjuntivo denso modelado<\/strong>. \u00c9 um tecido conjuntivo que apresenta muitas fibras col\u00e1genas paralelas entre si. \u00c9 diferente, portanto, do tecido conjuntivo denso n\u00e3o modelado, cujas fibras col\u00e1genas se disp\u00f5em em in\u00fameras dire\u00e7\u00f5es. Nas c\u00e1psulas de \u00f3rg\u00e3os as fibras col\u00e1genas se colocam paralelamente \u00e0 superf\u00edcie do \u00f3rg\u00e3o que revestem. H\u00e1 relativamente poucas c\u00e9lulas nesse tecido, representadas principalmente por fibroblastos e fibr\u00f3citos. <\/p>\n<p>A figura mostra um pequeno segmento de uma c\u00e1psula (ressaltada em azul) presente em torno de um test\u00edculo. Observe os n\u00facleos dos fibroblastos e fibr\u00f3citos,  muito delgados e paralelos \u00e0s fibras col\u00e1genas.<\/p>\n<\/div><\/div>\n  <div class=\"su-column su-column-size-1-2\"><div class=\"su-column-inner su-u-clearfix su-u-trim\"> <\/p>\n<div onclick>\n<div class=\"image-container\">\n<div class=\"extra\">\n<a href=\"javascript:void(0)\"><img decoding=\"async\" src=\" http:\/\/mol.icb.usp.br\/wp-content\/uploads\/4-35.jpg \" onmouseover=\"this.src=' http:\/\/mol.icb.usp.br\/wp-content\/uploads\/4-35MO.jpg'\" onmouseout=\"this.src=' http:\/\/mol.icb.usp.br\/wp-content\/uploads\/4-35.jpg'\" \/><\/a><\/div>\n<p>Test\u00edculo. Colora\u00e7\u00e3o: HE. Aumento: grande.<\/p>\n<p><img decoding=\"async\" src=\"http:\/\/mol.icb.usp.br\/wp-content\/uploads\/mouse-1.gif\"\/><\/a><\/p>\n<p><strong>NAVEGA\u00c7\u00c3O NO MOL:<\/strong><\/p>\n<p><a href=\"http:\/\/mol.icb.usp.br\/index.php\/4-34-tecido-conjuntivo\/\">ACESSAR P\u00c1GINA ANTERIOR<\/a><\/p>\n<p><a href=\"http:\/\/mol.icb.usp.br\/index.php\/4-36-tecido-conjuntivo\/\">ACESSAR P\u00c1GINA SEGUINTE<\/a>\n<\/div>\n<\/div>\n<\/div>\n<p><\/body><br \/>\n<\/html> <\/div><\/div>\n<\/div>\n","protected":false},"excerpt":{"rendered":"","protected":false},"author":2,"featured_media":0,"parent":0,"menu_order":0,"comment_status":"closed","ping_status":"closed","template":"","meta":{"_monsterinsights_skip_tracking":false,"_monsterinsights_sitenote_active":false,"_monsterinsights_sitenote_note":"","_monsterinsights_sitenote_category":0,"footnotes":""},"class_list":["post-2904","page","type-page","status-publish","hentry"],"_links":{"self":[{"href":"https:\/\/mol.icb.usp.br\/index.php\/wp-json\/wp\/v2\/pages\/2904"}],"collection":[{"href":"https:\/\/mol.icb.usp.br\/index.php\/wp-json\/wp\/v2\/pages"}],"about":[{"href":"https:\/\/mol.icb.usp.br\/index.php\/wp-json\/wp\/v2\/types\/page"}],"author":[{"embeddable":true,"href":"https:\/\/mol.icb.usp.br\/index.php\/wp-json\/wp\/v2\/users\/2"}],"replies":[{"embeddable":true,"href":"https:\/\/mol.icb.usp.br\/index.php\/wp-json\/wp\/v2\/comments?post=2904"}],"version-history":[{"count":7,"href":"https:\/\/mol.icb.usp.br\/index.php\/wp-json\/wp\/v2\/pages\/2904\/revisions"}],"predecessor-version":[{"id":5742,"href":"https:\/\/mol.icb.usp.br\/index.php\/wp-json\/wp\/v2\/pages\/2904\/revisions\/5742"}],"wp:attachment":[{"href":"https:\/\/mol.icb.usp.br\/index.php\/wp-json\/wp\/v2\/media?parent=2904"}],"curies":[{"name":"wp","href":"https:\/\/api.w.org\/{rel}","templated":true}]}}