{"id":2898,"date":"2017-10-18T18:37:09","date_gmt":"2017-10-18T20:37:09","guid":{"rendered":"http:\/\/mol.icb.usp.br\/?page_id=2898"},"modified":"2018-03-07T15:57:43","modified_gmt":"2018-03-07T18:57:43","slug":"4-34-tecido-conjuntivo","status":"publish","type":"page","link":"https:\/\/mol.icb.usp.br\/index.php\/4-34-tecido-conjuntivo\/","title":{"rendered":"4-34 Tecido conjuntivo"},"content":{"rendered":"<div class=\"su-row\">\n  <div class=\"su-column su-column-size-1-1\"><div class=\"su-column-inner su-u-clearfix su-u-trim\"> <strong>TECIDO CONJUNTIVO FROUXO E TECIDO CONJUNTIVO DENSO N\u00c3O MODELADO<\/strong> <\/div><\/div>\n<\/div>\n<div class=\"su-row\">\n  <div class=\"su-column su-column-size-1-2\"><div class=\"su-column-inner su-u-clearfix su-u-trim\"> Abaixo do seu epit\u00e9lio de revestimento os intestinos possuem uma camada de <strong>tecido conjuntivo frouxo<\/strong>, conforme visto na p\u00e1gina 4-31. Este tecido \u00e9 formado de muitas c\u00e9lulas e pouca matriz extracelular e est\u00e1 ressaltado em rosa claro ap\u00f3s usar o cursor ou clicar na imagem.<br \/>\nNos sistemas digestivo, respirat\u00f3rio e urin\u00e1rio, este tecido conjuntivo subjacente epit\u00e9lio de revestimento costuma ser denominado <strong>l\u00e2mina pr\u00f3pria<\/strong>. O conjunto de epit\u00e9lio e l\u00e2mina pr\u00f3pria constitui a <strong>camada mucosa<\/strong> do \u00f3rg\u00e3o.<br \/>\nObserve que adjacente \u00e0 mucosa h\u00e1 uma camada de <strong>tecido conjuntivo denso n\u00e3o modelado<\/strong>. Observe a grande quantidade de col\u00e1geno neste tecido, que fica ressaltado em azul claro.<br \/>\nEntre os dois tecidos destacados existe uma delgada camada de <strong>tecido muscular liso<\/strong>.<\/p>\n<\/div><\/div>\n  <div class=\"su-column su-column-size-1-2\"><div class=\"su-column-inner su-u-clearfix su-u-trim\"> <\/p>\n<div onclick>\n<div class=\"image-container\">\n<div class=\"extra\">\n<a href=\"javascript:void(0)\"><img decoding=\"async\" src=\" http:\/\/mol.icb.usp.br\/wp-content\/uploads\/4-34.jpg \" onmouseover=\"this.src=' http:\/\/mol.icb.usp.br\/wp-content\/uploads\/4-34MO.jpg'\" onmouseout=\"this.src=' http:\/\/mol.icb.usp.br\/wp-content\/uploads\/4-34.jpg'\" \/><\/a><\/div>\n<p>Intestino delgado. Colora\u00e7\u00e3o: HE. Aumento: m\u00e9dio.<\/p>\n<p><img decoding=\"async\" src=\"http:\/\/mol.icb.usp.br\/wp-content\/uploads\/mouse-1.gif\"\/><\/a><\/p>\n<p><strong>NAVEGA\u00c7\u00c3O NO MOL:<\/strong><\/p>\n<p><a href=\"http:\/\/mol.icb.usp.br\/index.php\/4-33-tecido-conjuntivo\/\">ACESSAR P\u00c1GINA ANTERIOR<\/a><\/p>\n<p><a href=\"http:\/\/mol.icb.usp.br\/index.php\/4-35-tecido-conjuntivo\/\">ACESSAR P\u00c1GINA SEGUINTE<\/a>\n<\/div>\n<\/div>\n<\/div>\n<p><\/body><br \/>\n<\/html> <\/div><\/div>\n<\/div>\n","protected":false},"excerpt":{"rendered":"","protected":false},"author":2,"featured_media":0,"parent":0,"menu_order":0,"comment_status":"closed","ping_status":"closed","template":"","meta":{"_monsterinsights_skip_tracking":false,"_monsterinsights_sitenote_active":false,"_monsterinsights_sitenote_note":"","_monsterinsights_sitenote_category":0,"footnotes":""},"class_list":["post-2898","page","type-page","status-publish","hentry"],"_links":{"self":[{"href":"https:\/\/mol.icb.usp.br\/index.php\/wp-json\/wp\/v2\/pages\/2898"}],"collection":[{"href":"https:\/\/mol.icb.usp.br\/index.php\/wp-json\/wp\/v2\/pages"}],"about":[{"href":"https:\/\/mol.icb.usp.br\/index.php\/wp-json\/wp\/v2\/types\/page"}],"author":[{"embeddable":true,"href":"https:\/\/mol.icb.usp.br\/index.php\/wp-json\/wp\/v2\/users\/2"}],"replies":[{"embeddable":true,"href":"https:\/\/mol.icb.usp.br\/index.php\/wp-json\/wp\/v2\/comments?post=2898"}],"version-history":[{"count":12,"href":"https:\/\/mol.icb.usp.br\/index.php\/wp-json\/wp\/v2\/pages\/2898\/revisions"}],"predecessor-version":[{"id":5736,"href":"https:\/\/mol.icb.usp.br\/index.php\/wp-json\/wp\/v2\/pages\/2898\/revisions\/5736"}],"wp:attachment":[{"href":"https:\/\/mol.icb.usp.br\/index.php\/wp-json\/wp\/v2\/media?parent=2898"}],"curies":[{"name":"wp","href":"https:\/\/api.w.org\/{rel}","templated":true}]}}