{"id":2881,"date":"2017-10-18T18:23:17","date_gmt":"2017-10-18T20:23:17","guid":{"rendered":"http:\/\/mol.icb.usp.br\/?page_id=2881"},"modified":"2018-03-07T15:04:13","modified_gmt":"2018-03-07T18:04:13","slug":"4-31-tecido-conjuntivo","status":"publish","type":"page","link":"https:\/\/mol.icb.usp.br\/index.php\/4-31-tecido-conjuntivo\/","title":{"rendered":"4-31 Tecido conjuntivo"},"content":{"rendered":"<div class=\"su-row\">\n  <div class=\"su-column su-column-size-1-1\"><div class=\"su-column-inner su-u-clearfix su-u-trim\"> <strong>TECIDO CONJUNTIVO PROPRIAMENTE DITO FROUXO &#8211; 1<\/strong> <\/div><\/div>\n<\/div>\n<div class=\"su-row\">\n  <div class=\"su-column su-column-size-1-2\"><div class=\"su-column-inner su-u-clearfix su-u-trim\"> O tecido conjuntivo propriamente dito frouxo se caracteriza por apresentar:<br \/>\nMuitas c\u00e9lulas residentes e transientes de diversos tipos, predominando os fibroblastos<br \/>\nMatriz extracelular &#8211;  relativamente pequena quantidade de fibras col\u00e1genas delgadas e matriz extracelular fundamental (n\u00e3o-fibrilar)<\/p>\n<p>Por n\u00e3o possuir grande quantidade de col\u00e1geno o tecido conjuntivo frouxo n\u00e3o resiste a press\u00f5es mec\u00e2nicas e tra\u00e7\u00f5es intensas. Por outro lado, apresenta grande flexibilidade. \u00c9 encontrado em muitos locais do organismo, sendo as suas fun\u00e7\u00f5es principalmente o suporte de epit\u00e9lios de revestimento e glandulares e a condu\u00e7\u00e3o de vasos e nervos. Nestes locais, permite a movimenta\u00e7\u00e3o restrita de epit\u00e9lios, de modo que estes possam se movimentar sem sofrer rupturas. Al\u00e9m disso, permite com relativa facilidade a difus\u00e3o de l\u00edquidos e gases entre os vasos sangu\u00edneos e as c\u00e9lulas epiteliais. <\/p>\n<p>A imagem \u00e9 do tecido conjuntivo frouxo que preenche as vilosidades do intestino delgado. Estas se movimentam continuamente durante as contra\u00e7\u00f5es intestinais. Este tecido conjuntivo frouxo suporta o epit\u00e9lio das vilosidades, respons\u00e1vel por grande parte da absor\u00e7\u00e3o de nutrientes do l\u00famen intestinal.<br \/>\nObserve o <strong>epit\u00e9lio intestinal do tipo simples colunar<\/strong> e o <strong>tecido conjuntivo frouxo <\/strong>formado por muitas c\u00e9lulas e no qual quase n\u00e3o se observam fibras de col\u00e1geno. <\/p>\n<\/div><\/div>\n  <div class=\"su-column su-column-size-1-2\"><div class=\"su-column-inner su-u-clearfix su-u-trim\"> <\/p>\n<div onclick>\n<div class=\"image-container\">\n<div class=\"extra\">\n<a href=\"javascript:void(0)\"><img decoding=\"async\" src=\" http:\/\/mol.icb.usp.br\/wp-content\/uploads\/4-31.jpg \" onmouseover=\"this.src=' http:\/\/mol.icb.usp.br\/wp-content\/uploads\/4-31MO.jpg'\" onmouseout=\"this.src=' http:\/\/mol.icb.usp.br\/wp-content\/uploads\/4-31.jpg'\" \/><\/a><\/div>\n<p>Vilosidade intestinal &#8211; corte transversal. Colora\u00e7\u00e3o: HE. Aumento: m\u00e9dio.<\/p>\n<p><img decoding=\"async\" src=\"http:\/\/mol.icb.usp.br\/wp-content\/uploads\/mouse-1.gif\"\/><\/a><\/p>\n<p><strong>NAVEGA\u00c7\u00c3O NO MOL:<\/strong><\/p>\n<p><a href=\"http:\/\/mol.icb.usp.br\/index.php\/4-30-tecido-conjuntivo\/\">ACESSAR P\u00c1GINA ANTERIOR<\/a><\/p>\n<p><a href=\"http:\/\/mol.icb.usp.br\/index.php\/4-32-tecido-conjuntivo\/\">ACESSAR P\u00c1GINA SEGUINTE<\/a>\n<\/div>\n<\/div>\n<\/div>\n<p><\/body><br \/>\n<\/html> <\/div><\/div>\n<\/div>\n","protected":false},"excerpt":{"rendered":"","protected":false},"author":2,"featured_media":0,"parent":0,"menu_order":0,"comment_status":"closed","ping_status":"closed","template":"","meta":{"_monsterinsights_skip_tracking":false,"_monsterinsights_sitenote_active":false,"_monsterinsights_sitenote_note":"","_monsterinsights_sitenote_category":0,"footnotes":""},"class_list":["post-2881","page","type-page","status-publish","hentry"],"_links":{"self":[{"href":"https:\/\/mol.icb.usp.br\/index.php\/wp-json\/wp\/v2\/pages\/2881"}],"collection":[{"href":"https:\/\/mol.icb.usp.br\/index.php\/wp-json\/wp\/v2\/pages"}],"about":[{"href":"https:\/\/mol.icb.usp.br\/index.php\/wp-json\/wp\/v2\/types\/page"}],"author":[{"embeddable":true,"href":"https:\/\/mol.icb.usp.br\/index.php\/wp-json\/wp\/v2\/users\/2"}],"replies":[{"embeddable":true,"href":"https:\/\/mol.icb.usp.br\/index.php\/wp-json\/wp\/v2\/comments?post=2881"}],"version-history":[{"count":6,"href":"https:\/\/mol.icb.usp.br\/index.php\/wp-json\/wp\/v2\/pages\/2881\/revisions"}],"predecessor-version":[{"id":5732,"href":"https:\/\/mol.icb.usp.br\/index.php\/wp-json\/wp\/v2\/pages\/2881\/revisions\/5732"}],"wp:attachment":[{"href":"https:\/\/mol.icb.usp.br\/index.php\/wp-json\/wp\/v2\/media?parent=2881"}],"curies":[{"name":"wp","href":"https:\/\/api.w.org\/{rel}","templated":true}]}}