{"id":2834,"date":"2017-09-25T18:15:26","date_gmt":"2017-09-25T21:15:26","guid":{"rendered":"http:\/\/mol.icb.usp.br\/?page_id=2834"},"modified":"2017-10-18T18:12:33","modified_gmt":"2017-10-18T20:12:33","slug":"4-28-tecido-conjuntivo","status":"publish","type":"page","link":"https:\/\/mol.icb.usp.br\/index.php\/4-28-tecido-conjuntivo\/","title":{"rendered":"4-28 Tecido conjuntivo"},"content":{"rendered":"<div class=\"su-row\">\n  <div class=\"su-column su-column-size-1-1\"><div class=\"su-column-inner su-u-clearfix su-u-trim\"> <strong>C\u00c9LULAS TRANSIENTES &#8211; 7 <\/strong><\/div><\/div>\n<\/div>\n<div class=\"su-row\">\n  <div class=\"su-column su-column-size-1-2\"><div class=\"su-column-inner su-u-clearfix su-u-trim\">\n<strong>Eosin\u00f3filos<\/strong><\/p>\n<p>Os eosin\u00f3filos s\u00e3o <strong>leuc\u00f3citos polimorfonucleares<\/strong> que se distinguem por ter um grande n\u00famero de gr\u00e2nulos eosin\u00f3filos no seu citoplasma. Seu n\u00facleo geralmente \u00e9 bi-lobulado.<\/p>\n<p>A imagem mostra eosin\u00f3filos (setas) no tecido conjuntivo subjacente ao epit\u00e9lio de revestimento de um intestino delgado. A maioria dos eosin\u00f3filos t\u00eam dois l\u00f3bulos nucleares. Seu citoplasma \u00e9 totalmente tomado por grandes gr\u00e2nulos eosin\u00f3filos, que lhe conferem cor alaranjada\/avermelhada ap\u00f3s colora\u00e7\u00e3o por HE.<\/p>\n<\/div><\/div>\n  <div class=\"su-column su-column-size-1-2\"><div class=\"su-column-inner su-u-clearfix su-u-trim\"> <\/p>\n<p><img decoding=\"async\" src=\" http:\/\/mol.icb.usp.br\/wp-content\/uploads\/4-28.jpg \" \/><\/a><\/p>\n<p>Intestino delgado. Colora\u00e7\u00e3o: HE. Aumento: grande.<\/p>\n<p><strong>NAVEGA\u00c7\u00c3O NO MOL:<\/strong><\/p>\n<p><a href=\"http:\/\/mol.icb.usp.br\/index.php\/4-27-tecido-conjuntivo\/\">ACESSAR P\u00c1GINA ANTERIOR<\/a><\/p>\n<p><a href=\"http:\/\/mol.icb.usp.br\/index.php\/4-29-tecido-conjuntivo\/\">ACESSAR P\u00c1GINA SEGUINTE<\/a><br \/>\n<\/div><\/div>\n<\/div>\n","protected":false},"excerpt":{"rendered":"","protected":false},"author":2,"featured_media":0,"parent":0,"menu_order":0,"comment_status":"closed","ping_status":"closed","template":"","meta":{"_monsterinsights_skip_tracking":false,"_monsterinsights_sitenote_active":false,"_monsterinsights_sitenote_note":"","_monsterinsights_sitenote_category":0,"footnotes":""},"class_list":["post-2834","page","type-page","status-publish","hentry"],"_links":{"self":[{"href":"https:\/\/mol.icb.usp.br\/index.php\/wp-json\/wp\/v2\/pages\/2834"}],"collection":[{"href":"https:\/\/mol.icb.usp.br\/index.php\/wp-json\/wp\/v2\/pages"}],"about":[{"href":"https:\/\/mol.icb.usp.br\/index.php\/wp-json\/wp\/v2\/types\/page"}],"author":[{"embeddable":true,"href":"https:\/\/mol.icb.usp.br\/index.php\/wp-json\/wp\/v2\/users\/2"}],"replies":[{"embeddable":true,"href":"https:\/\/mol.icb.usp.br\/index.php\/wp-json\/wp\/v2\/comments?post=2834"}],"version-history":[{"count":2,"href":"https:\/\/mol.icb.usp.br\/index.php\/wp-json\/wp\/v2\/pages\/2834\/revisions"}],"predecessor-version":[{"id":2866,"href":"https:\/\/mol.icb.usp.br\/index.php\/wp-json\/wp\/v2\/pages\/2834\/revisions\/2866"}],"wp:attachment":[{"href":"https:\/\/mol.icb.usp.br\/index.php\/wp-json\/wp\/v2\/media?parent=2834"}],"curies":[{"name":"wp","href":"https:\/\/api.w.org\/{rel}","templated":true}]}}