{"id":2820,"date":"2017-09-25T17:58:44","date_gmt":"2017-09-25T20:58:44","guid":{"rendered":"http:\/\/mol.icb.usp.br\/?page_id=2820"},"modified":"2018-03-07T14:57:50","modified_gmt":"2018-03-07T17:57:50","slug":"4-27-tecido-conjuntivo","status":"publish","type":"page","link":"https:\/\/mol.icb.usp.br\/index.php\/4-27-tecido-conjuntivo\/","title":{"rendered":"4-27 Tecido conjuntivo"},"content":{"rendered":"<div class=\"su-row\">\n  <div class=\"su-column su-column-size-1-1\"><div class=\"su-column-inner su-u-clearfix su-u-trim\"> <strong>C\u00c9LULAS TRANSIENTES &#8211; 6<\/strong> <\/div><\/div>\n<\/div>\n<div class=\"su-row\">\n  <div class=\"su-column su-column-size-1-2\"><div class=\"su-column-inner su-u-clearfix su-u-trim\"> <strong>Neutr\u00f3filos<\/strong><br \/>\nNa figura h\u00e1 v\u00e1rios <strong>neutr\u00f3filos segmentados<\/strong>. S\u00e3o destacados em vermelho ao colocar o cursor ou clicar sobre a imagem.<br \/>\nS\u00e3o c\u00e9lulas relativamente pequenas, um pouco maior que as hem\u00e1cias. Seu citoplasma \u00e9 pouco corado. Seu n\u00facleo \u00e9 lobulado. Repare nos pequenos l\u00f3bulos de seu n\u00facleo, fato que permite o diagn\u00f3stico destas c\u00e9lulas.<br \/>\nH\u00e1 na figura uma forma de <strong>neutr\u00f3filo em bastonete<\/strong> cujo n\u00facleo tem a forma de uma letra C. \u00c9 destacada em p\u00farpura ap\u00f3s clicar na imagem ou colocar o cursor.<br \/>\n<strong>Plasm\u00f3citos<\/strong> ficam destacados em verde e <strong>linf\u00f3citos<\/strong> em azul. O plasm\u00f3cito apontado com seta exibe um t\u00edpico n\u00facleo com grumos de cromatina &#8220;em roda de carro\u00e7a&#8221; e no citoplasma uma regi\u00e3o menos corada correspondente ao complexo de Golgi.<\/p>\n<\/div><\/div>\n  <div class=\"su-column su-column-size-1-2\"><div class=\"su-column-inner su-u-clearfix su-u-trim\"> <\/p>\n<div onclick>\n<div class=\"image-container\">\n<div class=\"extra\">\n<a href=\"javascript:void(0)\"><img decoding=\"async\" src=\" http:\/\/mol.icb.usp.br\/wp-content\/uploads\/4-27.jpg \" onmouseover=\"this.src=' http:\/\/mol.icb.usp.br\/wp-content\/uploads\/4-27MO.jpg'\" onmouseout=\"this.src=' http:\/\/mol.icb.usp.br\/wp-content\/uploads\/4-27.jpg'\" \/><\/a><\/div>\n<p>Infiltrado inflamat\u00f3rio. Colora\u00e7\u00e3o: HE. Aumento: grande.<\/p>\n<p><img decoding=\"async\" src=\"http:\/\/mol.icb.usp.br\/wp-content\/uploads\/mouse-1.gif\"\/><\/a><\/p>\n<p><strong>NAVEGA\u00c7\u00c3O NO MOL:<\/strong><\/p>\n<p><a href=\"http:\/\/mol.icb.usp.br\/index.php\/4-26-tecido-conjuntivo\/\">ACESSAR P\u00c1GINA ANTERIOR<\/a><\/p>\n<p><a href=\"http:\/\/mol.icb.usp.br\/index.php\/4-28-tecido-conjuntivo\/\">ACESSAR P\u00c1GINA SEGUINTE<\/a>\n<\/div>\n<\/div>\n<\/div>\n<p><\/body><br \/>\n<\/html> <\/div><\/div>\n<\/div>\n","protected":false},"excerpt":{"rendered":"","protected":false},"author":2,"featured_media":0,"parent":0,"menu_order":0,"comment_status":"closed","ping_status":"closed","template":"","meta":{"_monsterinsights_skip_tracking":false,"_monsterinsights_sitenote_active":false,"_monsterinsights_sitenote_note":"","_monsterinsights_sitenote_category":0,"footnotes":""},"class_list":["post-2820","page","type-page","status-publish","hentry"],"_links":{"self":[{"href":"https:\/\/mol.icb.usp.br\/index.php\/wp-json\/wp\/v2\/pages\/2820"}],"collection":[{"href":"https:\/\/mol.icb.usp.br\/index.php\/wp-json\/wp\/v2\/pages"}],"about":[{"href":"https:\/\/mol.icb.usp.br\/index.php\/wp-json\/wp\/v2\/types\/page"}],"author":[{"embeddable":true,"href":"https:\/\/mol.icb.usp.br\/index.php\/wp-json\/wp\/v2\/users\/2"}],"replies":[{"embeddable":true,"href":"https:\/\/mol.icb.usp.br\/index.php\/wp-json\/wp\/v2\/comments?post=2820"}],"version-history":[{"count":7,"href":"https:\/\/mol.icb.usp.br\/index.php\/wp-json\/wp\/v2\/pages\/2820\/revisions"}],"predecessor-version":[{"id":5726,"href":"https:\/\/mol.icb.usp.br\/index.php\/wp-json\/wp\/v2\/pages\/2820\/revisions\/5726"}],"wp:attachment":[{"href":"https:\/\/mol.icb.usp.br\/index.php\/wp-json\/wp\/v2\/media?parent=2820"}],"curies":[{"name":"wp","href":"https:\/\/api.w.org\/{rel}","templated":true}]}}