{"id":2812,"date":"2017-09-25T15:23:29","date_gmt":"2017-09-25T18:23:29","guid":{"rendered":"http:\/\/mol.icb.usp.br\/?page_id=2812"},"modified":"2018-03-07T14:55:38","modified_gmt":"2018-03-07T17:55:38","slug":"4-26-tecido-conjuntivo","status":"publish","type":"page","link":"https:\/\/mol.icb.usp.br\/index.php\/4-26-tecido-conjuntivo\/","title":{"rendered":"4-26 Tecido conjuntivo"},"content":{"rendered":"<div class=\"su-row\">\n  <div class=\"su-column su-column-size-1-1\"><div class=\"su-column-inner su-u-clearfix su-u-trim\"> <strong>C\u00c9LULAS TRANSIENTES \u2013 5 <\/strong> <\/div><\/div>\n<\/div>\n<div class=\"su-row\">\n  <div class=\"su-column su-column-size-1-2\"><div class=\"su-column-inner su-u-clearfix su-u-trim\"> <strong>Neutr\u00f3filos<\/strong><\/p>\n<p>Em uma pessoa sadia, os neutr\u00f3filos s\u00e3o as c\u00e9lulas mais numerosas dentre o grupo dos leuc\u00f3citos ou gl\u00f3bulos brancos do sangue. S\u00e3o sempre encontrados em pequenos n\u00fameros no tecido conjuntivo e sua vida neste tecido costuma ser curta (cerca de 12 h), sendo constantemente substitu\u00eddos por novos neutr\u00f3filos vindos da circula\u00e7\u00e3o.<br \/>\nOs neutr\u00f3filos formados na medula hematopoi\u00e9tica passam por v\u00e1rias etapas durante o seu desenvolvimento a partir de c\u00e9lulas precursoras. Em uma das \u00faltimas etapas aparece a chamada <strong>forma em bastonete<\/strong>, na qual o n\u00facleo, anteriormente esf\u00e9rico, passa a exibir uma forma semelhante \u00e0 de uma <strong>letra C<\/strong>.<br \/>\nA maioria das c\u00e9lulas neste est\u00e1gio continua seu desenvolvimento e um dos fatos mais not\u00e1veis da  etapa final de matura\u00e7\u00e3o \u00e9 o aparecimento de l\u00f3bulos nucleares, isto \u00e9, o material nuclear que antes estava sob forma de uma letra C passa a constituir duas ou mais por\u00e7\u00f5es unidas por delgadas pontes ou filamentos de cromatina. Cada um destes fragmentos \u00e9 um <strong>l\u00f3bulo nuclear<\/strong>. As c\u00e9lulas com este formato de n\u00facleo s\u00e3o denominadas <strong>segmentados<\/strong> e s\u00e3o a forma predominante no sangue circulante. Formas em bastonete tamb\u00e9m costumam existir no sangue circulante normal em pequeno n\u00famero.<br \/>\nAo colocar o cursor ou clicar sobre a figura observe:<br \/>\n<strong>Neutr\u00f3filos segmentados<\/strong> \u2013 em vermelho.  A melhor maneira de reconhecer e diagnosticar neutr\u00f3filos \u00e9 observar as pequenas por\u00e7\u00f5es de cromatina agrupadas no citoplasma e que constituem os l\u00f3bulos nucleares. Seu citoplasma \u00e9 pouco corado.<br \/>\n<strong>Plasm\u00f3citos<\/strong> \u2013 em verde. C\u00e9lulas ovaladas, n\u00facleos exc\u00eantricos com grumos de cromatina, citoplasma bas\u00f3filo.<br \/>\nC\u00e9lulas com caracter\u00edsticas morfol\u00f3gicas de <strong>macr\u00f3fagos<\/strong> \u2013 em azul. S\u00e3o c\u00e9lulas grandes, n\u00facleo esf\u00e9rico, citoplasma um pouco \u201cespumoso.\u201d<\/p>\n<\/div><\/div>\n  <div class=\"su-column su-column-size-1-2\"><div class=\"su-column-inner su-u-clearfix su-u-trim\"> <\/p>\n<div onclick>\n<div class=\"image-container\">\n<div class=\"extra\">\n<a href=\"javascript:void(0)\"><img decoding=\"async\" src=\" http:\/\/mol.icb.usp.br\/wp-content\/uploads\/4-26.jpg \" onmouseover=\"this.src=' http:\/\/mol.icb.usp.br\/wp-content\/uploads\/4-26MO.jpg'\" onmouseout=\"this.src=' http:\/\/mol.icb.usp.br\/wp-content\/uploads\/4-26.jpg'\" \/><\/a><\/div>\n<p>Infiltrado inflamat\u00f3rio. Colora\u00e7\u00e3o: HE. Aumento:  grande.<\/p>\n<p><img decoding=\"async\" src=\"http:\/\/mol.icb.usp.br\/wp-content\/uploads\/mouse-1.gif\"\/><\/a><\/p>\n<p><strong>NAVEGA\u00c7\u00c3O NO MOL:<\/strong><\/p>\n<p><a href=\"http:\/\/mol.icb.usp.br\/index.php\/4-25-tecido-conjuntivo\/\">ACESSAR P\u00c1GINA ANTERIOR<\/a><\/p>\n<p><a href=\"http:\/\/mol.icb.usp.br\/index.php\/4-27-tecido-conjuntivo\/\">ACESSAR P\u00c1GINA SEGUINTE<\/a>\n<\/div>\n<\/div>\n<\/div>\n<p><\/body><br \/>\n<\/html> <\/div><\/div>\n<\/div>\n","protected":false},"excerpt":{"rendered":"","protected":false},"author":2,"featured_media":0,"parent":0,"menu_order":0,"comment_status":"closed","ping_status":"closed","template":"","meta":{"_monsterinsights_skip_tracking":false,"_monsterinsights_sitenote_active":false,"_monsterinsights_sitenote_note":"","_monsterinsights_sitenote_category":0,"footnotes":""},"class_list":["post-2812","page","type-page","status-publish","hentry"],"_links":{"self":[{"href":"https:\/\/mol.icb.usp.br\/index.php\/wp-json\/wp\/v2\/pages\/2812"}],"collection":[{"href":"https:\/\/mol.icb.usp.br\/index.php\/wp-json\/wp\/v2\/pages"}],"about":[{"href":"https:\/\/mol.icb.usp.br\/index.php\/wp-json\/wp\/v2\/types\/page"}],"author":[{"embeddable":true,"href":"https:\/\/mol.icb.usp.br\/index.php\/wp-json\/wp\/v2\/users\/2"}],"replies":[{"embeddable":true,"href":"https:\/\/mol.icb.usp.br\/index.php\/wp-json\/wp\/v2\/comments?post=2812"}],"version-history":[{"count":9,"href":"https:\/\/mol.icb.usp.br\/index.php\/wp-json\/wp\/v2\/pages\/2812\/revisions"}],"predecessor-version":[{"id":5724,"href":"https:\/\/mol.icb.usp.br\/index.php\/wp-json\/wp\/v2\/pages\/2812\/revisions\/5724"}],"wp:attachment":[{"href":"https:\/\/mol.icb.usp.br\/index.php\/wp-json\/wp\/v2\/media?parent=2812"}],"curies":[{"name":"wp","href":"https:\/\/api.w.org\/{rel}","templated":true}]}}