{"id":2789,"date":"2017-09-21T22:02:21","date_gmt":"2017-09-22T01:02:21","guid":{"rendered":"http:\/\/mol.icb.usp.br\/?page_id=2789"},"modified":"2018-03-07T14:44:52","modified_gmt":"2018-03-07T17:44:52","slug":"4-24-tecido-conjuntivo","status":"publish","type":"page","link":"https:\/\/mol.icb.usp.br\/index.php\/4-24-tecido-conjuntivo\/","title":{"rendered":"4-24 Tecido conjuntivo"},"content":{"rendered":"<div class=\"su-row\">\n  <div class=\"su-column su-column-size-1-1\"><div class=\"su-column-inner su-u-clearfix su-u-trim\"> <strong>C\u00c9LULAS TRANSIENTES -3<\/strong> <\/div><\/div>\n<\/div>\n<div class=\"su-row\">\n  <div class=\"su-column su-column-size-1-2\"><div class=\"su-column-inner su-u-clearfix su-u-trim\"> <strong>Linf\u00f3citos<\/strong><\/p>\n<p>Os linf\u00f3citos s\u00e3o <strong>leuc\u00f3citos mononucleares<\/strong>, isto \u00e9, seu n\u00facleo n\u00e3o se torna lobulado durante sua matura\u00e7\u00e3o.<br \/>\nNo sangue constituem o grupo mais numeroso de leuc\u00f3citos, ap\u00f3s os neutr\u00f3filos. Os v\u00e1rios subtipos de linf\u00f3citos s\u00e3o respons\u00e1veis pelo reconhecimento espec\u00edfico de ant\u00edgenos, pela produ\u00e7\u00e3o de imunoglobulinas (anticorpos)  e pelo desencadeamento e controle de respostas imunit\u00e1rias.<br \/>\nH\u00e1 v\u00e1rios tipos de linf\u00f3citos, mas estes tipos n\u00e3o s\u00e3o distingu\u00edveis em cortes histol\u00f3gicos rotineiros. Podem ser reconhecidos por t\u00e9cnicas de imunocitoqu\u00edmica que revelam prote\u00ednas marcadoras  destas c\u00e9lulas.<br \/>\nOs linf\u00f3citos s\u00e3o c\u00e9lulas esf\u00e9ricas, em geral pequenas (cerca de 7 \u00b5m de di\u00e2metro), portanto de di\u00e2metro semelhante ao de uma hem\u00e1cia. Seu n\u00facleo \u00e9 esf\u00e9rico e ocupa a maior parte da c\u00e9lula, que possui apenas uma delgada camada de citoplasma em torno do n\u00facleo. Por esta raz\u00e3o, os linf\u00f3citos s\u00e3o  quase sempre reconhecidos pelos seus n\u00facleos. <\/p>\n<p>Nas figuras superiores h\u00e1 v\u00e1rios linf\u00f3citos cujos n\u00facleos est\u00e3o destacados em vermelho. Em geral s\u00f3 se pode observar seus n\u00facleos. Em alguns linf\u00f3citos \u00e9 poss\u00edvel observar um delgado citoplasma, destacado em verde. Veja tamb\u00e9m linf\u00f3citos apontados na figura inferior.<br \/>\nMais linf\u00f3citos podem ser observados clicando em: <a href=\"http:\/\/mol.icb.usp.br\/index.php\/12-14-orgaos-linfoides\/\" rel=\"noopener\" target=\"_blank\">p\u00e1gina 12-14<\/a> e <a href=\"http:\/\/mol.icb.usp.br\/index.php\/12-15-orgaos-linfoides\/\" rel=\"noopener\" target=\"_blank\">p\u00e1gina 12-15<\/a>.  <\/p>\n<\/div><\/div>\n  <div class=\"su-column su-column-size-1-2\"><div class=\"su-column-inner su-u-clearfix su-u-trim\"> <\/p>\n<div onclick>\n<div class=\"image-container\">\n<div class=\"extra\">\n<a href=\"javascript:void(0)\"><img decoding=\"async\" src=\" http:\/\/mol.icb.usp.br\/wp-content\/uploads\/4-24A.jpg \" onmouseover=\"this.src=' http:\/\/mol.icb.usp.br\/wp-content\/uploads\/4-24AMO.jpg'\" onmouseout=\"this.src=' http:\/\/mol.icb.usp.br\/wp-content\/uploads\/4-24A.jpg'\" \/><\/a><\/div>\n<p>Infiltrado inflamat\u00f3rio. Colora\u00e7\u00e3o: HE. Aumento: m\u00e9dio.<\/p>\n<p><img decoding=\"async\" src=\"http:\/\/mol.icb.usp.br\/wp-content\/uploads\/mouse-1.gif\"\/><\/a><\/p>\n<p><img decoding=\"async\" src=\" http:\/\/mol.icb.usp.br\/wp-content\/uploads\/4-24B.jpg \" \/><\/a><\/p>\n<p>Tecido conjuntivo. Colora\u00e7\u00e3o: HE. Aumento: grande.<\/p>\n<div onclick=\"\"><strong>Tablets e telefones celulares:<\/strong> <\/p>\n<p><strong>NAVEGA\u00c7\u00c3O NO MOL:<\/strong><\/p>\n<p><a href=\"http:\/\/mol.icb.usp.br\/index.php\/4-23-tecido-conjuntivo\/\">ACESSAR P\u00c1GINA ANTERIOR<\/a><\/p>\n<p><a href=\"http:\/\/mol.icb.usp.br\/index.php\/4-25-tecido-conjuntivo\/\">ACESSAR P\u00c1GINA SEGUINTE<\/a>\n<\/div>\n<\/div>\n<\/div>\n<p><\/body><br \/>\n<\/html> <\/div><\/div>\n<\/div>\n","protected":false},"excerpt":{"rendered":"","protected":false},"author":2,"featured_media":0,"parent":0,"menu_order":0,"comment_status":"closed","ping_status":"closed","template":"","meta":{"_monsterinsights_skip_tracking":false,"_monsterinsights_sitenote_active":false,"_monsterinsights_sitenote_note":"","_monsterinsights_sitenote_category":0,"footnotes":""},"class_list":["post-2789","page","type-page","status-publish","hentry"],"_links":{"self":[{"href":"https:\/\/mol.icb.usp.br\/index.php\/wp-json\/wp\/v2\/pages\/2789"}],"collection":[{"href":"https:\/\/mol.icb.usp.br\/index.php\/wp-json\/wp\/v2\/pages"}],"about":[{"href":"https:\/\/mol.icb.usp.br\/index.php\/wp-json\/wp\/v2\/types\/page"}],"author":[{"embeddable":true,"href":"https:\/\/mol.icb.usp.br\/index.php\/wp-json\/wp\/v2\/users\/2"}],"replies":[{"embeddable":true,"href":"https:\/\/mol.icb.usp.br\/index.php\/wp-json\/wp\/v2\/comments?post=2789"}],"version-history":[{"count":12,"href":"https:\/\/mol.icb.usp.br\/index.php\/wp-json\/wp\/v2\/pages\/2789\/revisions"}],"predecessor-version":[{"id":5716,"href":"https:\/\/mol.icb.usp.br\/index.php\/wp-json\/wp\/v2\/pages\/2789\/revisions\/5716"}],"wp:attachment":[{"href":"https:\/\/mol.icb.usp.br\/index.php\/wp-json\/wp\/v2\/media?parent=2789"}],"curies":[{"name":"wp","href":"https:\/\/api.w.org\/{rel}","templated":true}]}}