{"id":2776,"date":"2017-09-19T18:05:28","date_gmt":"2017-09-19T21:05:28","guid":{"rendered":"http:\/\/mol.icb.usp.br\/?page_id=2776"},"modified":"2018-03-07T14:39:22","modified_gmt":"2018-03-07T17:39:22","slug":"4-23-tecido-conjuntivo","status":"publish","type":"page","link":"https:\/\/mol.icb.usp.br\/index.php\/4-23-tecido-conjuntivo\/","title":{"rendered":"4-23 Tecido conjuntivo"},"content":{"rendered":"<div class=\"su-row\">\n  <div class=\"su-column su-column-size-1-1\"><div class=\"su-column-inner su-u-clearfix su-u-trim\"> <strong>C\u00c9LULAS TRANSIENTES DO TECIDO CONJUNTIVO &#8211; 2<\/p>\n<p>Infiltrado inflamat\u00f3rio<\/strong><br \/>\n <\/div><\/div>\n<\/div>\n<div class=\"su-row\">\n  <div class=\"su-column su-column-size-1-2\"><div class=\"su-column-inner su-u-clearfix su-u-trim\"> O tecido conjuntivo \u00e9 a principal sede de rea\u00e7\u00f5es inflamat\u00f3rias no organismo.<br \/>\nA quantidade de c\u00e9lulas transientes aumenta muito quando h\u00e1 uma inflama\u00e7\u00e3o local. Neste caso, sinais qu\u00edmicos emitidos por microorganismos mortos e por c\u00e9lulas locais, principalmente macr\u00f3fagos, neutr\u00f3filos e eosin\u00f3filos, atraem leuc\u00f3citos para esta regi\u00e3o. Uma grande quantidade de leuc\u00f3citos acumulados em um local de resposta inflamat\u00f3ria recebe o nome de <strong>infiltrado inflamat\u00f3rio<\/strong>.<br \/>\nOs tipos de c\u00e9lulas presentes em um infiltrado inflamat\u00f3rio variam bastante, dependendo principalmente de:<br \/>\n1 &#8211; o agente que inicialmente provocou esta rea\u00e7\u00e3o. A popula\u00e7\u00e3o celular pode ser muito diferente se a rea\u00e7\u00e3o \u00e9 contra uma bact\u00e9ria, um protozo\u00e1rio ou um agente f\u00edsico (por exemplo uma irradia\u00e7\u00e3o de calor, isto \u00e9, uma queimadura).<br \/>\n2 &#8211; o momento em que a rea\u00e7\u00e3o inflamat\u00f3ria for observada. Por exemplo, ap\u00f3s uma infec\u00e7\u00e3o bacteriana h\u00e1 inicialmente uma resposta imediata, aguda, que consiste principalmente de neutr\u00f3filos e talvez eosin\u00f3filos. Em uma fase mais tardia, aparecem muitos linf\u00f3citos e plasm\u00f3citos, al\u00e9m de macr\u00f3fagos. Mais adiante ainda podem persistir somente estas \u00faltimas c\u00e9lulas sem a presen\u00e7a de neutr\u00f3filos e eosin\u00f3filos.<\/p>\n<p>A imagem mostra um tecido conjuntivo situado abaixo de um epit\u00e9lio estratificado pavimentoso. Observe que neste tecido conjuntivo h\u00e1 um grande ac\u00famulo de c\u00e9lulas que em aumento maior se verifica serem leuc\u00f3citos. \u00c9 o tipo de ac\u00famulo localizado e anormal de leuc\u00f3citos denominado <strong>infiltrado inflamat\u00f3rio<\/strong>. Os infiltrados inflamat\u00f3rios s\u00e3o locais muito did\u00e1ticos para se observar as c\u00e9lulas transientes do tecido conjuntivo, que ser\u00e3o vistas nas pr\u00f3ximas p\u00e1ginas desta s\u00e9rie.<\/p>\n<\/div><\/div>\n  <div class=\"su-column su-column-size-1-2\"><div class=\"su-column-inner su-u-clearfix su-u-trim\"> <\/p>\n<div onclick>\n<div class=\"image-container\">\n<div class=\"extra\">\n<a href=\"javascript:void(0)\"><img decoding=\"async\" src=\" http:\/\/mol.icb.usp.br\/wp-content\/uploads\/4-23.jpg \" onmouseover=\"this.src=' http:\/\/mol.icb.usp.br\/wp-content\/uploads\/4-23MO.jpg'\" onmouseout=\"this.src=' http:\/\/mol.icb.usp.br\/wp-content\/uploads\/4-23.jpg'\" \/><\/a><\/div>\n<p>Infiltrado inflamat\u00f3rio. Colora\u00e7\u00e3o: HE. Aumento: pequeno.<\/p>\n<p><img decoding=\"async\" src=\"http:\/\/mol.icb.usp.br\/wp-content\/uploads\/mouse-1.gif\"\/><\/a><\/p>\n<div onclick=\"\"><strong>Tablets e telefones celulares:<\/strong> <\/p>\n<p><strong>NAVEGA\u00c7\u00c3O NO MOL:<\/strong><\/p>\n<p><a href=\"http:\/\/mol.icb.usp.br\/index.php\/4-22-tecido-conjuntivo\/\">ACESSAR P\u00c1GINA ANTERIOR<\/a><\/p>\n<p><a href=\"http:\/\/mol.icb.usp.br\/index.php\/4-24-tecido-conjuntivo\/\">ACESSAR P\u00c1GINA SEGUINTE<\/a>\n<\/div>\n<\/div>\n<\/div>\n<p><\/body><br \/>\n<\/html> <\/div><\/div>\n<\/div>\n","protected":false},"excerpt":{"rendered":"","protected":false},"author":2,"featured_media":0,"parent":0,"menu_order":0,"comment_status":"closed","ping_status":"closed","template":"","meta":{"_monsterinsights_skip_tracking":false,"_monsterinsights_sitenote_active":false,"_monsterinsights_sitenote_note":"","_monsterinsights_sitenote_category":0,"footnotes":""},"class_list":["post-2776","page","type-page","status-publish","hentry"],"_links":{"self":[{"href":"https:\/\/mol.icb.usp.br\/index.php\/wp-json\/wp\/v2\/pages\/2776"}],"collection":[{"href":"https:\/\/mol.icb.usp.br\/index.php\/wp-json\/wp\/v2\/pages"}],"about":[{"href":"https:\/\/mol.icb.usp.br\/index.php\/wp-json\/wp\/v2\/types\/page"}],"author":[{"embeddable":true,"href":"https:\/\/mol.icb.usp.br\/index.php\/wp-json\/wp\/v2\/users\/2"}],"replies":[{"embeddable":true,"href":"https:\/\/mol.icb.usp.br\/index.php\/wp-json\/wp\/v2\/comments?post=2776"}],"version-history":[{"count":4,"href":"https:\/\/mol.icb.usp.br\/index.php\/wp-json\/wp\/v2\/pages\/2776\/revisions"}],"predecessor-version":[{"id":5713,"href":"https:\/\/mol.icb.usp.br\/index.php\/wp-json\/wp\/v2\/pages\/2776\/revisions\/5713"}],"wp:attachment":[{"href":"https:\/\/mol.icb.usp.br\/index.php\/wp-json\/wp\/v2\/media?parent=2776"}],"curies":[{"name":"wp","href":"https:\/\/api.w.org\/{rel}","templated":true}]}}